{"id":121322,"date":"2025-03-31T13:24:11","date_gmt":"2025-03-31T10:24:11","guid":{"rendered":"https:\/\/shop.rettum.ee\/toode\/235-45r18-goodyear-eagle-f1-asymmetric-6-98y-xl-ro-aab70\/"},"modified":"2026-03-22T03:01:36","modified_gmt":"2026-03-22T01:01:36","slug":"235-45r18-goodyear-eagle-f1-asymmetric-6-98y-xl-ro-aab70","status":"publish","type":"product","link":"https:\/\/shop.rettum.ee\/en\/product\/235-45r18-goodyear-eagle-f1-asymmetric-6-98y-xl-ro-aab70\/","title":{"rendered":"235\/45R18 GOODYEAR EAGLE F1 ASYMMETRIC 6 98Y XL RO AAB70"},"content":{"rendered":"<p>Goodyear Eagle F1 Asymmetric 6 on tipptasemel rehvikomplekt, mis on m\u00f5eldud sportlikuks ja d\u00fcnaamiliseks s\u00f5iduks. Rehvi m\u00f5\u00f5tmed 235\/45R18 annavad kindla ja t\u00e4pse juhitavuse, samas kui unikaalne as\u00fcmmeetriline kulumismuster tagab optimaalse kontakti tihedusega teepinna ja rehvi vahel nii kuivadel kui ka m\u00e4rgadel tingimustel. <\/p>\n<p>98Y kiirusindeks koos XL kandev\u00f5imega v\u00f5imaldab ohutut s\u00f5itu ka k\u00f5rgetel kiirustel, pakkudes t\u00e4iendavat stabiilsust ja turvalisust. Rehvi RO ja AAB70 koodid kinnitavad selle kvaliteeti ning angsta\u00f5ikust, mida Goodyear pidevalt arendab ja t\u00e4iustab.<\/p>\n<p>See rehvikomplekt on ideaalne neile, kes hindavad sportlikku s\u00f5idukogemust ilma kompromissideta ohutuse ja vastupidavuse osas. Investeeri Goodyear Eagle F1 Asymmetric 6 rehvidele ja naudi usaldusv\u00e4\u00e4rset ja adrenaliinirohket s\u00f5iduplaane k\u00f5ikjal, kus su teel polekski kompromisse.<\/p>","protected":false},"excerpt":{"rendered":"<p>Goodyear Eagle F1 Asymmetric 6 on tipptasemel rehvikomplekt, mis on m\u00f5eldud sportlikuks ja d\u00fcnaamiliseks s\u00f5iduks. Rehvi m\u00f5\u00f5tmed 235\/45R18 annavad kindla ja t\u00e4pse juhitavuse, samas kui unikaalne as\u00fcmmeetriline kulumismuster tagab optimaalse kontakti tihedusega teepinna ja rehvi vahel nii kuivadel kui ka m\u00e4rgadel tingimustel. 98Y kiirusindeks koos XL kandev\u00f5imega v\u00f5imaldab ohutut s\u00f5itu ka k\u00f5rgetel kiirustel, pakkudes t\u00e4iendavat [&hellip;]<\/p>\n","protected":false},"featured_media":122075,"template":"","meta":{"site-sidebar-layout":"default","site-content-layout":"","ast-site-content-layout":"","site-content-style":"default","site-sidebar-style":"default","ast-global-header-display":"","ast-banner-title-visibility":"","ast-main-header-display":"","ast-hfb-above-header-display":"","ast-hfb-below-header-display":"","ast-hfb-mobile-header-display":"","site-post-title":"","ast-breadcrumbs-content":"","ast-featured-img":"","footer-sml-layout":"","theme-transparent-header-meta":"","adv-header-id-meta":"","stick-header-meta":"","header-above-stick-meta":"","header-main-stick-meta":"","header-below-stick-meta":"","astra-migrate-meta-layouts":"default","ast-page-background-enabled":"default","ast-page-background-meta":{"desktop":{"background-color":"","background-image":"","background-repeat":"repeat","background-position":"center center","background-size":"auto","background-attachment":"scroll","background-type":"","background-media":"","overlay-type":"","overlay-color":"","overlay-opacity":"","overlay-gradient":""},"tablet":{"background-color":"","background-image":"","background-repeat":"repeat","background-position":"center center","background-size":"auto","background-attachment":"scroll","background-type":"","background-media":"","overlay-type":"","overlay-color":"","overlay-opacity":"","overlay-gradient":""},"mobile":{"background-color":"","background-image":"","background-repeat":"repeat","background-position":"center center","background-size":"auto","background-attachment":"scroll","background-type":"","background-media":"","overlay-type":"","overlay-color":"","overlay-opacity":"","overlay-gradient":""}},"ast-content-background-meta":{"desktop":{"background-color":"var(--ast-global-color-5)","background-image":"","background-repeat":"repeat","background-position":"center center","background-size":"auto","background-attachment":"scroll","background-type":"","background-media":"","overlay-type":"","overlay-color":"","overlay-opacity":"","overlay-gradient":""},"tablet":{"background-color":"var(--ast-global-color-5)","background-image":"","background-repeat":"repeat","background-position":"center center","background-size":"auto","background-attachment":"scroll","background-type":"","background-media":"","overlay-type":"","overlay-color":"","overlay-opacity":"","overlay-gradient":""},"mobile":{"background-color":"var(--ast-global-color-5)","background-image":"","background-repeat":"repeat","background-position":"center center","background-size":"auto","background-attachment":"scroll","background-type":"","background-media":"","overlay-type":"","overlay-color":"","overlay-opacity":"","overlay-gradient":""}}},"product_brand":[],"product_cat":[34225],"product_tag":[],"pa_brand_name":[17979],"class_list":{"0":"post-121322","1":"product","2":"type-product","3":"status-publish","4":"has-post-thumbnail","6":"product_cat-summer-tires-pv","7":"pa_brand_name-goodyear","8":"desktop-align-left","9":"tablet-align-left","10":"mobile-align-left","12":"first","13":"outofstock","14":"taxable","15":"shipping-taxable","16":"purchasable","17":"product-type-simple"},"_links":{"self":[{"href":"https:\/\/shop.rettum.ee\/en\/wp-json\/wp\/v2\/product\/121322","targetHints":{"allow":["GET"]}}],"collection":[{"href":"https:\/\/shop.rettum.ee\/en\/wp-json\/wp\/v2\/product"}],"about":[{"href":"https:\/\/shop.rettum.ee\/en\/wp-json\/wp\/v2\/types\/product"}],"version-history":[{"count":1,"href":"https:\/\/shop.rettum.ee\/en\/wp-json\/wp\/v2\/product\/121322\/revisions"}],"predecessor-version":[{"id":125328,"href":"https:\/\/shop.rettum.ee\/en\/wp-json\/wp\/v2\/product\/121322\/revisions\/125328"}],"wp:featuredmedia":[{"embeddable":true,"href":"https:\/\/shop.rettum.ee\/en\/wp-json\/wp\/v2\/media\/122075"}],"wp:attachment":[{"href":"https:\/\/shop.rettum.ee\/en\/wp-json\/wp\/v2\/media?parent=121322"}],"wp:term":[{"taxonomy":"product_brand","embeddable":true,"href":"https:\/\/shop.rettum.ee\/en\/wp-json\/wp\/v2\/product_brand?post=121322"},{"taxonomy":"product_cat","embeddable":true,"href":"https:\/\/shop.rettum.ee\/en\/wp-json\/wp\/v2\/product_cat?post=121322"},{"taxonomy":"product_tag","embeddable":true,"href":"https:\/\/shop.rettum.ee\/en\/wp-json\/wp\/v2\/product_tag?post=121322"},{"taxonomy":"pa_brand_name","embeddable":true,"href":"https:\/\/shop.rettum.ee\/en\/wp-json\/wp\/v2\/pa_brand_name?post=121322"}],"curies":[{"name":"wp","href":"https:\/\/api.w.org\/{rel}","templated":true}]}}