{"id":121324,"date":"2025-03-31T13:24:12","date_gmt":"2025-03-31T10:24:12","guid":{"rendered":"https:\/\/shop.rettum.ee\/toode\/245-35r18-michelin-pilot-sport-4-s-92y-xl-rp-cab71\/"},"modified":"2026-03-05T02:45:57","modified_gmt":"2026-03-05T00:45:57","slug":"245-35r18-michelin-pilot-sport-4-s-92y-xl-rp-cab71","status":"publish","type":"product","link":"https:\/\/shop.rettum.ee\/en\/product\/245-35r18-michelin-pilot-sport-4-s-92y-xl-rp-cab71\/","title":{"rendered":"245\/35R18 MICHELIN PILOT SPORT 4 S 92Y XL RP CAB71"},"content":{"rendered":"<p>MICHELIN PILOT SPORT 4 S rehvi number 245\/35R18 on tipptasemel sportrehv, mille disain ja tehnoloogia vastavad n\u00f5udlike autoentusiastide ootustele. See rehvi mudel on loodud pakkuma erakordset haarduvust nii m\u00e4rgadel kui kuivadel teedel ning v\u00f5imaldab t\u00e4pset ja kindlat s\u00f5idukontrolli ka k\u00f5rgetel kiirustel. <\/p>\n<p>Rehvi m\u00f5\u00f5tmed annavad sportauto jaoks madala profiili, pakkudes seel\u00e4bi suurep\u00e4rast stabiilsust ja t\u00e4pset juhitavust. Load index 92 ja speed index Y tagavad, et rehvil on k\u00f5rge koormustaluvus ning see on heaks kiiruspiiranguga. XL-klass t\u00e4hendab suurenenud lisakoormuse v\u00f5imekust, muutes selle ideaalseks valikuks nii tiheda linnaliikluse kui ka n\u00f5udlike v\u00f5istlusolude jaoks.<\/p>\n<p>Michelin on \u00fclemaailmselt tuntud oma uuenduslike ja usaldusv\u00e4\u00e4rsete rehvide poolest ning Pilot Sport 4 S ei ole erand. Optimeeritud veerehvar\u00fchm tagab stabiilse ja turvalise s\u00f5idu, samal ajal pakkudes sportlikku vastupidavust ja reageerimisv\u00f5imet ka k\u00f5ige ootamatumates olukordades. Valides MICHELIN Pilot Sport 4 S, investeerid Sa oma s\u00f5idumugavusse ja ohutusse iga p\u00e4ev.<\/p>","protected":false},"excerpt":{"rendered":"<p>MICHELIN PILOT SPORT 4 S rehvi number 245\/35R18 on tipptasemel sportrehv, mille disain ja tehnoloogia vastavad n\u00f5udlike autoentusiastide ootustele. See rehvi mudel on loodud pakkuma erakordset haarduvust nii m\u00e4rgadel kui kuivadel teedel ning v\u00f5imaldab t\u00e4pset ja kindlat s\u00f5idukontrolli ka k\u00f5rgetel kiirustel. Rehvi m\u00f5\u00f5tmed annavad sportauto jaoks madala profiili, pakkudes seel\u00e4bi suurep\u00e4rast stabiilsust ja t\u00e4pset juhitavust. [&hellip;]<\/p>\n","protected":false},"featured_media":122074,"template":"","meta":{"site-sidebar-layout":"default","site-content-layout":"","ast-site-content-layout":"","site-content-style":"default","site-sidebar-style":"default","ast-global-header-display":"","ast-banner-title-visibility":"","ast-main-header-display":"","ast-hfb-above-header-display":"","ast-hfb-below-header-display":"","ast-hfb-mobile-header-display":"","site-post-title":"","ast-breadcrumbs-content":"","ast-featured-img":"","footer-sml-layout":"","theme-transparent-header-meta":"","adv-header-id-meta":"","stick-header-meta":"","header-above-stick-meta":"","header-main-stick-meta":"","header-below-stick-meta":"","astra-migrate-meta-layouts":"default","ast-page-background-enabled":"default","ast-page-background-meta":{"desktop":{"background-color":"","background-image":"","background-repeat":"repeat","background-position":"center center","background-size":"auto","background-attachment":"scroll","background-type":"","background-media":"","overlay-type":"","overlay-color":"","overlay-opacity":"","overlay-gradient":""},"tablet":{"background-color":"","background-image":"","background-repeat":"repeat","background-position":"center center","background-size":"auto","background-attachment":"scroll","background-type":"","background-media":"","overlay-type":"","overlay-color":"","overlay-opacity":"","overlay-gradient":""},"mobile":{"background-color":"","background-image":"","background-repeat":"repeat","background-position":"center center","background-size":"auto","background-attachment":"scroll","background-type":"","background-media":"","overlay-type":"","overlay-color":"","overlay-opacity":"","overlay-gradient":""}},"ast-content-background-meta":{"desktop":{"background-color":"var(--ast-global-color-5)","background-image":"","background-repeat":"repeat","background-position":"center center","background-size":"auto","background-attachment":"scroll","background-type":"","background-media":"","overlay-type":"","overlay-color":"","overlay-opacity":"","overlay-gradient":""},"tablet":{"background-color":"var(--ast-global-color-5)","background-image":"","background-repeat":"repeat","background-position":"center center","background-size":"auto","background-attachment":"scroll","background-type":"","background-media":"","overlay-type":"","overlay-color":"","overlay-opacity":"","overlay-gradient":""},"mobile":{"background-color":"var(--ast-global-color-5)","background-image":"","background-repeat":"repeat","background-position":"center center","background-size":"auto","background-attachment":"scroll","background-type":"","background-media":"","overlay-type":"","overlay-color":"","overlay-opacity":"","overlay-gradient":""}}},"product_brand":[],"product_cat":[34225],"product_tag":[],"pa_brand_name":[17870],"class_list":{"0":"post-121324","1":"product","2":"type-product","3":"status-publish","4":"has-post-thumbnail","6":"product_cat-summer-tires-pv","7":"pa_brand_name-michelin","8":"desktop-align-left","9":"tablet-align-left","10":"mobile-align-left","12":"first","13":"outofstock","14":"taxable","15":"shipping-taxable","16":"purchasable","17":"product-type-simple"},"_links":{"self":[{"href":"https:\/\/shop.rettum.ee\/en\/wp-json\/wp\/v2\/product\/121324","targetHints":{"allow":["GET"]}}],"collection":[{"href":"https:\/\/shop.rettum.ee\/en\/wp-json\/wp\/v2\/product"}],"about":[{"href":"https:\/\/shop.rettum.ee\/en\/wp-json\/wp\/v2\/types\/product"}],"version-history":[{"count":1,"href":"https:\/\/shop.rettum.ee\/en\/wp-json\/wp\/v2\/product\/121324\/revisions"}],"predecessor-version":[{"id":125326,"href":"https:\/\/shop.rettum.ee\/en\/wp-json\/wp\/v2\/product\/121324\/revisions\/125326"}],"wp:featuredmedia":[{"embeddable":true,"href":"https:\/\/shop.rettum.ee\/en\/wp-json\/wp\/v2\/media\/122074"}],"wp:attachment":[{"href":"https:\/\/shop.rettum.ee\/en\/wp-json\/wp\/v2\/media?parent=121324"}],"wp:term":[{"taxonomy":"product_brand","embeddable":true,"href":"https:\/\/shop.rettum.ee\/en\/wp-json\/wp\/v2\/product_brand?post=121324"},{"taxonomy":"product_cat","embeddable":true,"href":"https:\/\/shop.rettum.ee\/en\/wp-json\/wp\/v2\/product_cat?post=121324"},{"taxonomy":"product_tag","embeddable":true,"href":"https:\/\/shop.rettum.ee\/en\/wp-json\/wp\/v2\/product_tag?post=121324"},{"taxonomy":"pa_brand_name","embeddable":true,"href":"https:\/\/shop.rettum.ee\/en\/wp-json\/wp\/v2\/pa_brand_name?post=121324"}],"curies":[{"name":"wp","href":"https:\/\/api.w.org\/{rel}","templated":true}]}}