{"id":121325,"date":"2025-03-31T13:24:13","date_gmt":"2025-03-31T10:24:13","guid":{"rendered":"https:\/\/shop.rettum.ee\/toode\/265-60r18-hankook-dynapro-ht-rh12-110t-abb72\/"},"modified":"2026-02-28T02:45:20","modified_gmt":"2026-02-28T00:45:20","slug":"265-60r18-hankook-dynapro-ht-rh12-110t-abb72","status":"publish","type":"product","link":"https:\/\/shop.rettum.ee\/en\/product\/265-60r18-hankook-dynapro-ht-rh12-110t-abb72\/","title":{"rendered":"265\/60R18 HANKOOK DYNAPRO HT (RH12) 110T ABB72"},"content":{"rendered":"<p>Hankook Dynapro HT (RH12) 265\/60R18 on tipptasemel rehv, mis \u00fchendab kaasaegse disaini ja usaldusv\u00e4\u00e4rse j\u00f5udluse. Selle mudeli 265\/60R18 m\u00f5\u00f5tmed ja 110T m\u00e4rgis tagavad optimaalse stabiilsuse ning suurep\u00e4rase koormakindluse, sobides ideaalselt nii kiirteedeks kui ka raskemaks transpordiks. Rehvi spetsiifiline ABB72 kodeering peegeldab unikaalset mustrit, mis parandab veoj\u00f5udu ja kiirendab pidamist erinevates s\u00f5idutingimustes, pakkudes seel\u00e4bi turvalist ja kindlat s\u00f5idukogemust.<\/p>\n<p>Hankook on tuntud oma innovaatiliste tehnoloogiate ja kvaliteedistandardite poolest, mist\u00f5ttu Dynapro HT pakub pikemat kulumiskindlust ja efektiivset k\u00fctuses\u00e4\u00e4stu. See rehv on ideaalne valik neile, kes hindavad nii turvalisust, j\u00f5udlust kui ka majanduslikkust. Investeeri oma s\u00f5iduki ohutusse ja t\u00f6\u00f6kindlusesse valides Hankook Dynapro HT rehvid \u2013 kindel partner nii igap\u00e4evasteks s\u00f5itudeks kui ka n\u00f5udlikeks teepikkusteks.<\/p>","protected":false},"excerpt":{"rendered":"<p>Hankook Dynapro HT (RH12) 265\/60R18 on tipptasemel rehv, mis \u00fchendab kaasaegse disaini ja usaldusv\u00e4\u00e4rse j\u00f5udluse. Selle mudeli 265\/60R18 m\u00f5\u00f5tmed ja 110T m\u00e4rgis tagavad optimaalse stabiilsuse ning suurep\u00e4rase koormakindluse, sobides ideaalselt nii kiirteedeks kui ka raskemaks transpordiks. Rehvi spetsiifiline ABB72 kodeering peegeldab unikaalset mustrit, mis parandab veoj\u00f5udu ja kiirendab pidamist erinevates s\u00f5idutingimustes, pakkudes seel\u00e4bi turvalist ja [&hellip;]<\/p>\n","protected":false},"featured_media":122072,"template":"","meta":{"site-sidebar-layout":"default","site-content-layout":"","ast-site-content-layout":"","site-content-style":"default","site-sidebar-style":"default","ast-global-header-display":"","ast-banner-title-visibility":"","ast-main-header-display":"","ast-hfb-above-header-display":"","ast-hfb-below-header-display":"","ast-hfb-mobile-header-display":"","site-post-title":"","ast-breadcrumbs-content":"","ast-featured-img":"","footer-sml-layout":"","theme-transparent-header-meta":"","adv-header-id-meta":"","stick-header-meta":"","header-above-stick-meta":"","header-main-stick-meta":"","header-below-stick-meta":"","astra-migrate-meta-layouts":"default","ast-page-background-enabled":"default","ast-page-background-meta":{"desktop":{"background-color":"","background-image":"","background-repeat":"repeat","background-position":"center center","background-size":"auto","background-attachment":"scroll","background-type":"","background-media":"","overlay-type":"","overlay-color":"","overlay-opacity":"","overlay-gradient":""},"tablet":{"background-color":"","background-image":"","background-repeat":"repeat","background-position":"center center","background-size":"auto","background-attachment":"scroll","background-type":"","background-media":"","overlay-type":"","overlay-color":"","overlay-opacity":"","overlay-gradient":""},"mobile":{"background-color":"","background-image":"","background-repeat":"repeat","background-position":"center center","background-size":"auto","background-attachment":"scroll","background-type":"","background-media":"","overlay-type":"","overlay-color":"","overlay-opacity":"","overlay-gradient":""}},"ast-content-background-meta":{"desktop":{"background-color":"var(--ast-global-color-5)","background-image":"","background-repeat":"repeat","background-position":"center center","background-size":"auto","background-attachment":"scroll","background-type":"","background-media":"","overlay-type":"","overlay-color":"","overlay-opacity":"","overlay-gradient":""},"tablet":{"background-color":"var(--ast-global-color-5)","background-image":"","background-repeat":"repeat","background-position":"center center","background-size":"auto","background-attachment":"scroll","background-type":"","background-media":"","overlay-type":"","overlay-color":"","overlay-opacity":"","overlay-gradient":""},"mobile":{"background-color":"var(--ast-global-color-5)","background-image":"","background-repeat":"repeat","background-position":"center center","background-size":"auto","background-attachment":"scroll","background-type":"","background-media":"","overlay-type":"","overlay-color":"","overlay-opacity":"","overlay-gradient":""}}},"product_brand":[],"product_cat":[34225],"product_tag":[],"pa_brand_name":[17812],"class_list":{"0":"post-121325","1":"product","2":"type-product","3":"status-publish","4":"has-post-thumbnail","6":"product_cat-summer-tires-pv","7":"pa_brand_name-hankook","8":"desktop-align-left","9":"tablet-align-left","10":"mobile-align-left","12":"first","13":"outofstock","14":"taxable","15":"shipping-taxable","16":"purchasable","17":"product-type-simple"},"_links":{"self":[{"href":"https:\/\/shop.rettum.ee\/en\/wp-json\/wp\/v2\/product\/121325","targetHints":{"allow":["GET"]}}],"collection":[{"href":"https:\/\/shop.rettum.ee\/en\/wp-json\/wp\/v2\/product"}],"about":[{"href":"https:\/\/shop.rettum.ee\/en\/wp-json\/wp\/v2\/types\/product"}],"version-history":[{"count":1,"href":"https:\/\/shop.rettum.ee\/en\/wp-json\/wp\/v2\/product\/121325\/revisions"}],"predecessor-version":[{"id":125325,"href":"https:\/\/shop.rettum.ee\/en\/wp-json\/wp\/v2\/product\/121325\/revisions\/125325"}],"wp:featuredmedia":[{"embeddable":true,"href":"https:\/\/shop.rettum.ee\/en\/wp-json\/wp\/v2\/media\/122072"}],"wp:attachment":[{"href":"https:\/\/shop.rettum.ee\/en\/wp-json\/wp\/v2\/media?parent=121325"}],"wp:term":[{"taxonomy":"product_brand","embeddable":true,"href":"https:\/\/shop.rettum.ee\/en\/wp-json\/wp\/v2\/product_brand?post=121325"},{"taxonomy":"product_cat","embeddable":true,"href":"https:\/\/shop.rettum.ee\/en\/wp-json\/wp\/v2\/product_cat?post=121325"},{"taxonomy":"product_tag","embeddable":true,"href":"https:\/\/shop.rettum.ee\/en\/wp-json\/wp\/v2\/product_tag?post=121325"},{"taxonomy":"pa_brand_name","embeddable":true,"href":"https:\/\/shop.rettum.ee\/en\/wp-json\/wp\/v2\/pa_brand_name?post=121325"}],"curies":[{"name":"wp","href":"https:\/\/api.w.org\/{rel}","templated":true}]}}