{"id":121329,"date":"2025-03-31T13:24:16","date_gmt":"2025-03-31T10:24:16","guid":{"rendered":"https:\/\/shop.rettum.ee\/toode\/255-45r20-pirelli-p-zero-e-105y-xl-runflat-elect-fsl-aaa70\/"},"modified":"2025-12-13T02:45:23","modified_gmt":"2025-12-13T00:45:23","slug":"255-45r20-pirelli-p-zero-e-105y-xl-runflat-elect-fsl-aaa70","status":"publish","type":"product","link":"https:\/\/shop.rettum.ee\/en\/product\/255-45r20-pirelli-p-zero-e-105y-xl-runflat-elect-fsl-aaa70\/","title":{"rendered":"255\/45R20 PIRELLI P ZERO E 105Y XL RunFlat Elect FSL AAA70"},"content":{"rendered":"<p>Esitleme 255\/45R20 PIRELLI P ZERO E \u2013 \u00fclimalt luksuslik ja innovaatiline rehv, mis vastab n\u00f5udlike juhtide ootustele. XL-klassiga ja 105 koormusindeksiga versioon tagab erakordse stabiilsuse ja kindla s\u00f5idu ka \u00fclikiiretes olukordades, milles Y kiirusindeks n\u00e4itab k\u00f5rget j\u00f5udlust. Rehvi uuenduslik RunFlat tehnoloogia v\u00f5imaldab s\u00f5itu j\u00e4tkata ka \u00f5hukaotuse korral, pakkudes seel\u00e4bi lisaturvalisust ootamatutes olukordades. <\/p>\n<p>Eriliselt m\u00f5eldud ka elektriautodele optimeeritud Elect versioon aitab v\u00e4hendada rullimiskindlust, parandades seel\u00e4bi k\u00fctuses\u00e4\u00e4stlikkust ja v\u00e4hendades s\u00f5idukile langevaid \u00fcldkulusid. Lisaks toetavad FSL ja AAA70 omadused rehvi suurep\u00e4rast vastupidavust ja pikemat kasutusiga, muutes selle ideaalseks lahenduseks nii igap\u00e4evaseks s\u00f5iduks kui ka n\u00f5udlikeks maantees\u00f5itudeks.<\/p>\n<p>PIRELLI P ZERO E on loodud pakkuma maksimaalset s\u00f5idur\u00f5\u00f5mu, ohutust ning j\u00f5udlust, tagades kindluse igal teekojal. T\u00e4iuslik valik neile, kes hindavad esmaklassilist kvaliteeti ja tipptasemel innovatsiooni.<\/p>","protected":false},"excerpt":{"rendered":"<p>Esitleme 255\/45R20 PIRELLI P ZERO E \u2013 \u00fclimalt luksuslik ja innovaatiline rehv, mis vastab n\u00f5udlike juhtide ootustele. XL-klassiga ja 105 koormusindeksiga versioon tagab erakordse stabiilsuse ja kindla s\u00f5idu ka \u00fclikiiretes olukordades, milles Y kiirusindeks n\u00e4itab k\u00f5rget j\u00f5udlust. Rehvi uuenduslik RunFlat tehnoloogia v\u00f5imaldab s\u00f5itu j\u00e4tkata ka \u00f5hukaotuse korral, pakkudes seel\u00e4bi lisaturvalisust ootamatutes olukordades. Eriliselt m\u00f5eldud ka [&hellip;]<\/p>\n","protected":false},"featured_media":122067,"template":"","meta":{"site-sidebar-layout":"default","site-content-layout":"","ast-site-content-layout":"","site-content-style":"default","site-sidebar-style":"default","ast-global-header-display":"","ast-banner-title-visibility":"","ast-main-header-display":"","ast-hfb-above-header-display":"","ast-hfb-below-header-display":"","ast-hfb-mobile-header-display":"","site-post-title":"","ast-breadcrumbs-content":"","ast-featured-img":"","footer-sml-layout":"","theme-transparent-header-meta":"","adv-header-id-meta":"","stick-header-meta":"","header-above-stick-meta":"","header-main-stick-meta":"","header-below-stick-meta":"","astra-migrate-meta-layouts":"default","ast-page-background-enabled":"default","ast-page-background-meta":{"desktop":{"background-color":"","background-image":"","background-repeat":"repeat","background-position":"center center","background-size":"auto","background-attachment":"scroll","background-type":"","background-media":"","overlay-type":"","overlay-color":"","overlay-opacity":"","overlay-gradient":""},"tablet":{"background-color":"","background-image":"","background-repeat":"repeat","background-position":"center center","background-size":"auto","background-attachment":"scroll","background-type":"","background-media":"","overlay-type":"","overlay-color":"","overlay-opacity":"","overlay-gradient":""},"mobile":{"background-color":"","background-image":"","background-repeat":"repeat","background-position":"center center","background-size":"auto","background-attachment":"scroll","background-type":"","background-media":"","overlay-type":"","overlay-color":"","overlay-opacity":"","overlay-gradient":""}},"ast-content-background-meta":{"desktop":{"background-color":"var(--ast-global-color-5)","background-image":"","background-repeat":"repeat","background-position":"center center","background-size":"auto","background-attachment":"scroll","background-type":"","background-media":"","overlay-type":"","overlay-color":"","overlay-opacity":"","overlay-gradient":""},"tablet":{"background-color":"var(--ast-global-color-5)","background-image":"","background-repeat":"repeat","background-position":"center center","background-size":"auto","background-attachment":"scroll","background-type":"","background-media":"","overlay-type":"","overlay-color":"","overlay-opacity":"","overlay-gradient":""},"mobile":{"background-color":"var(--ast-global-color-5)","background-image":"","background-repeat":"repeat","background-position":"center center","background-size":"auto","background-attachment":"scroll","background-type":"","background-media":"","overlay-type":"","overlay-color":"","overlay-opacity":"","overlay-gradient":""}}},"product_brand":[],"product_cat":[34225],"product_tag":[],"pa_brand_name":[17329],"class_list":{"0":"post-121329","1":"product","2":"type-product","3":"status-publish","4":"has-post-thumbnail","6":"product_cat-summer-tires-pv","7":"pa_brand_name-pirelli","8":"desktop-align-left","9":"tablet-align-left","10":"mobile-align-left","12":"first","13":"outofstock","14":"taxable","15":"shipping-taxable","16":"purchasable","17":"product-type-simple"},"_links":{"self":[{"href":"https:\/\/shop.rettum.ee\/en\/wp-json\/wp\/v2\/product\/121329","targetHints":{"allow":["GET"]}}],"collection":[{"href":"https:\/\/shop.rettum.ee\/en\/wp-json\/wp\/v2\/product"}],"about":[{"href":"https:\/\/shop.rettum.ee\/en\/wp-json\/wp\/v2\/types\/product"}],"version-history":[{"count":1,"href":"https:\/\/shop.rettum.ee\/en\/wp-json\/wp\/v2\/product\/121329\/revisions"}],"predecessor-version":[{"id":125321,"href":"https:\/\/shop.rettum.ee\/en\/wp-json\/wp\/v2\/product\/121329\/revisions\/125321"}],"wp:featuredmedia":[{"embeddable":true,"href":"https:\/\/shop.rettum.ee\/en\/wp-json\/wp\/v2\/media\/122067"}],"wp:attachment":[{"href":"https:\/\/shop.rettum.ee\/en\/wp-json\/wp\/v2\/media?parent=121329"}],"wp:term":[{"taxonomy":"product_brand","embeddable":true,"href":"https:\/\/shop.rettum.ee\/en\/wp-json\/wp\/v2\/product_brand?post=121329"},{"taxonomy":"product_cat","embeddable":true,"href":"https:\/\/shop.rettum.ee\/en\/wp-json\/wp\/v2\/product_cat?post=121329"},{"taxonomy":"product_tag","embeddable":true,"href":"https:\/\/shop.rettum.ee\/en\/wp-json\/wp\/v2\/product_tag?post=121329"},{"taxonomy":"pa_brand_name","embeddable":true,"href":"https:\/\/shop.rettum.ee\/en\/wp-json\/wp\/v2\/pa_brand_name?post=121329"}],"curies":[{"name":"wp","href":"https:\/\/api.w.org\/{rel}","templated":true}]}}