{"id":121331,"date":"2025-03-31T13:24:18","date_gmt":"2025-03-31T10:24:18","guid":{"rendered":"https:\/\/shop.rettum.ee\/toode\/215-65r16-dunlop-all-season-2-102v-xl-bcb72-3pmsf-ms\/"},"modified":"2026-03-22T03:02:14","modified_gmt":"2026-03-22T01:02:14","slug":"215-65r16-dunlop-all-season-2-102v-xl-bcb72-3pmsf-ms","status":"publish","type":"product","link":"https:\/\/shop.rettum.ee\/en\/product\/215-65r16-dunlop-all-season-2-102v-xl-bcb72-3pmsf-ms\/","title":{"rendered":"215\/65R16 DUNLOP ALL SEASON 2 102V XL BCB72 3PMSF M+S"},"content":{"rendered":"<p>215\/65R16 DUNLOP ALL SEASON 2 102V XL BCB72 on usaldusv\u00e4\u00e4rne ja mitmek\u00fclgne rehvimudel, mis tagab s\u00f5iduohutuse ja suurep\u00e4rase haarduvuse igasugustes ilmastikutingimustes. T\u00e4nu uuenduslikule disainile ja tipptasemel materjalidele on see rehvimudel ideaalne nii suvisteks kuivateks ja m\u00e4rjadeks teedeks kui ka k\u00fclmadeks ning lumisteks oludeks \u2013 sertifitseeritud 3PMSF s\u00fcmbol kinnitab rehvi v\u00f5imet toime tulla ka talvise maastikuga. XL-klass v\u00f5imaldab rehvil kanda suuremat koormust, pakkudes s\u00f5idukile stabiilsust ja kindlustunnet ka raskemates tingimustes.<\/p>\n<p>DUNLOP ALL SEASON 2 r\u00f5hutab ohutut ja mugavat s\u00f5itu t\u00e4nu optimaalsetele mustritele ja rehvi spetsiifilisele koostisele, mis v\u00e4hendab veeretakistust ning parandab k\u00fctuses\u00e4\u00e4stlikkust. 102V hinnang lisab t\u00e4iendavat usaldusv\u00e4\u00e4rsust ja garanteerib k\u00f5rget kiiruskategoriseerimist. See rehvimudel on loodud neile, kes hindavad turvalisust, vastupidavust ja \u00fclimat s\u00f5idumugavust k\u00f5igis aastaajad. Ideaalne valik nii igap\u00e4evaseks s\u00f5iduks kui ka pikemateks reisideks, pakkudes konstantset j\u00f5udlust ja kindlat s\u00f5idustabiilsust.<\/p>","protected":false},"excerpt":{"rendered":"<p>215\/65R16 DUNLOP ALL SEASON 2 102V XL BCB72 on usaldusv\u00e4\u00e4rne ja mitmek\u00fclgne rehvimudel, mis tagab s\u00f5iduohutuse ja suurep\u00e4rase haarduvuse igasugustes ilmastikutingimustes. T\u00e4nu uuenduslikule disainile ja tipptasemel materjalidele on see rehvimudel ideaalne nii suvisteks kuivateks ja m\u00e4rjadeks teedeks kui ka k\u00fclmadeks ning lumisteks oludeks \u2013 sertifitseeritud 3PMSF s\u00fcmbol kinnitab rehvi v\u00f5imet toime tulla ka talvise maastikuga. [&hellip;]<\/p>\n","protected":false},"featured_media":122065,"template":"","meta":{"site-sidebar-layout":"default","site-content-layout":"","ast-site-content-layout":"","site-content-style":"default","site-sidebar-style":"default","ast-global-header-display":"","ast-banner-title-visibility":"","ast-main-header-display":"","ast-hfb-above-header-display":"","ast-hfb-below-header-display":"","ast-hfb-mobile-header-display":"","site-post-title":"","ast-breadcrumbs-content":"","ast-featured-img":"","footer-sml-layout":"","theme-transparent-header-meta":"","adv-header-id-meta":"","stick-header-meta":"","header-above-stick-meta":"","header-main-stick-meta":"","header-below-stick-meta":"","astra-migrate-meta-layouts":"default","ast-page-background-enabled":"default","ast-page-background-meta":{"desktop":{"background-color":"","background-image":"","background-repeat":"repeat","background-position":"center center","background-size":"auto","background-attachment":"scroll","background-type":"","background-media":"","overlay-type":"","overlay-color":"","overlay-opacity":"","overlay-gradient":""},"tablet":{"background-color":"","background-image":"","background-repeat":"repeat","background-position":"center center","background-size":"auto","background-attachment":"scroll","background-type":"","background-media":"","overlay-type":"","overlay-color":"","overlay-opacity":"","overlay-gradient":""},"mobile":{"background-color":"","background-image":"","background-repeat":"repeat","background-position":"center center","background-size":"auto","background-attachment":"scroll","background-type":"","background-media":"","overlay-type":"","overlay-color":"","overlay-opacity":"","overlay-gradient":""}},"ast-content-background-meta":{"desktop":{"background-color":"var(--ast-global-color-5)","background-image":"","background-repeat":"repeat","background-position":"center center","background-size":"auto","background-attachment":"scroll","background-type":"","background-media":"","overlay-type":"","overlay-color":"","overlay-opacity":"","overlay-gradient":""},"tablet":{"background-color":"var(--ast-global-color-5)","background-image":"","background-repeat":"repeat","background-position":"center center","background-size":"auto","background-attachment":"scroll","background-type":"","background-media":"","overlay-type":"","overlay-color":"","overlay-opacity":"","overlay-gradient":""},"mobile":{"background-color":"var(--ast-global-color-5)","background-image":"","background-repeat":"repeat","background-position":"center center","background-size":"auto","background-attachment":"scroll","background-type":"","background-media":"","overlay-type":"","overlay-color":"","overlay-opacity":"","overlay-gradient":""}}},"product_brand":[],"product_cat":[34230],"product_tag":[],"pa_brand_name":[18236],"class_list":{"0":"post-121331","1":"product","2":"type-product","3":"status-publish","4":"has-post-thumbnail","6":"product_cat-all-season-pcr-2","7":"pa_brand_name-dunlop","8":"desktop-align-left","9":"tablet-align-left","10":"mobile-align-left","12":"first","13":"outofstock","14":"taxable","15":"shipping-taxable","16":"purchasable","17":"product-type-simple"},"_links":{"self":[{"href":"https:\/\/shop.rettum.ee\/en\/wp-json\/wp\/v2\/product\/121331","targetHints":{"allow":["GET"]}}],"collection":[{"href":"https:\/\/shop.rettum.ee\/en\/wp-json\/wp\/v2\/product"}],"about":[{"href":"https:\/\/shop.rettum.ee\/en\/wp-json\/wp\/v2\/types\/product"}],"version-history":[{"count":1,"href":"https:\/\/shop.rettum.ee\/en\/wp-json\/wp\/v2\/product\/121331\/revisions"}],"predecessor-version":[{"id":125319,"href":"https:\/\/shop.rettum.ee\/en\/wp-json\/wp\/v2\/product\/121331\/revisions\/125319"}],"wp:featuredmedia":[{"embeddable":true,"href":"https:\/\/shop.rettum.ee\/en\/wp-json\/wp\/v2\/media\/122065"}],"wp:attachment":[{"href":"https:\/\/shop.rettum.ee\/en\/wp-json\/wp\/v2\/media?parent=121331"}],"wp:term":[{"taxonomy":"product_brand","embeddable":true,"href":"https:\/\/shop.rettum.ee\/en\/wp-json\/wp\/v2\/product_brand?post=121331"},{"taxonomy":"product_cat","embeddable":true,"href":"https:\/\/shop.rettum.ee\/en\/wp-json\/wp\/v2\/product_cat?post=121331"},{"taxonomy":"product_tag","embeddable":true,"href":"https:\/\/shop.rettum.ee\/en\/wp-json\/wp\/v2\/product_tag?post=121331"},{"taxonomy":"pa_brand_name","embeddable":true,"href":"https:\/\/shop.rettum.ee\/en\/wp-json\/wp\/v2\/pa_brand_name?post=121331"}],"curies":[{"name":"wp","href":"https:\/\/api.w.org\/{rel}","templated":true}]}}