{"id":121332,"date":"2025-03-31T13:24:18","date_gmt":"2025-03-31T10:24:18","guid":{"rendered":"https:\/\/shop.rettum.ee\/toode\/225-45r17-dynamo-street-h-mu02-94w-xl-rp-dbb71\/"},"modified":"2026-03-24T02:45:26","modified_gmt":"2026-03-24T00:45:26","slug":"225-45r17-dynamo-street-h-mu02-94w-xl-rp-dbb71","status":"publish","type":"product","link":"https:\/\/shop.rettum.ee\/en\/product\/225-45r17-dynamo-street-h-mu02-94w-xl-rp-dbb71\/","title":{"rendered":"225\/45R17 DYNAMO STREET-H MU02 94W XL RP DBB71"},"content":{"rendered":"<p>225\/45R17 DYNAMO STREET-H MU02 94W XL RP DBB71 rehvid tagavad s\u00f5idukile optimaalse j\u00f5udluse ja ohutuse nii igap\u00e4evases s\u00f5idus kui ka n\u00f5udlikes tingimustes. Need rehvid on konstrueeritud pakkuma erakordset veoj\u00f5udu ja stabiilsust, mis v\u00f5imaldab kindlat haardumist nii kuival kui ka m\u00e4rjal teel. XL t\u00e4histus ja 94 koormusindeks annavad rehvile suurenenud vastupidavuse ning stabilsuse ka suuremate koormuste korral, sobides ideaalselt sportlikele ja j\u00f5ulistele s\u00f5idukitele. W kiirusklass tagab ohutu s\u00f5idu kuni 270 km\/h, andes juhile kindlustunde ka k\u00f5rgkiirusoludes. Lisaks toetab rehvi kaasaegne tehnoloogia, mis aitab kaasa energiat\u00f5husale s\u00f5idule ja pikaealisusele. Rehvi disain on loodud pakkuma \u00fchtlast ja turvalist s\u00f5idukogemust, kus iga detail on hoolikalt l\u00e4bim\u00f5eldud. DYNAMO STREET-H MU02 on ideaalne valik neile, kes hindavad kvaliteeti, ohutust ja innovatsiooni igas s\u00f5iduolukorras.<\/p>","protected":false},"excerpt":{"rendered":"<p>225\/45R17 DYNAMO STREET-H MU02 94W XL RP DBB71 rehvid tagavad s\u00f5idukile optimaalse j\u00f5udluse ja ohutuse nii igap\u00e4evases s\u00f5idus kui ka n\u00f5udlikes tingimustes. Need rehvid on konstrueeritud pakkuma erakordset veoj\u00f5udu ja stabiilsust, mis v\u00f5imaldab kindlat haardumist nii kuival kui ka m\u00e4rjal teel. XL t\u00e4histus ja 94 koormusindeks annavad rehvile suurenenud vastupidavuse ning stabilsuse ka suuremate koormuste [&hellip;]<\/p>\n","protected":false},"featured_media":122066,"template":"","meta":{"site-sidebar-layout":"default","site-content-layout":"","ast-site-content-layout":"","site-content-style":"default","site-sidebar-style":"default","ast-global-header-display":"","ast-banner-title-visibility":"","ast-main-header-display":"","ast-hfb-above-header-display":"","ast-hfb-below-header-display":"","ast-hfb-mobile-header-display":"","site-post-title":"","ast-breadcrumbs-content":"","ast-featured-img":"","footer-sml-layout":"","theme-transparent-header-meta":"","adv-header-id-meta":"","stick-header-meta":"","header-above-stick-meta":"","header-main-stick-meta":"","header-below-stick-meta":"","astra-migrate-meta-layouts":"default","ast-page-background-enabled":"default","ast-page-background-meta":{"desktop":{"background-color":"","background-image":"","background-repeat":"repeat","background-position":"center center","background-size":"auto","background-attachment":"scroll","background-type":"","background-media":"","overlay-type":"","overlay-color":"","overlay-opacity":"","overlay-gradient":""},"tablet":{"background-color":"","background-image":"","background-repeat":"repeat","background-position":"center center","background-size":"auto","background-attachment":"scroll","background-type":"","background-media":"","overlay-type":"","overlay-color":"","overlay-opacity":"","overlay-gradient":""},"mobile":{"background-color":"","background-image":"","background-repeat":"repeat","background-position":"center center","background-size":"auto","background-attachment":"scroll","background-type":"","background-media":"","overlay-type":"","overlay-color":"","overlay-opacity":"","overlay-gradient":""}},"ast-content-background-meta":{"desktop":{"background-color":"var(--ast-global-color-5)","background-image":"","background-repeat":"repeat","background-position":"center center","background-size":"auto","background-attachment":"scroll","background-type":"","background-media":"","overlay-type":"","overlay-color":"","overlay-opacity":"","overlay-gradient":""},"tablet":{"background-color":"var(--ast-global-color-5)","background-image":"","background-repeat":"repeat","background-position":"center center","background-size":"auto","background-attachment":"scroll","background-type":"","background-media":"","overlay-type":"","overlay-color":"","overlay-opacity":"","overlay-gradient":""},"mobile":{"background-color":"var(--ast-global-color-5)","background-image":"","background-repeat":"repeat","background-position":"center center","background-size":"auto","background-attachment":"scroll","background-type":"","background-media":"","overlay-type":"","overlay-color":"","overlay-opacity":"","overlay-gradient":""}}},"product_brand":[],"product_cat":[34225],"product_tag":[],"pa_brand_name":[17833],"class_list":{"0":"post-121332","1":"product","2":"type-product","3":"status-publish","4":"has-post-thumbnail","6":"product_cat-summer-tires-pv","7":"pa_brand_name-dynamo","8":"desktop-align-left","9":"tablet-align-left","10":"mobile-align-left","12":"first","13":"outofstock","14":"taxable","15":"shipping-taxable","16":"purchasable","17":"product-type-simple"},"_links":{"self":[{"href":"https:\/\/shop.rettum.ee\/en\/wp-json\/wp\/v2\/product\/121332","targetHints":{"allow":["GET"]}}],"collection":[{"href":"https:\/\/shop.rettum.ee\/en\/wp-json\/wp\/v2\/product"}],"about":[{"href":"https:\/\/shop.rettum.ee\/en\/wp-json\/wp\/v2\/types\/product"}],"version-history":[{"count":1,"href":"https:\/\/shop.rettum.ee\/en\/wp-json\/wp\/v2\/product\/121332\/revisions"}],"predecessor-version":[{"id":125318,"href":"https:\/\/shop.rettum.ee\/en\/wp-json\/wp\/v2\/product\/121332\/revisions\/125318"}],"wp:featuredmedia":[{"embeddable":true,"href":"https:\/\/shop.rettum.ee\/en\/wp-json\/wp\/v2\/media\/122066"}],"wp:attachment":[{"href":"https:\/\/shop.rettum.ee\/en\/wp-json\/wp\/v2\/media?parent=121332"}],"wp:term":[{"taxonomy":"product_brand","embeddable":true,"href":"https:\/\/shop.rettum.ee\/en\/wp-json\/wp\/v2\/product_brand?post=121332"},{"taxonomy":"product_cat","embeddable":true,"href":"https:\/\/shop.rettum.ee\/en\/wp-json\/wp\/v2\/product_cat?post=121332"},{"taxonomy":"product_tag","embeddable":true,"href":"https:\/\/shop.rettum.ee\/en\/wp-json\/wp\/v2\/product_tag?post=121332"},{"taxonomy":"pa_brand_name","embeddable":true,"href":"https:\/\/shop.rettum.ee\/en\/wp-json\/wp\/v2\/pa_brand_name?post=121332"}],"curies":[{"name":"wp","href":"https:\/\/api.w.org\/{rel}","templated":true}]}}