{"id":121334,"date":"2025-03-31T13:24:20","date_gmt":"2025-03-31T10:24:20","guid":{"rendered":"https:\/\/shop.rettum.ee\/toode\/235-40r19-hankook-ventus-evo-k137-96y-xl-rp-cab70\/"},"modified":"2026-03-26T02:47:47","modified_gmt":"2026-03-26T00:47:47","slug":"235-40r19-hankook-ventus-evo-k137-96y-xl-rp-cab70","status":"publish","type":"product","link":"https:\/\/shop.rettum.ee\/en\/product\/235-40r19-hankook-ventus-evo-k137-96y-xl-rp-cab70\/","title":{"rendered":"235\/40R19 HANKOOK VENTUS EVO (K137) 96Y XL RP CAB70"},"content":{"rendered":"<p>Hankook Ventus Evo (K137) 235\/40R19 on k\u00f5rgtehnoloogiline suver\u00f5ngas, mis \u00fchendab innovatsiooni ja usaldusv\u00e4\u00e4rsuse. Selle m\u00f5\u00f5tmed tagavad suurep\u00e4rase stabiilsuse ja juhitavuse nii kuival kui ka m\u00e4rjal teel. Laadimisindeks 96 ja XL-s\u00fcmbool viitavad rehvile, mis suudab kanda suurkoormust ja pakkuda kindlat sooritust ka n\u00f5udlikes s\u00f5iduoludes.<\/p>\n<p>Rehvi eesm\u00e4rgiks on pakkuda maksimaalset haarduvust ja t\u00e4pset p\u00f6\u00f6rdetundlikkust, v\u00e4hendades samal ajal veerolle ning optimeerides k\u00fctusekulu. Kiirusindeks Y v\u00f5imaldab ohutut ja kiiret s\u00f5itu, s\u00e4ilitades ohutuse k\u00f5rgetasemel isegi sportliku s\u00f5idustiili ajal. Hankook Ventus Evo on loodud juhtidele, kes hindavad kvaliteeti, sooritust ja turvalisust igal teekonnal.<\/p>\n<p>See rehv on ideaalne valik neile, kes soovivad nautida suvist s\u00f5idud\u00fcnaamikat, pakkudes suurep\u00e4rast j\u00f5udlust nii tihedas linnaliikluses kui ka avarates maanteedes. Avastage t\u00e4iustatud s\u00f5iduelamus ja usaldusv\u00e4\u00e4rsus, mida toob Hankook Ventus Evo (K137) \u2013 partner teie teel turvalise ja nauditava s\u00f5idu suunas.<\/p>","protected":false},"excerpt":{"rendered":"<p>Hankook Ventus Evo (K137) 235\/40R19 on k\u00f5rgtehnoloogiline suver\u00f5ngas, mis \u00fchendab innovatsiooni ja usaldusv\u00e4\u00e4rsuse. Selle m\u00f5\u00f5tmed tagavad suurep\u00e4rase stabiilsuse ja juhitavuse nii kuival kui ka m\u00e4rjal teel. Laadimisindeks 96 ja XL-s\u00fcmbool viitavad rehvile, mis suudab kanda suurkoormust ja pakkuda kindlat sooritust ka n\u00f5udlikes s\u00f5iduoludes. Rehvi eesm\u00e4rgiks on pakkuda maksimaalset haarduvust ja t\u00e4pset p\u00f6\u00f6rdetundlikkust, v\u00e4hendades samal ajal [&hellip;]<\/p>\n","protected":false},"featured_media":122297,"template":"","meta":{"site-sidebar-layout":"default","site-content-layout":"","ast-site-content-layout":"","site-content-style":"default","site-sidebar-style":"default","ast-global-header-display":"","ast-banner-title-visibility":"","ast-main-header-display":"","ast-hfb-above-header-display":"","ast-hfb-below-header-display":"","ast-hfb-mobile-header-display":"","site-post-title":"","ast-breadcrumbs-content":"","ast-featured-img":"","footer-sml-layout":"","theme-transparent-header-meta":"","adv-header-id-meta":"","stick-header-meta":"","header-above-stick-meta":"","header-main-stick-meta":"","header-below-stick-meta":"","astra-migrate-meta-layouts":"default","ast-page-background-enabled":"default","ast-page-background-meta":{"desktop":{"background-color":"","background-image":"","background-repeat":"repeat","background-position":"center center","background-size":"auto","background-attachment":"scroll","background-type":"","background-media":"","overlay-type":"","overlay-color":"","overlay-opacity":"","overlay-gradient":""},"tablet":{"background-color":"","background-image":"","background-repeat":"repeat","background-position":"center center","background-size":"auto","background-attachment":"scroll","background-type":"","background-media":"","overlay-type":"","overlay-color":"","overlay-opacity":"","overlay-gradient":""},"mobile":{"background-color":"","background-image":"","background-repeat":"repeat","background-position":"center center","background-size":"auto","background-attachment":"scroll","background-type":"","background-media":"","overlay-type":"","overlay-color":"","overlay-opacity":"","overlay-gradient":""}},"ast-content-background-meta":{"desktop":{"background-color":"var(--ast-global-color-5)","background-image":"","background-repeat":"repeat","background-position":"center center","background-size":"auto","background-attachment":"scroll","background-type":"","background-media":"","overlay-type":"","overlay-color":"","overlay-opacity":"","overlay-gradient":""},"tablet":{"background-color":"var(--ast-global-color-5)","background-image":"","background-repeat":"repeat","background-position":"center center","background-size":"auto","background-attachment":"scroll","background-type":"","background-media":"","overlay-type":"","overlay-color":"","overlay-opacity":"","overlay-gradient":""},"mobile":{"background-color":"var(--ast-global-color-5)","background-image":"","background-repeat":"repeat","background-position":"center center","background-size":"auto","background-attachment":"scroll","background-type":"","background-media":"","overlay-type":"","overlay-color":"","overlay-opacity":"","overlay-gradient":""}}},"product_brand":[],"product_cat":[34225],"product_tag":[],"pa_brand_name":[17812],"class_list":{"0":"post-121334","1":"product","2":"type-product","3":"status-publish","4":"has-post-thumbnail","6":"product_cat-summer-tires-pv","7":"pa_brand_name-hankook","8":"desktop-align-left","9":"tablet-align-left","10":"mobile-align-left","12":"first","13":"instock","14":"taxable","15":"shipping-taxable","16":"purchasable","17":"product-type-simple"},"_links":{"self":[{"href":"https:\/\/shop.rettum.ee\/en\/wp-json\/wp\/v2\/product\/121334","targetHints":{"allow":["GET"]}}],"collection":[{"href":"https:\/\/shop.rettum.ee\/en\/wp-json\/wp\/v2\/product"}],"about":[{"href":"https:\/\/shop.rettum.ee\/en\/wp-json\/wp\/v2\/types\/product"}],"version-history":[{"count":1,"href":"https:\/\/shop.rettum.ee\/en\/wp-json\/wp\/v2\/product\/121334\/revisions"}],"predecessor-version":[{"id":125316,"href":"https:\/\/shop.rettum.ee\/en\/wp-json\/wp\/v2\/product\/121334\/revisions\/125316"}],"wp:featuredmedia":[{"embeddable":true,"href":"https:\/\/shop.rettum.ee\/en\/wp-json\/wp\/v2\/media\/122297"}],"wp:attachment":[{"href":"https:\/\/shop.rettum.ee\/en\/wp-json\/wp\/v2\/media?parent=121334"}],"wp:term":[{"taxonomy":"product_brand","embeddable":true,"href":"https:\/\/shop.rettum.ee\/en\/wp-json\/wp\/v2\/product_brand?post=121334"},{"taxonomy":"product_cat","embeddable":true,"href":"https:\/\/shop.rettum.ee\/en\/wp-json\/wp\/v2\/product_cat?post=121334"},{"taxonomy":"product_tag","embeddable":true,"href":"https:\/\/shop.rettum.ee\/en\/wp-json\/wp\/v2\/product_tag?post=121334"},{"taxonomy":"pa_brand_name","embeddable":true,"href":"https:\/\/shop.rettum.ee\/en\/wp-json\/wp\/v2\/pa_brand_name?post=121334"}],"curies":[{"name":"wp","href":"https:\/\/api.w.org\/{rel}","templated":true}]}}