{"id":121336,"date":"2025-03-31T13:24:22","date_gmt":"2025-03-31T10:24:22","guid":{"rendered":"https:\/\/shop.rettum.ee\/toode\/205-55r19-goodyear-efficientgrip-performance-2-97v-xl-baa69\/"},"modified":"2026-03-28T02:50:52","modified_gmt":"2026-03-28T00:50:52","slug":"205-55r19-goodyear-efficientgrip-performance-2-97v-xl-baa69","status":"publish","type":"product","link":"https:\/\/shop.rettum.ee\/en\/product\/205-55r19-goodyear-efficientgrip-performance-2-97v-xl-baa69\/","title":{"rendered":"205\/55R19 GOODYEAR EFFICIENTGRIP PERFORMANCE 2 97V XL BAA69"},"content":{"rendered":"<p>Tutvustame uut GOODYEAR EFFICIENTGRIP PERFORMANCE 2 rehvi, mis on loodud pakkuma erakordset s\u00f5iduomadust nii kuivadel kui ka m\u00e4rgadel teedel. Rehvi m\u00f5\u00f5t on 205\/55R19, pakkudes ideaalse tasakaalu sportlikkuse ja mugavuse vahel. XL versioon tagab suurema koormustaluvuse, muutes selle sobivaks nii igap\u00e4evaseks s\u00f5iduks kui ka intensiivsemateks s\u00f5idutingimusteks. <\/p>\n<p>Rehvi laadindeks 97 ja kiirusklass V (kuni 240 km\/h) annavad kindlustunde, et teie s\u00f5iduk suudab alati turvaliselt ja usaldusv\u00e4\u00e4rselt edasi liikuda. GOODYEAR EFFICIENTGRIP PERFORMANCE 2 on projekteeritud optimeeritud s\u00f5idumugavust pakkuma, v\u00e4hendades rullimiskindlustust ja parandades k\u00fctuses\u00e4\u00e4stlikkust, samas tagades suurep\u00e4rase haarduvuse ja stabiilsuse igas s\u00f5idutingimuses. <\/p>\n<p>Innovaatiline rehviprofiil ja k\u00f5rgekvaliteediline koostis tagavad pika kasutusea ning suurep\u00e4rase j\u00f5udluse, muutes selle ideaalvalikuks neile, kes v\u00e4\u00e4rtustavad ohutut ja stiilset s\u00f5idukogemust. Valides GOODYEARi, panustate kvaliteeti ja innovatsiooni igasse teekonda.<\/p>","protected":false},"excerpt":{"rendered":"<p>Tutvustame uut GOODYEAR EFFICIENTGRIP PERFORMANCE 2 rehvi, mis on loodud pakkuma erakordset s\u00f5iduomadust nii kuivadel kui ka m\u00e4rgadel teedel. Rehvi m\u00f5\u00f5t on 205\/55R19, pakkudes ideaalse tasakaalu sportlikkuse ja mugavuse vahel. XL versioon tagab suurema koormustaluvuse, muutes selle sobivaks nii igap\u00e4evaseks s\u00f5iduks kui ka intensiivsemateks s\u00f5idutingimusteks. Rehvi laadindeks 97 ja kiirusklass V (kuni 240 km\/h) annavad [&hellip;]<\/p>\n","protected":false},"featured_media":122060,"template":"","meta":{"site-sidebar-layout":"default","site-content-layout":"","ast-site-content-layout":"","site-content-style":"default","site-sidebar-style":"default","ast-global-header-display":"","ast-banner-title-visibility":"","ast-main-header-display":"","ast-hfb-above-header-display":"","ast-hfb-below-header-display":"","ast-hfb-mobile-header-display":"","site-post-title":"","ast-breadcrumbs-content":"","ast-featured-img":"","footer-sml-layout":"","theme-transparent-header-meta":"","adv-header-id-meta":"","stick-header-meta":"","header-above-stick-meta":"","header-main-stick-meta":"","header-below-stick-meta":"","astra-migrate-meta-layouts":"default","ast-page-background-enabled":"default","ast-page-background-meta":{"desktop":{"background-color":"","background-image":"","background-repeat":"repeat","background-position":"center center","background-size":"auto","background-attachment":"scroll","background-type":"","background-media":"","overlay-type":"","overlay-color":"","overlay-opacity":"","overlay-gradient":""},"tablet":{"background-color":"","background-image":"","background-repeat":"repeat","background-position":"center center","background-size":"auto","background-attachment":"scroll","background-type":"","background-media":"","overlay-type":"","overlay-color":"","overlay-opacity":"","overlay-gradient":""},"mobile":{"background-color":"","background-image":"","background-repeat":"repeat","background-position":"center center","background-size":"auto","background-attachment":"scroll","background-type":"","background-media":"","overlay-type":"","overlay-color":"","overlay-opacity":"","overlay-gradient":""}},"ast-content-background-meta":{"desktop":{"background-color":"var(--ast-global-color-5)","background-image":"","background-repeat":"repeat","background-position":"center center","background-size":"auto","background-attachment":"scroll","background-type":"","background-media":"","overlay-type":"","overlay-color":"","overlay-opacity":"","overlay-gradient":""},"tablet":{"background-color":"var(--ast-global-color-5)","background-image":"","background-repeat":"repeat","background-position":"center center","background-size":"auto","background-attachment":"scroll","background-type":"","background-media":"","overlay-type":"","overlay-color":"","overlay-opacity":"","overlay-gradient":""},"mobile":{"background-color":"var(--ast-global-color-5)","background-image":"","background-repeat":"repeat","background-position":"center center","background-size":"auto","background-attachment":"scroll","background-type":"","background-media":"","overlay-type":"","overlay-color":"","overlay-opacity":"","overlay-gradient":""}}},"product_brand":[],"product_cat":[34225],"product_tag":[],"pa_brand_name":[17979],"class_list":{"0":"post-121336","1":"product","2":"type-product","3":"status-publish","4":"has-post-thumbnail","6":"product_cat-summer-tires-pv","7":"pa_brand_name-goodyear","8":"desktop-align-left","9":"tablet-align-left","10":"mobile-align-left","12":"first","13":"instock","14":"taxable","15":"shipping-taxable","16":"purchasable","17":"product-type-simple"},"_links":{"self":[{"href":"https:\/\/shop.rettum.ee\/en\/wp-json\/wp\/v2\/product\/121336","targetHints":{"allow":["GET"]}}],"collection":[{"href":"https:\/\/shop.rettum.ee\/en\/wp-json\/wp\/v2\/product"}],"about":[{"href":"https:\/\/shop.rettum.ee\/en\/wp-json\/wp\/v2\/types\/product"}],"version-history":[{"count":1,"href":"https:\/\/shop.rettum.ee\/en\/wp-json\/wp\/v2\/product\/121336\/revisions"}],"predecessor-version":[{"id":125314,"href":"https:\/\/shop.rettum.ee\/en\/wp-json\/wp\/v2\/product\/121336\/revisions\/125314"}],"wp:featuredmedia":[{"embeddable":true,"href":"https:\/\/shop.rettum.ee\/en\/wp-json\/wp\/v2\/media\/122060"}],"wp:attachment":[{"href":"https:\/\/shop.rettum.ee\/en\/wp-json\/wp\/v2\/media?parent=121336"}],"wp:term":[{"taxonomy":"product_brand","embeddable":true,"href":"https:\/\/shop.rettum.ee\/en\/wp-json\/wp\/v2\/product_brand?post=121336"},{"taxonomy":"product_cat","embeddable":true,"href":"https:\/\/shop.rettum.ee\/en\/wp-json\/wp\/v2\/product_cat?post=121336"},{"taxonomy":"product_tag","embeddable":true,"href":"https:\/\/shop.rettum.ee\/en\/wp-json\/wp\/v2\/product_tag?post=121336"},{"taxonomy":"pa_brand_name","embeddable":true,"href":"https:\/\/shop.rettum.ee\/en\/wp-json\/wp\/v2\/pa_brand_name?post=121336"}],"curies":[{"name":"wp","href":"https:\/\/api.w.org\/{rel}","templated":true}]}}