{"id":125193,"date":"2025-03-31T19:36:48","date_gmt":"2025-03-31T16:36:48","guid":{"rendered":"https:\/\/shop.rettum.ee\/toode\/11-2-20-speedways-gripking-r1-8pr-tt\/"},"modified":"2025-08-08T02:45:31","modified_gmt":"2025-08-07T23:45:31","slug":"11-2-20-speedways-gripking-r1-8pr-tt","status":"publish","type":"product","link":"https:\/\/shop.rettum.ee\/en\/product\/11-2-20-speedways-gripking-r1-8pr-tt\/","title":{"rendered":"11.2-20 Speedways GripKing R1 8PR TT"},"content":{"rendered":"<p>Tutvustame uut 11.2-20 Speedways GripKing R1 8PR TT rehvi, mis on loodud s\u00f5iduohutuse ja j\u00f5udluse tipptasemel tagamiseks. See 2024. aasta Dot m\u00e4rgiga rehv on ideaalne valik neile, kes hindavad usaldusv\u00e4\u00e4rsust ja kvaliteeti igas s\u00f5iduolukorras.<\/p>\n<p>Rehvi m\u00f5\u00f5tmed \u2013 11,2 tolli laius ja 20 tolli l\u00e4bim\u00f5\u00f5t \u2013 tagavad stabiilsuse ja kindla haardumise nii kurvides kui sirgetel teedel. 8-kihiline konstruktsioon suurendab rehvi vastupidavust ja pakub suurep\u00e4rast j\u00f5udlust ka n\u00f5udlikes tingimustes. Speedways GripKing R1 TT on disainitud pakkuma t\u00e4pset reageerimist ja optimaalset kontaktpinda, mis aitab s\u00f5idul hoida maksimaalset kontrolli.<\/p>\n<p>See rehv \u00fchendab kaasaegse tehnoloogia ja rangete kvaliteedistandardite tulemused, olles sobiv nii sportlikule s\u00f5idustiilile kui ka igap\u00e4evastele s\u00f5itudele. Valides Speedways GripKing R1 8PR TT, valite innovatsiooni ja turvalisuse, mis viivad teie s\u00f5iduelamuse uuele tasemele.<\/p>","protected":false},"excerpt":{"rendered":"<p>Tutvustame uut 11.2-20 Speedways GripKing R1 8PR TT rehvi, mis on loodud s\u00f5iduohutuse ja j\u00f5udluse tipptasemel tagamiseks. See 2024. aasta Dot m\u00e4rgiga rehv on ideaalne valik neile, kes hindavad usaldusv\u00e4\u00e4rsust ja kvaliteeti igas s\u00f5iduolukorras. Rehvi m\u00f5\u00f5tmed \u2013 11,2 tolli laius ja 20 tolli l\u00e4bim\u00f5\u00f5t \u2013 tagavad stabiilsuse ja kindla haardumise nii kurvides kui sirgetel teedel. [&hellip;]<\/p>\n","protected":false},"featured_media":124158,"template":"","meta":{"site-sidebar-layout":"default","site-content-layout":"","ast-site-content-layout":"","site-content-style":"default","site-sidebar-style":"default","ast-global-header-display":"","ast-banner-title-visibility":"","ast-main-header-display":"","ast-hfb-above-header-display":"","ast-hfb-below-header-display":"","ast-hfb-mobile-header-display":"","site-post-title":"","ast-breadcrumbs-content":"","ast-featured-img":"","footer-sml-layout":"","theme-transparent-header-meta":"","adv-header-id-meta":"","stick-header-meta":"","header-above-stick-meta":"","header-main-stick-meta":"","header-below-stick-meta":"","astra-migrate-meta-layouts":"default","ast-page-background-enabled":"default","ast-page-background-meta":{"desktop":{"background-color":"","background-image":"","background-repeat":"repeat","background-position":"center center","background-size":"auto","background-attachment":"scroll","background-type":"","background-media":"","overlay-type":"","overlay-color":"","overlay-opacity":"","overlay-gradient":""},"tablet":{"background-color":"","background-image":"","background-repeat":"repeat","background-position":"center center","background-size":"auto","background-attachment":"scroll","background-type":"","background-media":"","overlay-type":"","overlay-color":"","overlay-opacity":"","overlay-gradient":""},"mobile":{"background-color":"","background-image":"","background-repeat":"repeat","background-position":"center center","background-size":"auto","background-attachment":"scroll","background-type":"","background-media":"","overlay-type":"","overlay-color":"","overlay-opacity":"","overlay-gradient":""}},"ast-content-background-meta":{"desktop":{"background-color":"var(--ast-global-color-5)","background-image":"","background-repeat":"repeat","background-position":"center center","background-size":"auto","background-attachment":"scroll","background-type":"","background-media":"","overlay-type":"","overlay-color":"","overlay-opacity":"","overlay-gradient":""},"tablet":{"background-color":"var(--ast-global-color-5)","background-image":"","background-repeat":"repeat","background-position":"center center","background-size":"auto","background-attachment":"scroll","background-type":"","background-media":"","overlay-type":"","overlay-color":"","overlay-opacity":"","overlay-gradient":""},"mobile":{"background-color":"var(--ast-global-color-5)","background-image":"","background-repeat":"repeat","background-position":"center center","background-size":"auto","background-attachment":"scroll","background-type":"","background-media":"","overlay-type":"","overlay-color":"","overlay-opacity":"","overlay-gradient":""}}},"product_brand":[],"product_cat":[34221],"product_tag":[],"pa_brand_name":[16429],"class_list":{"0":"post-125193","1":"product","2":"type-product","3":"status-publish","4":"has-post-thumbnail","6":"product_cat-tractor","7":"pa_brand_name-speedways","8":"desktop-align-left","9":"tablet-align-left","10":"mobile-align-left","12":"first","13":"outofstock","14":"taxable","15":"shipping-taxable","16":"purchasable","17":"product-type-simple"},"_links":{"self":[{"href":"https:\/\/shop.rettum.ee\/en\/wp-json\/wp\/v2\/product\/125193","targetHints":{"allow":["GET"]}}],"collection":[{"href":"https:\/\/shop.rettum.ee\/en\/wp-json\/wp\/v2\/product"}],"about":[{"href":"https:\/\/shop.rettum.ee\/en\/wp-json\/wp\/v2\/types\/product"}],"version-history":[{"count":1,"href":"https:\/\/shop.rettum.ee\/en\/wp-json\/wp\/v2\/product\/125193\/revisions"}],"predecessor-version":[{"id":125309,"href":"https:\/\/shop.rettum.ee\/en\/wp-json\/wp\/v2\/product\/125193\/revisions\/125309"}],"wp:featuredmedia":[{"embeddable":true,"href":"https:\/\/shop.rettum.ee\/en\/wp-json\/wp\/v2\/media\/124158"}],"wp:attachment":[{"href":"https:\/\/shop.rettum.ee\/en\/wp-json\/wp\/v2\/media?parent=125193"}],"wp:term":[{"taxonomy":"product_brand","embeddable":true,"href":"https:\/\/shop.rettum.ee\/en\/wp-json\/wp\/v2\/product_brand?post=125193"},{"taxonomy":"product_cat","embeddable":true,"href":"https:\/\/shop.rettum.ee\/en\/wp-json\/wp\/v2\/product_cat?post=125193"},{"taxonomy":"product_tag","embeddable":true,"href":"https:\/\/shop.rettum.ee\/en\/wp-json\/wp\/v2\/product_tag?post=125193"},{"taxonomy":"pa_brand_name","embeddable":true,"href":"https:\/\/shop.rettum.ee\/en\/wp-json\/wp\/v2\/pa_brand_name?post=125193"}],"curies":[{"name":"wp","href":"https:\/\/api.w.org\/{rel}","templated":true}]}}