{"id":125195,"date":"2025-03-31T19:36:49","date_gmt":"2025-03-31T16:36:49","guid":{"rendered":"https:\/\/shop.rettum.ee\/toode\/600-50-22-5-ascenso-ftb190-16pr-tl\/"},"modified":"2025-10-25T02:45:19","modified_gmt":"2025-10-24T23:45:19","slug":"600-50-22-5-ascenso-ftb190-16pr-tl","status":"publish","type":"product","link":"https:\/\/shop.rettum.ee\/en\/product\/600-50-22-5-ascenso-ftb190-16pr-tl\/","title":{"rendered":"600\/50-22.5 Ascenso FTB190 16PR TL"},"content":{"rendered":"<p>Tutvustame Ascenso FTB190 16PR TL rehvi \u2013 parim valik t\u00f6\u00f6kindluse ja tipptasemel j\u00f5udluse hindamiseks. See 600\/50-22.5 rehv on spetsiaalselt projekteeritud vastama n\u00f5udlikele tingimustele, pakkudes stabiilsust ja vastupidavust erinevatel t\u00f6\u00f6- ja maastikutingimustel. Rehvi laiuseks on 600 mm ja k\u00fcljeekraaniks 50%, tagades optimaalne haarduvus ning sobiva seotuse s\u00f5iduki kerega. L\u00e4bim\u00f5\u00f5t 22,5 tolli sobib paljudele raskeveoki ja ehitust\u00f6\u00f6de jaoks m\u00f5eldud masinatele ning 16PR konstruktsioon tagab suure koormuskandevuse ja pika eluea.<\/p>\n<p>Ascenso br\u00e4nd on tuntud oma kvaliteetse ja innovaatilise disaini poolest, mis vastab k\u00f5ige rangematele ohutus- ja t\u00f6\u00f6tingimustele. Uue DOT aasta 2024 mudelina on see rehv loodud kaasaegse tehnoloogia ja rangete testide tulemusena, pakkudes usaldusv\u00e4\u00e4rset j\u00f5udlust ka k\u00f5ige n\u00f5udlikumates olukordades.<\/p>\n<p>Vali Ascenso FTB190 16PR TL rehv ning kindlusta oma s\u00f5idukite maksimaalne t\u00f6\u00f6kindlus ja ohutus igap\u00e4evasteks v\u00e4ljakutseteks. Avastage kvaliteet ja innovatsioon otse teel \u2013 usaldage Ascenso rehvi oma t\u00f6\u00f6tingimustes!<\/p>","protected":false},"excerpt":{"rendered":"<p>Tutvustame Ascenso FTB190 16PR TL rehvi \u2013 parim valik t\u00f6\u00f6kindluse ja tipptasemel j\u00f5udluse hindamiseks. See 600\/50-22.5 rehv on spetsiaalselt projekteeritud vastama n\u00f5udlikele tingimustele, pakkudes stabiilsust ja vastupidavust erinevatel t\u00f6\u00f6- ja maastikutingimustel. Rehvi laiuseks on 600 mm ja k\u00fcljeekraaniks 50%, tagades optimaalne haarduvus ning sobiva seotuse s\u00f5iduki kerega. L\u00e4bim\u00f5\u00f5t 22,5 tolli sobib paljudele raskeveoki ja ehitust\u00f6\u00f6de [&hellip;]<\/p>\n","protected":false},"featured_media":123471,"template":"","meta":{"site-sidebar-layout":"default","site-content-layout":"","ast-site-content-layout":"","site-content-style":"default","site-sidebar-style":"default","ast-global-header-display":"","ast-banner-title-visibility":"","ast-main-header-display":"","ast-hfb-above-header-display":"","ast-hfb-below-header-display":"","ast-hfb-mobile-header-display":"","site-post-title":"","ast-breadcrumbs-content":"","ast-featured-img":"","footer-sml-layout":"","theme-transparent-header-meta":"","adv-header-id-meta":"","stick-header-meta":"","header-above-stick-meta":"","header-main-stick-meta":"","header-below-stick-meta":"","astra-migrate-meta-layouts":"default","ast-page-background-enabled":"default","ast-page-background-meta":{"desktop":{"background-color":"","background-image":"","background-repeat":"repeat","background-position":"center center","background-size":"auto","background-attachment":"scroll","background-type":"","background-media":"","overlay-type":"","overlay-color":"","overlay-opacity":"","overlay-gradient":""},"tablet":{"background-color":"","background-image":"","background-repeat":"repeat","background-position":"center center","background-size":"auto","background-attachment":"scroll","background-type":"","background-media":"","overlay-type":"","overlay-color":"","overlay-opacity":"","overlay-gradient":""},"mobile":{"background-color":"","background-image":"","background-repeat":"repeat","background-position":"center center","background-size":"auto","background-attachment":"scroll","background-type":"","background-media":"","overlay-type":"","overlay-color":"","overlay-opacity":"","overlay-gradient":""}},"ast-content-background-meta":{"desktop":{"background-color":"var(--ast-global-color-5)","background-image":"","background-repeat":"repeat","background-position":"center center","background-size":"auto","background-attachment":"scroll","background-type":"","background-media":"","overlay-type":"","overlay-color":"","overlay-opacity":"","overlay-gradient":""},"tablet":{"background-color":"var(--ast-global-color-5)","background-image":"","background-repeat":"repeat","background-position":"center center","background-size":"auto","background-attachment":"scroll","background-type":"","background-media":"","overlay-type":"","overlay-color":"","overlay-opacity":"","overlay-gradient":""},"mobile":{"background-color":"var(--ast-global-color-5)","background-image":"","background-repeat":"repeat","background-position":"center center","background-size":"auto","background-attachment":"scroll","background-type":"","background-media":"","overlay-type":"","overlay-color":"","overlay-opacity":"","overlay-gradient":""}}},"product_brand":[],"product_cat":[34221],"product_tag":[],"pa_brand_name":[16520],"class_list":{"0":"post-125195","1":"product","2":"type-product","3":"status-publish","4":"has-post-thumbnail","6":"product_cat-tractor","7":"pa_brand_name-ascenso","8":"desktop-align-left","9":"tablet-align-left","10":"mobile-align-left","12":"first","13":"outofstock","14":"taxable","15":"shipping-taxable","16":"purchasable","17":"product-type-simple"},"_links":{"self":[{"href":"https:\/\/shop.rettum.ee\/en\/wp-json\/wp\/v2\/product\/125195","targetHints":{"allow":["GET"]}}],"collection":[{"href":"https:\/\/shop.rettum.ee\/en\/wp-json\/wp\/v2\/product"}],"about":[{"href":"https:\/\/shop.rettum.ee\/en\/wp-json\/wp\/v2\/types\/product"}],"version-history":[{"count":1,"href":"https:\/\/shop.rettum.ee\/en\/wp-json\/wp\/v2\/product\/125195\/revisions"}],"predecessor-version":[{"id":125307,"href":"https:\/\/shop.rettum.ee\/en\/wp-json\/wp\/v2\/product\/125195\/revisions\/125307"}],"wp:featuredmedia":[{"embeddable":true,"href":"https:\/\/shop.rettum.ee\/en\/wp-json\/wp\/v2\/media\/123471"}],"wp:attachment":[{"href":"https:\/\/shop.rettum.ee\/en\/wp-json\/wp\/v2\/media?parent=125195"}],"wp:term":[{"taxonomy":"product_brand","embeddable":true,"href":"https:\/\/shop.rettum.ee\/en\/wp-json\/wp\/v2\/product_brand?post=125195"},{"taxonomy":"product_cat","embeddable":true,"href":"https:\/\/shop.rettum.ee\/en\/wp-json\/wp\/v2\/product_cat?post=125195"},{"taxonomy":"product_tag","embeddable":true,"href":"https:\/\/shop.rettum.ee\/en\/wp-json\/wp\/v2\/product_tag?post=125195"},{"taxonomy":"pa_brand_name","embeddable":true,"href":"https:\/\/shop.rettum.ee\/en\/wp-json\/wp\/v2\/pa_brand_name?post=125195"}],"curies":[{"name":"wp","href":"https:\/\/api.w.org\/{rel}","templated":true}]}}