{"id":125197,"date":"2025-03-31T19:36:50","date_gmt":"2025-03-31T16:36:50","guid":{"rendered":"https:\/\/shop.rettum.ee\/toode\/16-9-28-ascenso-boss-14pr-tl\/"},"modified":"2025-10-04T02:45:32","modified_gmt":"2025-10-03T23:45:32","slug":"16-9-28-ascenso-boss-14pr-tl","status":"publish","type":"product","link":"https:\/\/shop.rettum.ee\/en\/product\/16-9-28-ascenso-boss-14pr-tl\/","title":{"rendered":"16.9-28 Ascenso BOSS 14PR TL"},"content":{"rendered":"<p>Ascenso BOSS 14PR TL on usaldusv\u00e4\u00e4rne rehv, mis tagab kindla ja turvalise s\u00f5iduelamuse. Selle m\u00f5\u00f5tmed \u2013 16.9 tolli laius ja 28 tolli l\u00e4bim\u00f5\u00f5t \u2013 v\u00f5imaldavad saavutada optimaalse haarduvuse ja stabiilsuse erinevates s\u00f5idutingimustes. 14-kihiline konstruktsioon (14PR) tagab tugeva ja vastupidava struktuuri, mis sobib eriti h\u00e4sti n\u00f5udlikeks rakendusteks. <\/p>\n<p>Rehv on tootmisaasta 2024 m\u00e4rgiga, mis kinnitab, et tegemist on kaasaegse ja kvaliteetse tootega. Ascenso br\u00e4nd on tuntud oma kindlameelsuse ja usaldusv\u00e4\u00e4rsuse poolest, pakkudes lahendusi nii igap\u00e4evasel kui ka eritingimustel s\u00f5itmiseks. <\/p>\n<p>Kuigi t\u00e4iendavad tehnilised detailid (nt kiiruse- ja koormusindeks) puuduvad, sobib Ascenso BOSS 14PR TL neile, kes v\u00e4\u00e4rtustavad tugevat konstruktsiooni ja p\u00fcsivat j\u00f5udlust. Ideaalne valik juhtidele, kes soovivad nautida turvalist ja stabiilset s\u00f5itu igal teekonnal.<\/p>","protected":false},"excerpt":{"rendered":"<p>Ascenso BOSS 14PR TL on usaldusv\u00e4\u00e4rne rehv, mis tagab kindla ja turvalise s\u00f5iduelamuse. Selle m\u00f5\u00f5tmed \u2013 16.9 tolli laius ja 28 tolli l\u00e4bim\u00f5\u00f5t \u2013 v\u00f5imaldavad saavutada optimaalse haarduvuse ja stabiilsuse erinevates s\u00f5idutingimustes. 14-kihiline konstruktsioon (14PR) tagab tugeva ja vastupidava struktuuri, mis sobib eriti h\u00e4sti n\u00f5udlikeks rakendusteks. Rehv on tootmisaasta 2024 m\u00e4rgiga, mis kinnitab, et tegemist [&hellip;]<\/p>\n","protected":false},"featured_media":58073,"template":"","meta":{"site-sidebar-layout":"default","site-content-layout":"","ast-site-content-layout":"","site-content-style":"default","site-sidebar-style":"default","ast-global-header-display":"","ast-banner-title-visibility":"","ast-main-header-display":"","ast-hfb-above-header-display":"","ast-hfb-below-header-display":"","ast-hfb-mobile-header-display":"","site-post-title":"","ast-breadcrumbs-content":"","ast-featured-img":"","footer-sml-layout":"","theme-transparent-header-meta":"","adv-header-id-meta":"","stick-header-meta":"","header-above-stick-meta":"","header-main-stick-meta":"","header-below-stick-meta":"","astra-migrate-meta-layouts":"default","ast-page-background-enabled":"default","ast-page-background-meta":{"desktop":{"background-color":"","background-image":"","background-repeat":"repeat","background-position":"center center","background-size":"auto","background-attachment":"scroll","background-type":"","background-media":"","overlay-type":"","overlay-color":"","overlay-opacity":"","overlay-gradient":""},"tablet":{"background-color":"","background-image":"","background-repeat":"repeat","background-position":"center center","background-size":"auto","background-attachment":"scroll","background-type":"","background-media":"","overlay-type":"","overlay-color":"","overlay-opacity":"","overlay-gradient":""},"mobile":{"background-color":"","background-image":"","background-repeat":"repeat","background-position":"center center","background-size":"auto","background-attachment":"scroll","background-type":"","background-media":"","overlay-type":"","overlay-color":"","overlay-opacity":"","overlay-gradient":""}},"ast-content-background-meta":{"desktop":{"background-color":"var(--ast-global-color-5)","background-image":"","background-repeat":"repeat","background-position":"center center","background-size":"auto","background-attachment":"scroll","background-type":"","background-media":"","overlay-type":"","overlay-color":"","overlay-opacity":"","overlay-gradient":""},"tablet":{"background-color":"var(--ast-global-color-5)","background-image":"","background-repeat":"repeat","background-position":"center center","background-size":"auto","background-attachment":"scroll","background-type":"","background-media":"","overlay-type":"","overlay-color":"","overlay-opacity":"","overlay-gradient":""},"mobile":{"background-color":"var(--ast-global-color-5)","background-image":"","background-repeat":"repeat","background-position":"center center","background-size":"auto","background-attachment":"scroll","background-type":"","background-media":"","overlay-type":"","overlay-color":"","overlay-opacity":"","overlay-gradient":""}}},"product_brand":[],"product_cat":[34222],"product_tag":[],"pa_brand_name":[16520],"class_list":{"0":"post-125197","1":"product","2":"type-product","3":"status-publish","4":"has-post-thumbnail","6":"product_cat-em-industry","7":"pa_brand_name-ascenso","8":"desktop-align-left","9":"tablet-align-left","10":"mobile-align-left","12":"first","13":"outofstock","14":"taxable","15":"shipping-taxable","16":"purchasable","17":"product-type-simple"},"_links":{"self":[{"href":"https:\/\/shop.rettum.ee\/en\/wp-json\/wp\/v2\/product\/125197","targetHints":{"allow":["GET"]}}],"collection":[{"href":"https:\/\/shop.rettum.ee\/en\/wp-json\/wp\/v2\/product"}],"about":[{"href":"https:\/\/shop.rettum.ee\/en\/wp-json\/wp\/v2\/types\/product"}],"version-history":[{"count":1,"href":"https:\/\/shop.rettum.ee\/en\/wp-json\/wp\/v2\/product\/125197\/revisions"}],"predecessor-version":[{"id":125305,"href":"https:\/\/shop.rettum.ee\/en\/wp-json\/wp\/v2\/product\/125197\/revisions\/125305"}],"wp:featuredmedia":[{"embeddable":true,"href":"https:\/\/shop.rettum.ee\/en\/wp-json\/wp\/v2\/media\/58073"}],"wp:attachment":[{"href":"https:\/\/shop.rettum.ee\/en\/wp-json\/wp\/v2\/media?parent=125197"}],"wp:term":[{"taxonomy":"product_brand","embeddable":true,"href":"https:\/\/shop.rettum.ee\/en\/wp-json\/wp\/v2\/product_brand?post=125197"},{"taxonomy":"product_cat","embeddable":true,"href":"https:\/\/shop.rettum.ee\/en\/wp-json\/wp\/v2\/product_cat?post=125197"},{"taxonomy":"product_tag","embeddable":true,"href":"https:\/\/shop.rettum.ee\/en\/wp-json\/wp\/v2\/product_tag?post=125197"},{"taxonomy":"pa_brand_name","embeddable":true,"href":"https:\/\/shop.rettum.ee\/en\/wp-json\/wp\/v2\/pa_brand_name?post=125197"}],"curies":[{"name":"wp","href":"https:\/\/api.w.org\/{rel}","templated":true}]}}