{"id":125200,"date":"2025-03-31T19:36:53","date_gmt":"2025-03-31T16:36:53","guid":{"rendered":"https:\/\/shop.rettum.ee\/toode\/120-70zr17-mitas-sportforce-58w-tl-touring-sport-tourin-front\/"},"modified":"2026-03-22T02:45:25","modified_gmt":"2026-03-22T00:45:25","slug":"120-70zr17-mitas-sportforce-58w-tl-touring-sport-tourin-front","status":"publish","type":"product","link":"https:\/\/shop.rettum.ee\/en\/product\/120-70zr17-mitas-sportforce-58w-tl-touring-sport-tourin-front\/","title":{"rendered":"120\/70ZR17 Mitas SPORTFORCE+ 58W TL TOURING SPORT TOURIN Front"},"content":{"rendered":"<p>Tutvustame Mitas SPORTFORCE+ rehvi \u2013 usaldusv\u00e4\u00e4rset ja sportlikku valikut eesjatastele s\u00f5idukitele. Rehvi m\u00f5\u00f5tmed 120\/70ZR17 tagavad optimaalse kontakti teepinnaga, pakkudes t\u00e4pset juhtimist ja suurep\u00e4rast stabiilsust nii igap\u00e4evasel kui d\u00fcnaamilisel s\u00f5idul. 120 mm laius ja 70% k\u00fcljeproportsioon loovad ideaalse tasakaalu man\u00f6\u00f6verdusv\u00f5ime ja s\u00f5iduomaduste vahel, mis v\u00f5imaldab nautida t\u00e4psust ja turvalisust isegi olukordades, kus kiirusindeks W m\u00e4ngib olulist rolli.<\/p>\n<p>Mitas on tuntud oma innovaatiliste ja vastupidavate rehvide poolest, mis on loodud kindlaks ja stabiilseks s\u00f5idukogemuseks. Rehvi konstruktsioon, mille kaal on 4,7 kg ja mis on radiaalkujuline, tagab \u00fchtlase kulumise ja optimaalse j\u00f5udluse. Dot Year 2025 kinnitab, et tegemist on kaasaegse standarditele vastava tootega.<\/p>\n<p>Vali Mitas SPORTFORCE+ rehvid, et kogeda sportlikku s\u00f5idunaudingut ja turvalist reisi igas olukorras.<\/p>","protected":false},"excerpt":{"rendered":"<p>Tutvustame Mitas SPORTFORCE+ rehvi \u2013 usaldusv\u00e4\u00e4rset ja sportlikku valikut eesjatastele s\u00f5idukitele. Rehvi m\u00f5\u00f5tmed 120\/70ZR17 tagavad optimaalse kontakti teepinnaga, pakkudes t\u00e4pset juhtimist ja suurep\u00e4rast stabiilsust nii igap\u00e4evasel kui d\u00fcnaamilisel s\u00f5idul. 120 mm laius ja 70% k\u00fcljeproportsioon loovad ideaalse tasakaalu man\u00f6\u00f6verdusv\u00f5ime ja s\u00f5iduomaduste vahel, mis v\u00f5imaldab nautida t\u00e4psust ja turvalisust isegi olukordades, kus kiirusindeks W m\u00e4ngib olulist [&hellip;]<\/p>\n","protected":false},"featured_media":125128,"template":"","meta":{"site-sidebar-layout":"default","site-content-layout":"","ast-site-content-layout":"","site-content-style":"default","site-sidebar-style":"default","ast-global-header-display":"","ast-banner-title-visibility":"","ast-main-header-display":"","ast-hfb-above-header-display":"","ast-hfb-below-header-display":"","ast-hfb-mobile-header-display":"","site-post-title":"","ast-breadcrumbs-content":"","ast-featured-img":"","footer-sml-layout":"","theme-transparent-header-meta":"","adv-header-id-meta":"","stick-header-meta":"","header-above-stick-meta":"","header-main-stick-meta":"","header-below-stick-meta":"","astra-migrate-meta-layouts":"default","ast-page-background-enabled":"default","ast-page-background-meta":{"desktop":{"background-color":"","background-image":"","background-repeat":"repeat","background-position":"center center","background-size":"auto","background-attachment":"scroll","background-type":"","background-media":"","overlay-type":"","overlay-color":"","overlay-opacity":"","overlay-gradient":""},"tablet":{"background-color":"","background-image":"","background-repeat":"repeat","background-position":"center center","background-size":"auto","background-attachment":"scroll","background-type":"","background-media":"","overlay-type":"","overlay-color":"","overlay-opacity":"","overlay-gradient":""},"mobile":{"background-color":"","background-image":"","background-repeat":"repeat","background-position":"center center","background-size":"auto","background-attachment":"scroll","background-type":"","background-media":"","overlay-type":"","overlay-color":"","overlay-opacity":"","overlay-gradient":""}},"ast-content-background-meta":{"desktop":{"background-color":"var(--ast-global-color-5)","background-image":"","background-repeat":"repeat","background-position":"center center","background-size":"auto","background-attachment":"scroll","background-type":"","background-media":"","overlay-type":"","overlay-color":"","overlay-opacity":"","overlay-gradient":""},"tablet":{"background-color":"var(--ast-global-color-5)","background-image":"","background-repeat":"repeat","background-position":"center center","background-size":"auto","background-attachment":"scroll","background-type":"","background-media":"","overlay-type":"","overlay-color":"","overlay-opacity":"","overlay-gradient":""},"mobile":{"background-color":"var(--ast-global-color-5)","background-image":"","background-repeat":"repeat","background-position":"center center","background-size":"auto","background-attachment":"scroll","background-type":"","background-media":"","overlay-type":"","overlay-color":"","overlay-opacity":"","overlay-gradient":""}}},"product_brand":[],"product_cat":[34223],"product_tag":[],"pa_brand_name":[17290],"class_list":{"0":"post-125200","1":"product","2":"type-product","3":"status-publish","4":"has-post-thumbnail","6":"product_cat-mc-tires","7":"pa_brand_name-mitas","8":"desktop-align-left","9":"tablet-align-left","10":"mobile-align-left","12":"first","13":"outofstock","14":"taxable","15":"shipping-taxable","16":"purchasable","17":"product-type-simple"},"_links":{"self":[{"href":"https:\/\/shop.rettum.ee\/en\/wp-json\/wp\/v2\/product\/125200","targetHints":{"allow":["GET"]}}],"collection":[{"href":"https:\/\/shop.rettum.ee\/en\/wp-json\/wp\/v2\/product"}],"about":[{"href":"https:\/\/shop.rettum.ee\/en\/wp-json\/wp\/v2\/types\/product"}],"version-history":[{"count":1,"href":"https:\/\/shop.rettum.ee\/en\/wp-json\/wp\/v2\/product\/125200\/revisions"}],"predecessor-version":[{"id":125302,"href":"https:\/\/shop.rettum.ee\/en\/wp-json\/wp\/v2\/product\/125200\/revisions\/125302"}],"wp:featuredmedia":[{"embeddable":true,"href":"https:\/\/shop.rettum.ee\/en\/wp-json\/wp\/v2\/media\/125128"}],"wp:attachment":[{"href":"https:\/\/shop.rettum.ee\/en\/wp-json\/wp\/v2\/media?parent=125200"}],"wp:term":[{"taxonomy":"product_brand","embeddable":true,"href":"https:\/\/shop.rettum.ee\/en\/wp-json\/wp\/v2\/product_brand?post=125200"},{"taxonomy":"product_cat","embeddable":true,"href":"https:\/\/shop.rettum.ee\/en\/wp-json\/wp\/v2\/product_cat?post=125200"},{"taxonomy":"product_tag","embeddable":true,"href":"https:\/\/shop.rettum.ee\/en\/wp-json\/wp\/v2\/product_tag?post=125200"},{"taxonomy":"pa_brand_name","embeddable":true,"href":"https:\/\/shop.rettum.ee\/en\/wp-json\/wp\/v2\/pa_brand_name?post=125200"}],"curies":[{"name":"wp","href":"https:\/\/api.w.org\/{rel}","templated":true}]}}