{"id":125202,"date":"2025-03-31T19:36:55","date_gmt":"2025-03-31T16:36:55","guid":{"rendered":"https:\/\/shop.rettum.ee\/toode\/180-55zr17-pirelli-diablo-rosso-iv-73w-tl-sport-touring-trac-rear\/"},"modified":"2026-03-22T02:45:34","modified_gmt":"2026-03-22T00:45:34","slug":"180-55zr17-pirelli-diablo-rosso-iv-73w-tl-sport-touring-trac-rear","status":"publish","type":"product","link":"https:\/\/shop.rettum.ee\/en\/product\/180-55zr17-pirelli-diablo-rosso-iv-73w-tl-sport-touring-trac-rear\/","title":{"rendered":"180\/55ZR17 Pirelli DIABLO ROSSO IV 73W TL SPORT TOURING &#038; TRAC Rear"},"content":{"rendered":"<p>Tutvustame uut Pirelli DIABLO ROSSO IV tagarehvi m\u00f5\u00f5tmetega 180\/55ZR17 \u2013 ideaalne lahendus sportliku s\u00f5idu ja reisitiimi jaoks. See 6,4 kg kaaluv rehv on disainitud pakkuma erakordset haarduvust ja stabiilsust, tagades kindla s\u00f5idu igas olukorras. Suurep\u00e4rase 55% k\u00fclgede ja 180 mm laiuse \u00fchendus v\u00f5imaldab optimaalse j\u00f5udluse ning tagab kiire reageerimise nii kurvides kui ka sirgete teedel.<\/p>\n<p>Pirelli tuntud innovatsiooni ja kvaliteedi poolest ning see rehv vastab nende k\u00f5rgetele n\u00f5udmistele. Load index 73 ja speed index W viitavad rehvi v\u00f5imele taluda vastavaid koormusi ja tunduvaid kiirusi, pakkudes samas turvalist ja kontrollitud s\u00f5iduomadust. DOT-aasta 2024 tagab, et rehv on uusim tehnoloogiat ja ohutusstandardeid silmas pidades toodetud.<\/p>\n<p>Sobides suurep\u00e4raselt s\u00f5idu- ja turismauto tagarehviks, on Pirelli DIABLO ROSSO IV ideaalne valik neile, kes hindavad sportlikkust, usaldusv\u00e4\u00e4rsust ja pikka s\u00f5idukindlust. Proovi seda uhket ja v\u00f5imsat rehvivahetust, mis viib sinu s\u00f5iduelamuse j\u00e4rgmisele tasemele!<\/p>","protected":false},"excerpt":{"rendered":"<p>Tutvustame uut Pirelli DIABLO ROSSO IV tagarehvi m\u00f5\u00f5tmetega 180\/55ZR17 \u2013 ideaalne lahendus sportliku s\u00f5idu ja reisitiimi jaoks. See 6,4 kg kaaluv rehv on disainitud pakkuma erakordset haarduvust ja stabiilsust, tagades kindla s\u00f5idu igas olukorras. Suurep\u00e4rase 55% k\u00fclgede ja 180 mm laiuse \u00fchendus v\u00f5imaldab optimaalse j\u00f5udluse ning tagab kiire reageerimise nii kurvides kui ka sirgete teedel. [&hellip;]<\/p>\n","protected":false},"featured_media":57307,"template":"","meta":{"site-sidebar-layout":"default","site-content-layout":"","ast-site-content-layout":"","site-content-style":"default","site-sidebar-style":"default","ast-global-header-display":"","ast-banner-title-visibility":"","ast-main-header-display":"","ast-hfb-above-header-display":"","ast-hfb-below-header-display":"","ast-hfb-mobile-header-display":"","site-post-title":"","ast-breadcrumbs-content":"","ast-featured-img":"","footer-sml-layout":"","theme-transparent-header-meta":"","adv-header-id-meta":"","stick-header-meta":"","header-above-stick-meta":"","header-main-stick-meta":"","header-below-stick-meta":"","astra-migrate-meta-layouts":"default","ast-page-background-enabled":"default","ast-page-background-meta":{"desktop":{"background-color":"","background-image":"","background-repeat":"repeat","background-position":"center center","background-size":"auto","background-attachment":"scroll","background-type":"","background-media":"","overlay-type":"","overlay-color":"","overlay-opacity":"","overlay-gradient":""},"tablet":{"background-color":"","background-image":"","background-repeat":"repeat","background-position":"center center","background-size":"auto","background-attachment":"scroll","background-type":"","background-media":"","overlay-type":"","overlay-color":"","overlay-opacity":"","overlay-gradient":""},"mobile":{"background-color":"","background-image":"","background-repeat":"repeat","background-position":"center center","background-size":"auto","background-attachment":"scroll","background-type":"","background-media":"","overlay-type":"","overlay-color":"","overlay-opacity":"","overlay-gradient":""}},"ast-content-background-meta":{"desktop":{"background-color":"var(--ast-global-color-5)","background-image":"","background-repeat":"repeat","background-position":"center center","background-size":"auto","background-attachment":"scroll","background-type":"","background-media":"","overlay-type":"","overlay-color":"","overlay-opacity":"","overlay-gradient":""},"tablet":{"background-color":"var(--ast-global-color-5)","background-image":"","background-repeat":"repeat","background-position":"center center","background-size":"auto","background-attachment":"scroll","background-type":"","background-media":"","overlay-type":"","overlay-color":"","overlay-opacity":"","overlay-gradient":""},"mobile":{"background-color":"var(--ast-global-color-5)","background-image":"","background-repeat":"repeat","background-position":"center center","background-size":"auto","background-attachment":"scroll","background-type":"","background-media":"","overlay-type":"","overlay-color":"","overlay-opacity":"","overlay-gradient":""}}},"product_brand":[],"product_cat":[34223],"product_tag":[],"pa_brand_name":[17329],"class_list":{"0":"post-125202","1":"product","2":"type-product","3":"status-publish","4":"has-post-thumbnail","6":"product_cat-mc-tires","7":"pa_brand_name-pirelli","8":"desktop-align-left","9":"tablet-align-left","10":"mobile-align-left","12":"first","13":"outofstock","14":"taxable","15":"shipping-taxable","16":"purchasable","17":"product-type-simple"},"_links":{"self":[{"href":"https:\/\/shop.rettum.ee\/en\/wp-json\/wp\/v2\/product\/125202","targetHints":{"allow":["GET"]}}],"collection":[{"href":"https:\/\/shop.rettum.ee\/en\/wp-json\/wp\/v2\/product"}],"about":[{"href":"https:\/\/shop.rettum.ee\/en\/wp-json\/wp\/v2\/types\/product"}],"version-history":[{"count":3,"href":"https:\/\/shop.rettum.ee\/en\/wp-json\/wp\/v2\/product\/125202\/revisions"}],"predecessor-version":[{"id":125391,"href":"https:\/\/shop.rettum.ee\/en\/wp-json\/wp\/v2\/product\/125202\/revisions\/125391"}],"wp:featuredmedia":[{"embeddable":true,"href":"https:\/\/shop.rettum.ee\/en\/wp-json\/wp\/v2\/media\/57307"}],"wp:attachment":[{"href":"https:\/\/shop.rettum.ee\/en\/wp-json\/wp\/v2\/media?parent=125202"}],"wp:term":[{"taxonomy":"product_brand","embeddable":true,"href":"https:\/\/shop.rettum.ee\/en\/wp-json\/wp\/v2\/product_brand?post=125202"},{"taxonomy":"product_cat","embeddable":true,"href":"https:\/\/shop.rettum.ee\/en\/wp-json\/wp\/v2\/product_cat?post=125202"},{"taxonomy":"product_tag","embeddable":true,"href":"https:\/\/shop.rettum.ee\/en\/wp-json\/wp\/v2\/product_tag?post=125202"},{"taxonomy":"pa_brand_name","embeddable":true,"href":"https:\/\/shop.rettum.ee\/en\/wp-json\/wp\/v2\/pa_brand_name?post=125202"}],"curies":[{"name":"wp","href":"https:\/\/api.w.org\/{rel}","templated":true}]}}