{"id":125207,"date":"2025-03-31T19:36:59","date_gmt":"2025-03-31T16:36:59","guid":{"rendered":"https:\/\/shop.rettum.ee\/toode\/195-55r15-gt-radial-fe2-85v-dab69\/"},"modified":"2026-03-22T02:45:57","modified_gmt":"2026-03-22T00:45:57","slug":"195-55r15-gt-radial-fe2-85v-dab69","status":"publish","type":"product","link":"https:\/\/shop.rettum.ee\/en\/product\/195-55r15-gt-radial-fe2-85v-dab69\/","title":{"rendered":"195\/55R15 GT RADIAL FE2 85V DAB69"},"content":{"rendered":"<p>195\/55R15 GT RADIAL FE2 85V DAB69 on usaldusv\u00e4\u00e4rne ja kvaliteetne rehv, mis tagab turvalise s\u00f5idu igap\u00e4evasel kasutamisel. Sellel mudelil on klassikaline 195 mm laius ja 55 protsentne k\u00fclgpaneeli k\u00f5rgus, mis loovad optimaalse \u00fchenduse teega. 15-tolline velg ja kerge kaal 7,7 kg muudavad paigaldamise mugavaks ning sobivad h\u00e4sti ka v\u00e4iksematele s\u00f5idukitele.<\/p>\n<p>GT RADIAL FE2 toetub radiaalterehhile, pakkudes stabiilset ja t\u00e4pset s\u00f5iduk\u00e4itumist ning suurep\u00e4rast juhitavust. 85 v\u00f5imsusindeks ja V kiirusindeks tagavad, et rehv suudab toetada piisavalt koormust ja taluda kuni 240 km\/h kiirust, sobides seel\u00e4bi nii linnat\u00e4navele kui ka maanteedele. Rehvi m\u00e4rgade teedel haarduvus on hinnatud A-klassiga, mis parandab turvalisust niisketel ja libedatel teedel.<\/p>\n<p>Lisaks on rehv ehitatud vastavalt Dot 2024 standarditele, mis garanteerib kaasaegse tehnoloogia ja kvaliteedikontrolli j\u00e4rgimise. K\u00fctuses\u00e4\u00e4stlikkuse hinnang D ning m\u00fcra tase B (v\u00e4\u00e4rtus 69) muudavad selle rehvivaliku soodsaks ja mugavaks igap\u00e4evaseks s\u00f5iduks.<\/p>","protected":false},"excerpt":{"rendered":"<p>195\/55R15 GT RADIAL FE2 85V DAB69 on usaldusv\u00e4\u00e4rne ja kvaliteetne rehv, mis tagab turvalise s\u00f5idu igap\u00e4evasel kasutamisel. Sellel mudelil on klassikaline 195 mm laius ja 55 protsentne k\u00fclgpaneeli k\u00f5rgus, mis loovad optimaalse \u00fchenduse teega. 15-tolline velg ja kerge kaal 7,7 kg muudavad paigaldamise mugavaks ning sobivad h\u00e4sti ka v\u00e4iksematele s\u00f5idukitele. GT RADIAL FE2 toetub radiaalterehhile, [&hellip;]<\/p>\n","protected":false},"featured_media":122184,"template":"","meta":{"site-sidebar-layout":"default","site-content-layout":"","ast-site-content-layout":"","site-content-style":"default","site-sidebar-style":"default","ast-global-header-display":"","ast-banner-title-visibility":"","ast-main-header-display":"","ast-hfb-above-header-display":"","ast-hfb-below-header-display":"","ast-hfb-mobile-header-display":"","site-post-title":"","ast-breadcrumbs-content":"","ast-featured-img":"","footer-sml-layout":"","theme-transparent-header-meta":"","adv-header-id-meta":"","stick-header-meta":"","header-above-stick-meta":"","header-main-stick-meta":"","header-below-stick-meta":"","astra-migrate-meta-layouts":"default","ast-page-background-enabled":"default","ast-page-background-meta":{"desktop":{"background-color":"","background-image":"","background-repeat":"repeat","background-position":"center center","background-size":"auto","background-attachment":"scroll","background-type":"","background-media":"","overlay-type":"","overlay-color":"","overlay-opacity":"","overlay-gradient":""},"tablet":{"background-color":"","background-image":"","background-repeat":"repeat","background-position":"center center","background-size":"auto","background-attachment":"scroll","background-type":"","background-media":"","overlay-type":"","overlay-color":"","overlay-opacity":"","overlay-gradient":""},"mobile":{"background-color":"","background-image":"","background-repeat":"repeat","background-position":"center center","background-size":"auto","background-attachment":"scroll","background-type":"","background-media":"","overlay-type":"","overlay-color":"","overlay-opacity":"","overlay-gradient":""}},"ast-content-background-meta":{"desktop":{"background-color":"var(--ast-global-color-5)","background-image":"","background-repeat":"repeat","background-position":"center center","background-size":"auto","background-attachment":"scroll","background-type":"","background-media":"","overlay-type":"","overlay-color":"","overlay-opacity":"","overlay-gradient":""},"tablet":{"background-color":"var(--ast-global-color-5)","background-image":"","background-repeat":"repeat","background-position":"center center","background-size":"auto","background-attachment":"scroll","background-type":"","background-media":"","overlay-type":"","overlay-color":"","overlay-opacity":"","overlay-gradient":""},"mobile":{"background-color":"var(--ast-global-color-5)","background-image":"","background-repeat":"repeat","background-position":"center center","background-size":"auto","background-attachment":"scroll","background-type":"","background-media":"","overlay-type":"","overlay-color":"","overlay-opacity":"","overlay-gradient":""}}},"product_brand":[],"product_cat":[34225],"product_tag":[],"pa_brand_name":[34250],"class_list":{"0":"post-125207","1":"product","2":"type-product","3":"status-publish","4":"has-post-thumbnail","6":"product_cat-summer-tires-pv","7":"pa_brand_name-gt-radial-2","8":"desktop-align-left","9":"tablet-align-left","10":"mobile-align-left","12":"first","13":"outofstock","14":"taxable","15":"shipping-taxable","16":"purchasable","17":"product-type-simple"},"_links":{"self":[{"href":"https:\/\/shop.rettum.ee\/en\/wp-json\/wp\/v2\/product\/125207","targetHints":{"allow":["GET"]}}],"collection":[{"href":"https:\/\/shop.rettum.ee\/en\/wp-json\/wp\/v2\/product"}],"about":[{"href":"https:\/\/shop.rettum.ee\/en\/wp-json\/wp\/v2\/types\/product"}],"version-history":[{"count":1,"href":"https:\/\/shop.rettum.ee\/en\/wp-json\/wp\/v2\/product\/125207\/revisions"}],"predecessor-version":[{"id":125295,"href":"https:\/\/shop.rettum.ee\/en\/wp-json\/wp\/v2\/product\/125207\/revisions\/125295"}],"wp:featuredmedia":[{"embeddable":true,"href":"https:\/\/shop.rettum.ee\/en\/wp-json\/wp\/v2\/media\/122184"}],"wp:attachment":[{"href":"https:\/\/shop.rettum.ee\/en\/wp-json\/wp\/v2\/media?parent=125207"}],"wp:term":[{"taxonomy":"product_brand","embeddable":true,"href":"https:\/\/shop.rettum.ee\/en\/wp-json\/wp\/v2\/product_brand?post=125207"},{"taxonomy":"product_cat","embeddable":true,"href":"https:\/\/shop.rettum.ee\/en\/wp-json\/wp\/v2\/product_cat?post=125207"},{"taxonomy":"product_tag","embeddable":true,"href":"https:\/\/shop.rettum.ee\/en\/wp-json\/wp\/v2\/product_tag?post=125207"},{"taxonomy":"pa_brand_name","embeddable":true,"href":"https:\/\/shop.rettum.ee\/en\/wp-json\/wp\/v2\/pa_brand_name?post=125207"}],"curies":[{"name":"wp","href":"https:\/\/api.w.org\/{rel}","templated":true}]}}