{"id":125212,"date":"2025-03-31T19:37:03","date_gmt":"2025-03-31T16:37:03","guid":{"rendered":"https:\/\/shop.rettum.ee\/toode\/225-50r16-triangle-sportex-th201-96w-xl-rp-ccb72-ms\/"},"modified":"2026-03-22T02:46:15","modified_gmt":"2026-03-22T00:46:15","slug":"225-50r16-triangle-sportex-th201-96w-xl-rp-ccb72-ms","status":"publish","type":"product","link":"https:\/\/shop.rettum.ee\/en\/product\/225-50r16-triangle-sportex-th201-96w-xl-rp-ccb72-ms\/","title":{"rendered":"225\/50R16 TRIANGLE SPORTEX (TH201) 96W XL RP CCB72 M+S"},"content":{"rendered":"<p>Tutvustame uut 225\/50R16 TRIANGLE SPORTEX (TH201) rehvi \u2013 tipptasemel valik t\u00e4nap\u00e4eva s\u00f5idukitele. See 16-tolline rehvidisain \u00fchendab kaasaegse tehnoloogia ja innovatiivse disaini, pakkudes kindlat haardumist ja stabiilsust erinevatel teedel. Rehvi laius 225 mm ning 50% k\u00fclgseisu tagavad optimaalse kontaktpinna, mis soodustab \u00fchtlast ja ohutut s\u00f5itu. <\/p>\n<p>Triangle br\u00e4nd on tuntud oma kvaliteedi ja usaldusv\u00e4\u00e4rsuse poolest, mist\u00f5ttu on TH201 loodud t\u00e4itma ka k\u00f5ige n\u00f5udlikumaid s\u00f5idutingimusi. Selle 96 koormusindeks ja W kiirusindeks v\u00f5imaldavad tugevat koormust ja muljetavaldavat kiirust kuni 270 km\/h, tagades samal ajal k\u00f5rge ohutuse. XL (suurem koormusindeks) omadus ja radiaalne disain lisavad rehvile vastupidavust ja pikaealisust.<\/p>\n<p>Lisaks on rehvil energiat\u00f5hususe hinne C ning madal m\u00fcra tase (klassi B, 72 dB), mis muudab s\u00f5idu mugavaks ja vaikseks. M+S m\u00e4rgisega on see rehvid sobilik ka kergete segapitketeolude ja kergete talveoludega, pakkudes universaalset j\u00f5udlust igas olukorras. DOT Year 2024 tagab kaasaegse tehnoloogia ja v\u00e4rsked standardid. <\/p>\n<p>Valige TRIANGLE SPORTEX (TH201) \u2013 usaldusv\u00e4\u00e4rne ja mitmek\u00fclgne lahendus teie s\u00f5idukile!<\/p>","protected":false},"excerpt":{"rendered":"<p>Tutvustame uut 225\/50R16 TRIANGLE SPORTEX (TH201) rehvi \u2013 tipptasemel valik t\u00e4nap\u00e4eva s\u00f5idukitele. See 16-tolline rehvidisain \u00fchendab kaasaegse tehnoloogia ja innovatiivse disaini, pakkudes kindlat haardumist ja stabiilsust erinevatel teedel. Rehvi laius 225 mm ning 50% k\u00fclgseisu tagavad optimaalse kontaktpinna, mis soodustab \u00fchtlast ja ohutut s\u00f5itu. Triangle br\u00e4nd on tuntud oma kvaliteedi ja usaldusv\u00e4\u00e4rsuse poolest, mist\u00f5ttu on [&hellip;]<\/p>\n","protected":false},"featured_media":124309,"template":"","meta":{"site-sidebar-layout":"default","site-content-layout":"","ast-site-content-layout":"","site-content-style":"default","site-sidebar-style":"default","ast-global-header-display":"","ast-banner-title-visibility":"","ast-main-header-display":"","ast-hfb-above-header-display":"","ast-hfb-below-header-display":"","ast-hfb-mobile-header-display":"","site-post-title":"","ast-breadcrumbs-content":"","ast-featured-img":"","footer-sml-layout":"","theme-transparent-header-meta":"","adv-header-id-meta":"","stick-header-meta":"","header-above-stick-meta":"","header-main-stick-meta":"","header-below-stick-meta":"","astra-migrate-meta-layouts":"default","ast-page-background-enabled":"default","ast-page-background-meta":{"desktop":{"background-color":"","background-image":"","background-repeat":"repeat","background-position":"center center","background-size":"auto","background-attachment":"scroll","background-type":"","background-media":"","overlay-type":"","overlay-color":"","overlay-opacity":"","overlay-gradient":""},"tablet":{"background-color":"","background-image":"","background-repeat":"repeat","background-position":"center center","background-size":"auto","background-attachment":"scroll","background-type":"","background-media":"","overlay-type":"","overlay-color":"","overlay-opacity":"","overlay-gradient":""},"mobile":{"background-color":"","background-image":"","background-repeat":"repeat","background-position":"center center","background-size":"auto","background-attachment":"scroll","background-type":"","background-media":"","overlay-type":"","overlay-color":"","overlay-opacity":"","overlay-gradient":""}},"ast-content-background-meta":{"desktop":{"background-color":"var(--ast-global-color-5)","background-image":"","background-repeat":"repeat","background-position":"center center","background-size":"auto","background-attachment":"scroll","background-type":"","background-media":"","overlay-type":"","overlay-color":"","overlay-opacity":"","overlay-gradient":""},"tablet":{"background-color":"var(--ast-global-color-5)","background-image":"","background-repeat":"repeat","background-position":"center center","background-size":"auto","background-attachment":"scroll","background-type":"","background-media":"","overlay-type":"","overlay-color":"","overlay-opacity":"","overlay-gradient":""},"mobile":{"background-color":"var(--ast-global-color-5)","background-image":"","background-repeat":"repeat","background-position":"center center","background-size":"auto","background-attachment":"scroll","background-type":"","background-media":"","overlay-type":"","overlay-color":"","overlay-opacity":"","overlay-gradient":""}}},"product_brand":[],"product_cat":[34225],"product_tag":[],"pa_brand_name":[16873],"class_list":{"0":"post-125212","1":"product","2":"type-product","3":"status-publish","4":"has-post-thumbnail","6":"product_cat-summer-tires-pv","7":"pa_brand_name-triangle","8":"desktop-align-left","9":"tablet-align-left","10":"mobile-align-left","12":"first","13":"outofstock","14":"taxable","15":"shipping-taxable","16":"purchasable","17":"product-type-simple"},"_links":{"self":[{"href":"https:\/\/shop.rettum.ee\/en\/wp-json\/wp\/v2\/product\/125212","targetHints":{"allow":["GET"]}}],"collection":[{"href":"https:\/\/shop.rettum.ee\/en\/wp-json\/wp\/v2\/product"}],"about":[{"href":"https:\/\/shop.rettum.ee\/en\/wp-json\/wp\/v2\/types\/product"}],"version-history":[{"count":1,"href":"https:\/\/shop.rettum.ee\/en\/wp-json\/wp\/v2\/product\/125212\/revisions"}],"predecessor-version":[{"id":125290,"href":"https:\/\/shop.rettum.ee\/en\/wp-json\/wp\/v2\/product\/125212\/revisions\/125290"}],"wp:featuredmedia":[{"embeddable":true,"href":"https:\/\/shop.rettum.ee\/en\/wp-json\/wp\/v2\/media\/124309"}],"wp:attachment":[{"href":"https:\/\/shop.rettum.ee\/en\/wp-json\/wp\/v2\/media?parent=125212"}],"wp:term":[{"taxonomy":"product_brand","embeddable":true,"href":"https:\/\/shop.rettum.ee\/en\/wp-json\/wp\/v2\/product_brand?post=125212"},{"taxonomy":"product_cat","embeddable":true,"href":"https:\/\/shop.rettum.ee\/en\/wp-json\/wp\/v2\/product_cat?post=125212"},{"taxonomy":"product_tag","embeddable":true,"href":"https:\/\/shop.rettum.ee\/en\/wp-json\/wp\/v2\/product_tag?post=125212"},{"taxonomy":"pa_brand_name","embeddable":true,"href":"https:\/\/shop.rettum.ee\/en\/wp-json\/wp\/v2\/pa_brand_name?post=125212"}],"curies":[{"name":"wp","href":"https:\/\/api.w.org\/{rel}","templated":true}]}}