{"id":125218,"date":"2025-03-31T19:37:08","date_gmt":"2025-03-31T16:37:08","guid":{"rendered":"https:\/\/shop.rettum.ee\/toode\/245-40r20-hankook-ventus-s1-evo-3-k127-99y-xl-rp-cab72\/"},"modified":"2026-03-25T02:46:22","modified_gmt":"2026-03-25T00:46:22","slug":"245-40r20-hankook-ventus-s1-evo-3-k127-99y-xl-rp-cab72","status":"publish","type":"product","link":"https:\/\/shop.rettum.ee\/en\/product\/245-40r20-hankook-ventus-s1-evo-3-k127-99y-xl-rp-cab72\/","title":{"rendered":"245\/40R20 HANKOOK VENTUS S1 EVO 3 (K127) 99Y XL RP CAB72"},"content":{"rendered":"<p>HANKOOK VENTUS S1 EVO 3 (K127) rehvid on ideaalne valik autojuhile, kes hindab sportlikku ja turvalist s\u00f5idukogemust. Rehvi m\u00f5\u00f5tmed 245\/40R20 tagavad optimaalse juhitavuse ja stabiilsuse, pakkudes muljetavaldavat haardumist m\u00e4rgadel teedel, mida kinnitab klass A m\u00e4rgiv\u00f5ime. 245 mm laius ja 20-tolline l\u00e4bim\u00f5\u00f5t on hoolikalt konstrueeritud pakkuma t\u00e4pset reaktsiooni ja k\u00f5rget stabiilsust ka kiiretel s\u00f5itudel.<\/p>\n<p>Rehvi 99 koormusindeks ja kiirusindeks Y tagavad kindluse ka n\u00f5udlikes s\u00f5iduoludes, samas XL-r\u00f5hk hoiab rehvi t\u00f6\u00f6kindlana pikemas perspektiivis. HANKOOK on tuntud oma kvaliteedi poolest, pakkudes lisaks usaldusv\u00e4\u00e4rsusele ka keskmist k\u00fctuses\u00e4\u00e4stlikkust (klass C) ning v\u00e4hest m\u00fcrataset (B klass, 72 dB) tagades meeldiva ja vaikse s\u00f5idukogemuse.<\/p>\n<p>Valides HANKOOK VENTUS S1 EVO 3 rehvid, kindlustad endale turvalise ja efektiivse s\u00f5idu, mis vastab k\u00f5rgeimatele standarditele igal teel.<\/p>","protected":false},"excerpt":{"rendered":"<p>HANKOOK VENTUS S1 EVO 3 (K127) rehvid on ideaalne valik autojuhile, kes hindab sportlikku ja turvalist s\u00f5idukogemust. Rehvi m\u00f5\u00f5tmed 245\/40R20 tagavad optimaalse juhitavuse ja stabiilsuse, pakkudes muljetavaldavat haardumist m\u00e4rgadel teedel, mida kinnitab klass A m\u00e4rgiv\u00f5ime. 245 mm laius ja 20-tolline l\u00e4bim\u00f5\u00f5t on hoolikalt konstrueeritud pakkuma t\u00e4pset reaktsiooni ja k\u00f5rget stabiilsust ka kiiretel s\u00f5itudel. Rehvi 99 [&hellip;]<\/p>\n","protected":false},"featured_media":123631,"template":"","meta":{"site-sidebar-layout":"default","site-content-layout":"","ast-site-content-layout":"","site-content-style":"default","site-sidebar-style":"default","ast-global-header-display":"","ast-banner-title-visibility":"","ast-main-header-display":"","ast-hfb-above-header-display":"","ast-hfb-below-header-display":"","ast-hfb-mobile-header-display":"","site-post-title":"","ast-breadcrumbs-content":"","ast-featured-img":"","footer-sml-layout":"","theme-transparent-header-meta":"","adv-header-id-meta":"","stick-header-meta":"","header-above-stick-meta":"","header-main-stick-meta":"","header-below-stick-meta":"","astra-migrate-meta-layouts":"default","ast-page-background-enabled":"default","ast-page-background-meta":{"desktop":{"background-color":"","background-image":"","background-repeat":"repeat","background-position":"center center","background-size":"auto","background-attachment":"scroll","background-type":"","background-media":"","overlay-type":"","overlay-color":"","overlay-opacity":"","overlay-gradient":""},"tablet":{"background-color":"","background-image":"","background-repeat":"repeat","background-position":"center center","background-size":"auto","background-attachment":"scroll","background-type":"","background-media":"","overlay-type":"","overlay-color":"","overlay-opacity":"","overlay-gradient":""},"mobile":{"background-color":"","background-image":"","background-repeat":"repeat","background-position":"center center","background-size":"auto","background-attachment":"scroll","background-type":"","background-media":"","overlay-type":"","overlay-color":"","overlay-opacity":"","overlay-gradient":""}},"ast-content-background-meta":{"desktop":{"background-color":"var(--ast-global-color-5)","background-image":"","background-repeat":"repeat","background-position":"center center","background-size":"auto","background-attachment":"scroll","background-type":"","background-media":"","overlay-type":"","overlay-color":"","overlay-opacity":"","overlay-gradient":""},"tablet":{"background-color":"var(--ast-global-color-5)","background-image":"","background-repeat":"repeat","background-position":"center center","background-size":"auto","background-attachment":"scroll","background-type":"","background-media":"","overlay-type":"","overlay-color":"","overlay-opacity":"","overlay-gradient":""},"mobile":{"background-color":"var(--ast-global-color-5)","background-image":"","background-repeat":"repeat","background-position":"center center","background-size":"auto","background-attachment":"scroll","background-type":"","background-media":"","overlay-type":"","overlay-color":"","overlay-opacity":"","overlay-gradient":""}}},"product_brand":[],"product_cat":[34225],"product_tag":[],"pa_brand_name":[17812],"class_list":{"0":"post-125218","1":"product","2":"type-product","3":"status-publish","4":"has-post-thumbnail","6":"product_cat-summer-tires-pv","7":"pa_brand_name-hankook","8":"desktop-align-left","9":"tablet-align-left","10":"mobile-align-left","12":"first","13":"instock","14":"taxable","15":"shipping-taxable","16":"purchasable","17":"product-type-simple"},"_links":{"self":[{"href":"https:\/\/shop.rettum.ee\/en\/wp-json\/wp\/v2\/product\/125218","targetHints":{"allow":["GET"]}}],"collection":[{"href":"https:\/\/shop.rettum.ee\/en\/wp-json\/wp\/v2\/product"}],"about":[{"href":"https:\/\/shop.rettum.ee\/en\/wp-json\/wp\/v2\/types\/product"}],"version-history":[{"count":1,"href":"https:\/\/shop.rettum.ee\/en\/wp-json\/wp\/v2\/product\/125218\/revisions"}],"predecessor-version":[{"id":125284,"href":"https:\/\/shop.rettum.ee\/en\/wp-json\/wp\/v2\/product\/125218\/revisions\/125284"}],"wp:featuredmedia":[{"embeddable":true,"href":"https:\/\/shop.rettum.ee\/en\/wp-json\/wp\/v2\/media\/123631"}],"wp:attachment":[{"href":"https:\/\/shop.rettum.ee\/en\/wp-json\/wp\/v2\/media?parent=125218"}],"wp:term":[{"taxonomy":"product_brand","embeddable":true,"href":"https:\/\/shop.rettum.ee\/en\/wp-json\/wp\/v2\/product_brand?post=125218"},{"taxonomy":"product_cat","embeddable":true,"href":"https:\/\/shop.rettum.ee\/en\/wp-json\/wp\/v2\/product_cat?post=125218"},{"taxonomy":"product_tag","embeddable":true,"href":"https:\/\/shop.rettum.ee\/en\/wp-json\/wp\/v2\/product_tag?post=125218"},{"taxonomy":"pa_brand_name","embeddable":true,"href":"https:\/\/shop.rettum.ee\/en\/wp-json\/wp\/v2\/pa_brand_name?post=125218"}],"curies":[{"name":"wp","href":"https:\/\/api.w.org\/{rel}","templated":true}]}}