{"id":125219,"date":"2025-03-31T19:37:09","date_gmt":"2025-03-31T16:37:09","guid":{"rendered":"https:\/\/shop.rettum.ee\/toode\/265-65r17-goodyear-wrangler-at-adventure-112t-ddb73-3pmsf-ms\/"},"modified":"2026-03-27T02:46:17","modified_gmt":"2026-03-27T00:46:17","slug":"265-65r17-goodyear-wrangler-at-adventure-112t-ddb73-3pmsf-ms","status":"publish","type":"product","link":"https:\/\/shop.rettum.ee\/en\/product\/265-65r17-goodyear-wrangler-at-adventure-112t-ddb73-3pmsf-ms\/","title":{"rendered":"265\/65R17 GOODYEAR WRANGLER AT ADVENTURE 112T DDB73 3PMSF M+S"},"content":{"rendered":"<p>Tutvu uue Goodyear Wrangler AT Adventure rehvidega, mis on loodud s\u00f5itmiseks igasugustes teekondades. Rehvi m\u00f5\u00f5tmed 265\/65R17 tagavad stabiilsuse ja kindluse nii maanteel kui ka off-road tingimustes. Suure laius ja sobiv kihiider t\u00fc\u00fcp annavad optimaalse kontaktala, pakkudes suurep\u00e4rast haardumist m\u00e4rgadel teedel. <\/p>\n<p>Rehvi koormusindeks 112 ja kiirusindeks T (kuni 190 km\/h) tagavad vastupidavuse ja ohutuse erinevates s\u00f5idutingimustes. Energiat\u00f5hususe hinnanguga D aitab rehvi valik kaasa k\u00fctuses\u00e4\u00e4stlikule s\u00f5idule, pakkudes samal ajal kindlat ja stabiilset s\u00f5iduomadust. <\/p>\n<p>Lisaks on rehvil m\u00e4rgadele ja lumistele teedele spetsiaalsed haardumise omadused (Wet Grip D ja Snow Grip 1), mis loovad turvalise s\u00f5idukogemuse rasketes ilmastikutingimustes. Noise Class B ja m\u00fcra v\u00e4\u00e4rtus 73 tagavad madala m\u00fcratase, v\u00f5imaldades vaiksemat ja meeldivamat s\u00f5itu. <\/p>\n<p>Goodyear Wrangler AT Adventure rehvid on ideaalne valik seiklejatele ja s\u00f5itjatele, kes hindavad usaldusv\u00e4\u00e4rsust ja mitmek\u00fclgsust igal teekonnal.<\/p>","protected":false},"excerpt":{"rendered":"<p>Tutvu uue Goodyear Wrangler AT Adventure rehvidega, mis on loodud s\u00f5itmiseks igasugustes teekondades. Rehvi m\u00f5\u00f5tmed 265\/65R17 tagavad stabiilsuse ja kindluse nii maanteel kui ka off-road tingimustes. Suure laius ja sobiv kihiider t\u00fc\u00fcp annavad optimaalse kontaktala, pakkudes suurep\u00e4rast haardumist m\u00e4rgadel teedel. Rehvi koormusindeks 112 ja kiirusindeks T (kuni 190 km\/h) tagavad vastupidavuse ja ohutuse erinevates s\u00f5idutingimustes. [&hellip;]<\/p>\n","protected":false},"featured_media":123308,"template":"","meta":{"site-sidebar-layout":"default","site-content-layout":"","ast-site-content-layout":"","site-content-style":"default","site-sidebar-style":"default","ast-global-header-display":"","ast-banner-title-visibility":"","ast-main-header-display":"","ast-hfb-above-header-display":"","ast-hfb-below-header-display":"","ast-hfb-mobile-header-display":"","site-post-title":"","ast-breadcrumbs-content":"","ast-featured-img":"","footer-sml-layout":"","theme-transparent-header-meta":"","adv-header-id-meta":"","stick-header-meta":"","header-above-stick-meta":"","header-main-stick-meta":"","header-below-stick-meta":"","astra-migrate-meta-layouts":"default","ast-page-background-enabled":"default","ast-page-background-meta":{"desktop":{"background-color":"","background-image":"","background-repeat":"repeat","background-position":"center center","background-size":"auto","background-attachment":"scroll","background-type":"","background-media":"","overlay-type":"","overlay-color":"","overlay-opacity":"","overlay-gradient":""},"tablet":{"background-color":"","background-image":"","background-repeat":"repeat","background-position":"center center","background-size":"auto","background-attachment":"scroll","background-type":"","background-media":"","overlay-type":"","overlay-color":"","overlay-opacity":"","overlay-gradient":""},"mobile":{"background-color":"","background-image":"","background-repeat":"repeat","background-position":"center center","background-size":"auto","background-attachment":"scroll","background-type":"","background-media":"","overlay-type":"","overlay-color":"","overlay-opacity":"","overlay-gradient":""}},"ast-content-background-meta":{"desktop":{"background-color":"var(--ast-global-color-5)","background-image":"","background-repeat":"repeat","background-position":"center center","background-size":"auto","background-attachment":"scroll","background-type":"","background-media":"","overlay-type":"","overlay-color":"","overlay-opacity":"","overlay-gradient":""},"tablet":{"background-color":"var(--ast-global-color-5)","background-image":"","background-repeat":"repeat","background-position":"center center","background-size":"auto","background-attachment":"scroll","background-type":"","background-media":"","overlay-type":"","overlay-color":"","overlay-opacity":"","overlay-gradient":""},"mobile":{"background-color":"var(--ast-global-color-5)","background-image":"","background-repeat":"repeat","background-position":"center center","background-size":"auto","background-attachment":"scroll","background-type":"","background-media":"","overlay-type":"","overlay-color":"","overlay-opacity":"","overlay-gradient":""}}},"product_brand":[],"product_cat":[34225],"product_tag":[],"pa_brand_name":[17979],"class_list":{"0":"post-125219","1":"product","2":"type-product","3":"status-publish","4":"has-post-thumbnail","6":"product_cat-summer-tires-pv","7":"pa_brand_name-goodyear","8":"desktop-align-left","9":"tablet-align-left","10":"mobile-align-left","12":"first","13":"instock","14":"taxable","15":"shipping-taxable","16":"purchasable","17":"product-type-simple"},"_links":{"self":[{"href":"https:\/\/shop.rettum.ee\/en\/wp-json\/wp\/v2\/product\/125219","targetHints":{"allow":["GET"]}}],"collection":[{"href":"https:\/\/shop.rettum.ee\/en\/wp-json\/wp\/v2\/product"}],"about":[{"href":"https:\/\/shop.rettum.ee\/en\/wp-json\/wp\/v2\/types\/product"}],"version-history":[{"count":1,"href":"https:\/\/shop.rettum.ee\/en\/wp-json\/wp\/v2\/product\/125219\/revisions"}],"predecessor-version":[{"id":125283,"href":"https:\/\/shop.rettum.ee\/en\/wp-json\/wp\/v2\/product\/125219\/revisions\/125283"}],"wp:featuredmedia":[{"embeddable":true,"href":"https:\/\/shop.rettum.ee\/en\/wp-json\/wp\/v2\/media\/123308"}],"wp:attachment":[{"href":"https:\/\/shop.rettum.ee\/en\/wp-json\/wp\/v2\/media?parent=125219"}],"wp:term":[{"taxonomy":"product_brand","embeddable":true,"href":"https:\/\/shop.rettum.ee\/en\/wp-json\/wp\/v2\/product_brand?post=125219"},{"taxonomy":"product_cat","embeddable":true,"href":"https:\/\/shop.rettum.ee\/en\/wp-json\/wp\/v2\/product_cat?post=125219"},{"taxonomy":"product_tag","embeddable":true,"href":"https:\/\/shop.rettum.ee\/en\/wp-json\/wp\/v2\/product_tag?post=125219"},{"taxonomy":"pa_brand_name","embeddable":true,"href":"https:\/\/shop.rettum.ee\/en\/wp-json\/wp\/v2\/pa_brand_name?post=125219"}],"curies":[{"name":"wp","href":"https:\/\/api.w.org\/{rel}","templated":true}]}}