{"id":125220,"date":"2025-03-31T19:37:09","date_gmt":"2025-03-31T16:37:09","guid":{"rendered":"https:\/\/shop.rettum.ee\/toode\/265-45r21-michelin-latitude-tour-hp-104w-jlr-seal-inside-bcb71-ms\/"},"modified":"2025-07-30T02:51:18","modified_gmt":"2025-07-29T23:51:18","slug":"265-45r21-michelin-latitude-tour-hp-104w-jlr-seal-inside-bcb71-ms","status":"publish","type":"product","link":"https:\/\/shop.rettum.ee\/en\/product\/265-45r21-michelin-latitude-tour-hp-104w-jlr-seal-inside-bcb71-ms\/","title":{"rendered":"265\/45R21 MICHELIN LATITUDE TOUR HP 104W JLR Seal Inside BCB71 M+S"},"content":{"rendered":"<p>MICHELIN LATITUDE TOUR HP 104W JLR Seal Inside BCB71 M+S esindab k\u00f5rgloaselt disainitud rehvi, mis on loodud pakkuma kindlat ja turvalist s\u00f5idukogemust erinevates teeoludes. Selle rehvi m\u00f5\u00f5tmed 265\/45R21 tagavad stabiilsuse ja optimaalse kontaktpinna, v\u00f5imaldades kaasaegsel autol saavutada k\u00f5rgema haarduvuse niisketel ning kihutavatel kiirustel.<\/p>\n<p>Tuntud MICHELIN kvaliteet k\u00e4tkes endas 104 laadimisindeksit ja W kiirusindeksit, mis n\u00e4itavad selle v\u00f5imekust kanda suuremat koormust ja s\u00e4ilitada suurep\u00e4rane j\u00f5udlus isegi k\u00f5rgematel kiirustel. Rehvi kerge kaal 13,8 kg koos radiaalse konstruktsiooniga tagab esmatasandi juhitavuse ning k\u00fctuses\u00e4\u00e4stlikkuse hinne B on lisaks s\u00f5idumugavusele ka majandust\u00f5hus.<\/p>\n<p>M+S s\u00fcmboliseerib mitmek\u00fclgset kasutusv\u00f5imalust, pakkudes usaldusv\u00e4\u00e4rset haarduvust nii mudasel kui lumisel pinnal. Lisaks madal m\u00fcratase (71 dB \u2013 klass B) tagab see rehvit\u00fc\u00fcp vaikse s\u00f5idu ning optimaalne energiat\u00f5husus. MICHELIN LATITUDE TOUR HP 104W on ideaalne valik neile, kes otsivad kvaliteeti, ohutust ja vastupidavust igap\u00e4evasteks s\u00f5itudeks.<\/p>","protected":false},"excerpt":{"rendered":"<p>MICHELIN LATITUDE TOUR HP 104W JLR Seal Inside BCB71 M+S esindab k\u00f5rgloaselt disainitud rehvi, mis on loodud pakkuma kindlat ja turvalist s\u00f5idukogemust erinevates teeoludes. Selle rehvi m\u00f5\u00f5tmed 265\/45R21 tagavad stabiilsuse ja optimaalse kontaktpinna, v\u00f5imaldades kaasaegsel autol saavutada k\u00f5rgema haarduvuse niisketel ning kihutavatel kiirustel. Tuntud MICHELIN kvaliteet k\u00e4tkes endas 104 laadimisindeksit ja W kiirusindeksit, mis n\u00e4itavad [&hellip;]<\/p>\n","protected":false},"featured_media":124371,"template":"","meta":{"site-sidebar-layout":"default","site-content-layout":"","ast-site-content-layout":"","site-content-style":"default","site-sidebar-style":"default","ast-global-header-display":"","ast-banner-title-visibility":"","ast-main-header-display":"","ast-hfb-above-header-display":"","ast-hfb-below-header-display":"","ast-hfb-mobile-header-display":"","site-post-title":"","ast-breadcrumbs-content":"","ast-featured-img":"","footer-sml-layout":"","theme-transparent-header-meta":"","adv-header-id-meta":"","stick-header-meta":"","header-above-stick-meta":"","header-main-stick-meta":"","header-below-stick-meta":"","astra-migrate-meta-layouts":"default","ast-page-background-enabled":"default","ast-page-background-meta":{"desktop":{"background-color":"","background-image":"","background-repeat":"repeat","background-position":"center center","background-size":"auto","background-attachment":"scroll","background-type":"","background-media":"","overlay-type":"","overlay-color":"","overlay-opacity":"","overlay-gradient":""},"tablet":{"background-color":"","background-image":"","background-repeat":"repeat","background-position":"center center","background-size":"auto","background-attachment":"scroll","background-type":"","background-media":"","overlay-type":"","overlay-color":"","overlay-opacity":"","overlay-gradient":""},"mobile":{"background-color":"","background-image":"","background-repeat":"repeat","background-position":"center center","background-size":"auto","background-attachment":"scroll","background-type":"","background-media":"","overlay-type":"","overlay-color":"","overlay-opacity":"","overlay-gradient":""}},"ast-content-background-meta":{"desktop":{"background-color":"var(--ast-global-color-5)","background-image":"","background-repeat":"repeat","background-position":"center center","background-size":"auto","background-attachment":"scroll","background-type":"","background-media":"","overlay-type":"","overlay-color":"","overlay-opacity":"","overlay-gradient":""},"tablet":{"background-color":"var(--ast-global-color-5)","background-image":"","background-repeat":"repeat","background-position":"center center","background-size":"auto","background-attachment":"scroll","background-type":"","background-media":"","overlay-type":"","overlay-color":"","overlay-opacity":"","overlay-gradient":""},"mobile":{"background-color":"var(--ast-global-color-5)","background-image":"","background-repeat":"repeat","background-position":"center center","background-size":"auto","background-attachment":"scroll","background-type":"","background-media":"","overlay-type":"","overlay-color":"","overlay-opacity":"","overlay-gradient":""}}},"product_brand":[],"product_cat":[34225],"product_tag":[],"pa_brand_name":[17870],"class_list":{"0":"post-125220","1":"product","2":"type-product","3":"status-publish","4":"has-post-thumbnail","6":"product_cat-summer-tires-pv","7":"pa_brand_name-michelin","8":"desktop-align-left","9":"tablet-align-left","10":"mobile-align-left","12":"first","13":"outofstock","14":"taxable","15":"shipping-taxable","16":"purchasable","17":"product-type-simple"},"_links":{"self":[{"href":"https:\/\/shop.rettum.ee\/en\/wp-json\/wp\/v2\/product\/125220","targetHints":{"allow":["GET"]}}],"collection":[{"href":"https:\/\/shop.rettum.ee\/en\/wp-json\/wp\/v2\/product"}],"about":[{"href":"https:\/\/shop.rettum.ee\/en\/wp-json\/wp\/v2\/types\/product"}],"version-history":[{"count":1,"href":"https:\/\/shop.rettum.ee\/en\/wp-json\/wp\/v2\/product\/125220\/revisions"}],"predecessor-version":[{"id":125282,"href":"https:\/\/shop.rettum.ee\/en\/wp-json\/wp\/v2\/product\/125220\/revisions\/125282"}],"wp:featuredmedia":[{"embeddable":true,"href":"https:\/\/shop.rettum.ee\/en\/wp-json\/wp\/v2\/media\/124371"}],"wp:attachment":[{"href":"https:\/\/shop.rettum.ee\/en\/wp-json\/wp\/v2\/media?parent=125220"}],"wp:term":[{"taxonomy":"product_brand","embeddable":true,"href":"https:\/\/shop.rettum.ee\/en\/wp-json\/wp\/v2\/product_brand?post=125220"},{"taxonomy":"product_cat","embeddable":true,"href":"https:\/\/shop.rettum.ee\/en\/wp-json\/wp\/v2\/product_cat?post=125220"},{"taxonomy":"product_tag","embeddable":true,"href":"https:\/\/shop.rettum.ee\/en\/wp-json\/wp\/v2\/product_tag?post=125220"},{"taxonomy":"pa_brand_name","embeddable":true,"href":"https:\/\/shop.rettum.ee\/en\/wp-json\/wp\/v2\/pa_brand_name?post=125220"}],"curies":[{"name":"wp","href":"https:\/\/api.w.org\/{rel}","templated":true}]}}