{"id":125226,"date":"2025-03-31T19:37:14","date_gmt":"2025-03-31T16:37:14","guid":{"rendered":"https:\/\/shop.rettum.ee\/toode\/235-45r18-goodyear-ultra-grip-arctic-2-98t-xl-fp-studded-3pmsf-ms\/"},"modified":"2026-03-22T02:55:22","modified_gmt":"2026-03-22T00:55:22","slug":"235-45r18-goodyear-ultra-grip-arctic-2-98t-xl-fp-studded-3pmsf-ms","status":"publish","type":"product","link":"https:\/\/shop.rettum.ee\/en\/product\/235-45r18-goodyear-ultra-grip-arctic-2-98t-xl-fp-studded-3pmsf-ms\/","title":{"rendered":"235\/45R18 GOODYEAR ULTRA GRIP ARCTIC 2 98T XL FP Studded 3PMSF M+S"},"content":{"rendered":"<p>Goodyear Ultra Grip Arctic 2 rehvid on loodud pakkuma maksimaalset haarduvust ja ohutust ka k\u00f5ige karmimates talvetingimustes. 235\/45R18 m\u00f5\u00f5tmed tagavad ideaalse sobivuse mitmetele s\u00f5idukitele, pakkudes samas t\u00e4iendavat kandev\u00f5imet XL klassi t\u00f5ttu. Rehvi disain sisaldab energiat talletavaid studde, mis kindlustavad stabiilse pidamise j\u00e4isel ja lumisel teel, v\u00e4hendades libisemisriski. <\/p>\n<p>Rehv kandaindeks 98T annab kindlustunde ka kiiremal s\u00f5idul, s\u00e4ilitades ohutuse ja j\u00f5udluse. S\u00fcmbolid 3PMSF ja M+S kinnitavad selle v\u00f5imet pakkuda usaldusv\u00e4\u00e4rset haarduvust ja vastupidavust nii lumel kui ka mudas. FP lisandid aitavad veelgi parandada rehvile omaseid j\u00f5udlusomadusi, muutes selle ideaalseks valikuks neile, kes otsivad t\u00e4iuslikku tasakaalu turvalisuse ja sportliku s\u00f5idud\u00fcnaamika vahel.<\/p>\n<p>Goodyear Ultra Grip Arctic 2 on ideaalne valik neile, kes soovivad kindlustada oma s\u00f5idukile parima talvise reageerimise ja pidamise, pakkudes samas tipptasemel kvaliteeti ja innovatsiooni igas kilometers.<\/p>","protected":false},"excerpt":{"rendered":"<p>Goodyear Ultra Grip Arctic 2 rehvid on loodud pakkuma maksimaalset haarduvust ja ohutust ka k\u00f5ige karmimates talvetingimustes. 235\/45R18 m\u00f5\u00f5tmed tagavad ideaalse sobivuse mitmetele s\u00f5idukitele, pakkudes samas t\u00e4iendavat kandev\u00f5imet XL klassi t\u00f5ttu. Rehvi disain sisaldab energiat talletavaid studde, mis kindlustavad stabiilse pidamise j\u00e4isel ja lumisel teel, v\u00e4hendades libisemisriski. Rehv kandaindeks 98T annab kindlustunde ka kiiremal s\u00f5idul, [&hellip;]<\/p>\n","protected":false},"featured_media":123685,"template":"","meta":{"site-sidebar-layout":"default","site-content-layout":"","ast-site-content-layout":"","site-content-style":"default","site-sidebar-style":"default","ast-global-header-display":"","ast-banner-title-visibility":"","ast-main-header-display":"","ast-hfb-above-header-display":"","ast-hfb-below-header-display":"","ast-hfb-mobile-header-display":"","site-post-title":"","ast-breadcrumbs-content":"","ast-featured-img":"","footer-sml-layout":"","theme-transparent-header-meta":"","adv-header-id-meta":"","stick-header-meta":"","header-above-stick-meta":"","header-main-stick-meta":"","header-below-stick-meta":"","astra-migrate-meta-layouts":"default","ast-page-background-enabled":"default","ast-page-background-meta":{"desktop":{"background-color":"","background-image":"","background-repeat":"repeat","background-position":"center center","background-size":"auto","background-attachment":"scroll","background-type":"","background-media":"","overlay-type":"","overlay-color":"","overlay-opacity":"","overlay-gradient":""},"tablet":{"background-color":"","background-image":"","background-repeat":"repeat","background-position":"center center","background-size":"auto","background-attachment":"scroll","background-type":"","background-media":"","overlay-type":"","overlay-color":"","overlay-opacity":"","overlay-gradient":""},"mobile":{"background-color":"","background-image":"","background-repeat":"repeat","background-position":"center center","background-size":"auto","background-attachment":"scroll","background-type":"","background-media":"","overlay-type":"","overlay-color":"","overlay-opacity":"","overlay-gradient":""}},"ast-content-background-meta":{"desktop":{"background-color":"var(--ast-global-color-5)","background-image":"","background-repeat":"repeat","background-position":"center center","background-size":"auto","background-attachment":"scroll","background-type":"","background-media":"","overlay-type":"","overlay-color":"","overlay-opacity":"","overlay-gradient":""},"tablet":{"background-color":"var(--ast-global-color-5)","background-image":"","background-repeat":"repeat","background-position":"center center","background-size":"auto","background-attachment":"scroll","background-type":"","background-media":"","overlay-type":"","overlay-color":"","overlay-opacity":"","overlay-gradient":""},"mobile":{"background-color":"var(--ast-global-color-5)","background-image":"","background-repeat":"repeat","background-position":"center center","background-size":"auto","background-attachment":"scroll","background-type":"","background-media":"","overlay-type":"","overlay-color":"","overlay-opacity":"","overlay-gradient":""}}},"product_brand":[],"product_cat":[34229],"product_tag":[],"pa_brand_name":[17979],"class_list":{"0":"post-125226","1":"product","2":"type-product","3":"status-publish","4":"has-post-thumbnail","6":"product_cat-winter-tires-with-studs","7":"pa_brand_name-goodyear","8":"desktop-align-left","9":"tablet-align-left","10":"mobile-align-left","12":"first","13":"outofstock","14":"taxable","15":"shipping-taxable","16":"purchasable","17":"product-type-simple"},"_links":{"self":[{"href":"https:\/\/shop.rettum.ee\/en\/wp-json\/wp\/v2\/product\/125226","targetHints":{"allow":["GET"]}}],"collection":[{"href":"https:\/\/shop.rettum.ee\/en\/wp-json\/wp\/v2\/product"}],"about":[{"href":"https:\/\/shop.rettum.ee\/en\/wp-json\/wp\/v2\/types\/product"}],"version-history":[{"count":1,"href":"https:\/\/shop.rettum.ee\/en\/wp-json\/wp\/v2\/product\/125226\/revisions"}],"predecessor-version":[{"id":125276,"href":"https:\/\/shop.rettum.ee\/en\/wp-json\/wp\/v2\/product\/125226\/revisions\/125276"}],"wp:featuredmedia":[{"embeddable":true,"href":"https:\/\/shop.rettum.ee\/en\/wp-json\/wp\/v2\/media\/123685"}],"wp:attachment":[{"href":"https:\/\/shop.rettum.ee\/en\/wp-json\/wp\/v2\/media?parent=125226"}],"wp:term":[{"taxonomy":"product_brand","embeddable":true,"href":"https:\/\/shop.rettum.ee\/en\/wp-json\/wp\/v2\/product_brand?post=125226"},{"taxonomy":"product_cat","embeddable":true,"href":"https:\/\/shop.rettum.ee\/en\/wp-json\/wp\/v2\/product_cat?post=125226"},{"taxonomy":"product_tag","embeddable":true,"href":"https:\/\/shop.rettum.ee\/en\/wp-json\/wp\/v2\/product_tag?post=125226"},{"taxonomy":"pa_brand_name","embeddable":true,"href":"https:\/\/shop.rettum.ee\/en\/wp-json\/wp\/v2\/pa_brand_name?post=125226"}],"curies":[{"name":"wp","href":"https:\/\/api.w.org\/{rel}","templated":true}]}}