{"id":125227,"date":"2025-03-31T19:37:14","date_gmt":"2025-03-31T16:37:14","guid":{"rendered":"https:\/\/shop.rettum.ee\/toode\/205-55r19-michelin-crossclimate2-97v-xl-bba69-3pmsf\/"},"modified":"2026-02-24T02:45:23","modified_gmt":"2026-02-24T00:45:23","slug":"205-55r19-michelin-crossclimate2-97v-xl-bba69-3pmsf","status":"publish","type":"product","link":"https:\/\/shop.rettum.ee\/en\/product\/205-55r19-michelin-crossclimate2-97v-xl-bba69-3pmsf\/","title":{"rendered":"205\/55R19 MICHELIN CROSSCLIMATE2 97V XL BBA69 3PMSF"},"content":{"rendered":"<p>Tutvustame uut 205\/55R19 Michelin CrossClimate2 rehvi \u2013 tipptasemel lahendus, mis \u00fchendab kogu-aasta s\u00f5iduohutuse ja suurep\u00e4rased j\u00f5udlusomadused. Selle XL-versiooni koormusindeks 97 ja kiirusindeks V annavad kindlustunnet nii tavatee kiirustes kui ka pikemate s\u00f5itude ajal. Rehvi uuenduslik disain ja tehnoloogilised lahendused tagavad suurep\u00e4rase haardumise kuivadel, m\u00e4rjadel ja isegi lumistel teedel, mida kinnitab 3PMSF s\u00fcmbol.  <\/p>\n<p>Michelin CrossClimate2 on ideaalne valik neile, kes hindavad turvalisust, stabiilsust ja keskkonnas\u00f5bralikkust. See rehv on optimeeritud pakkuma madalat p\u00f6\u00f6rdemomenti ning pikendama s\u00f5iduki k\u00fctuses\u00e4\u00e4stlikkust, v\u00f5imaldades samal ajal s\u00e4ilitada erakordsed pidamisomadused ka n\u00f5udlikes tingimustes. Tootja BBA69 sertifitseering kinnitab rehvi vastavust rangetele kvaliteedi- ja ohutusstandarditele.  <\/p>\n<p>Valides Michelin CrossClimate2, otsustad kindluse ja innovatsiooni kasuks, mis toovad sinu s\u00f5idukile usaldusv\u00e4\u00e4rsuse igas aastaajas. \u00dchtaegu pakub see modernset disaini ja t\u00e4pset insenerit\u00f6\u00f6d, mis vastab t\u00e4nap\u00e4eva autojuhtide ootustele ja vajadustele.<\/p>","protected":false},"excerpt":{"rendered":"<p>Tutvustame uut 205\/55R19 Michelin CrossClimate2 rehvi \u2013 tipptasemel lahendus, mis \u00fchendab kogu-aasta s\u00f5iduohutuse ja suurep\u00e4rased j\u00f5udlusomadused. Selle XL-versiooni koormusindeks 97 ja kiirusindeks V annavad kindlustunnet nii tavatee kiirustes kui ka pikemate s\u00f5itude ajal. Rehvi uuenduslik disain ja tehnoloogilised lahendused tagavad suurep\u00e4rase haardumise kuivadel, m\u00e4rjadel ja isegi lumistel teedel, mida kinnitab 3PMSF s\u00fcmbol. Michelin CrossClimate2 on [&hellip;]<\/p>\n","protected":false},"featured_media":122091,"template":"","meta":{"site-sidebar-layout":"default","site-content-layout":"","ast-site-content-layout":"","site-content-style":"default","site-sidebar-style":"default","ast-global-header-display":"","ast-banner-title-visibility":"","ast-main-header-display":"","ast-hfb-above-header-display":"","ast-hfb-below-header-display":"","ast-hfb-mobile-header-display":"","site-post-title":"","ast-breadcrumbs-content":"","ast-featured-img":"","footer-sml-layout":"","theme-transparent-header-meta":"","adv-header-id-meta":"","stick-header-meta":"","header-above-stick-meta":"","header-main-stick-meta":"","header-below-stick-meta":"","astra-migrate-meta-layouts":"default","ast-page-background-enabled":"default","ast-page-background-meta":{"desktop":{"background-color":"","background-image":"","background-repeat":"repeat","background-position":"center center","background-size":"auto","background-attachment":"scroll","background-type":"","background-media":"","overlay-type":"","overlay-color":"","overlay-opacity":"","overlay-gradient":""},"tablet":{"background-color":"","background-image":"","background-repeat":"repeat","background-position":"center center","background-size":"auto","background-attachment":"scroll","background-type":"","background-media":"","overlay-type":"","overlay-color":"","overlay-opacity":"","overlay-gradient":""},"mobile":{"background-color":"","background-image":"","background-repeat":"repeat","background-position":"center center","background-size":"auto","background-attachment":"scroll","background-type":"","background-media":"","overlay-type":"","overlay-color":"","overlay-opacity":"","overlay-gradient":""}},"ast-content-background-meta":{"desktop":{"background-color":"var(--ast-global-color-5)","background-image":"","background-repeat":"repeat","background-position":"center center","background-size":"auto","background-attachment":"scroll","background-type":"","background-media":"","overlay-type":"","overlay-color":"","overlay-opacity":"","overlay-gradient":""},"tablet":{"background-color":"var(--ast-global-color-5)","background-image":"","background-repeat":"repeat","background-position":"center center","background-size":"auto","background-attachment":"scroll","background-type":"","background-media":"","overlay-type":"","overlay-color":"","overlay-opacity":"","overlay-gradient":""},"mobile":{"background-color":"var(--ast-global-color-5)","background-image":"","background-repeat":"repeat","background-position":"center center","background-size":"auto","background-attachment":"scroll","background-type":"","background-media":"","overlay-type":"","overlay-color":"","overlay-opacity":"","overlay-gradient":""}}},"product_brand":[],"product_cat":[34230],"product_tag":[],"pa_brand_name":[17870],"class_list":{"0":"post-125227","1":"product","2":"type-product","3":"status-publish","4":"has-post-thumbnail","6":"product_cat-all-season-pcr-2","7":"pa_brand_name-michelin","8":"desktop-align-left","9":"tablet-align-left","10":"mobile-align-left","12":"first","13":"outofstock","14":"taxable","15":"shipping-taxable","16":"purchasable","17":"product-type-simple"},"_links":{"self":[{"href":"https:\/\/shop.rettum.ee\/en\/wp-json\/wp\/v2\/product\/125227","targetHints":{"allow":["GET"]}}],"collection":[{"href":"https:\/\/shop.rettum.ee\/en\/wp-json\/wp\/v2\/product"}],"about":[{"href":"https:\/\/shop.rettum.ee\/en\/wp-json\/wp\/v2\/types\/product"}],"version-history":[{"count":1,"href":"https:\/\/shop.rettum.ee\/en\/wp-json\/wp\/v2\/product\/125227\/revisions"}],"predecessor-version":[{"id":125275,"href":"https:\/\/shop.rettum.ee\/en\/wp-json\/wp\/v2\/product\/125227\/revisions\/125275"}],"wp:featuredmedia":[{"embeddable":true,"href":"https:\/\/shop.rettum.ee\/en\/wp-json\/wp\/v2\/media\/122091"}],"wp:attachment":[{"href":"https:\/\/shop.rettum.ee\/en\/wp-json\/wp\/v2\/media?parent=125227"}],"wp:term":[{"taxonomy":"product_brand","embeddable":true,"href":"https:\/\/shop.rettum.ee\/en\/wp-json\/wp\/v2\/product_brand?post=125227"},{"taxonomy":"product_cat","embeddable":true,"href":"https:\/\/shop.rettum.ee\/en\/wp-json\/wp\/v2\/product_cat?post=125227"},{"taxonomy":"product_tag","embeddable":true,"href":"https:\/\/shop.rettum.ee\/en\/wp-json\/wp\/v2\/product_tag?post=125227"},{"taxonomy":"pa_brand_name","embeddable":true,"href":"https:\/\/shop.rettum.ee\/en\/wp-json\/wp\/v2\/pa_brand_name?post=125227"}],"curies":[{"name":"wp","href":"https:\/\/api.w.org\/{rel}","templated":true}]}}