{"id":125230,"date":"2025-03-31T19:37:17","date_gmt":"2025-03-31T16:37:17","guid":{"rendered":"https:\/\/shop.rettum.ee\/toode\/205-65r16c-goodyear-ultragrip-cargo-107-105t-studless-dcb73-3pmsf-ms\/"},"modified":"2026-03-22T02:56:21","modified_gmt":"2026-03-22T00:56:21","slug":"205-65r16c-goodyear-ultragrip-cargo-107-105t-studless-dcb73-3pmsf-ms","status":"publish","type":"product","link":"https:\/\/shop.rettum.ee\/en\/product\/205-65r16c-goodyear-ultragrip-cargo-107-105t-studless-dcb73-3pmsf-ms\/","title":{"rendered":"205\/65R16C GOODYEAR ULTRAGRIP CARGO 107\/105T Studless DCB73 3PMSF M+S"},"content":{"rendered":"<p>GoodYear ULTRAGRIP CARGO 205\/65R16C on tipptasemel kommertsvanuste rehv, mis pakub maksimaalset turvalisust ja j\u00f5udlust erinevates s\u00f5idutingimustes. Rehvi 107\/105T koormus- ja kiirusindeks tagavad optimaalse kandev\u00f5ime ning stabiilse s\u00f5iduk\u00e4itumise ka k\u00f5ige n\u00f5udlikumates t\u00f6\u00f6tingimustes.  <\/p>\n<p>Innovaatiline Studless tehnoloogia koos DCB73 disainiga parandab s\u00f5iduhaldust ja v\u00f5imaldab kiiret reageerimist muutuvatele teeoludele, pakkudes suurep\u00e4rast haarduvust nii kuival kui ka m\u00e4rgal teel. 3PMSF ja M+S klassifitseeringud kinnitavad, et rehv vastab k\u00f5rgetele talvise j\u00f5udluse standarditele, tagades usaldusv\u00e4\u00e4rse haarduvuse lumistel ja j\u00e4istel teedel ilma naeladeta.<\/p>\n<p>See rehv on spetsiaalselt loodud kommertss\u00f5idukitele ja transpordiekspertidele, kes v\u00e4\u00e4rtustavad innovatsiooni ning ohutust. GoodYear ULTRAGRIP CARGO \u00fchendab k\u00f5rge kvaliteedi ja tipptasemel tehnoloogia, mis aitab parandada k\u00fctuses\u00e4\u00e4stu ja v\u00e4hendada hoolduskulusid. Valides selle rehu, tagate oma s\u00f5idukile parima v\u00f5imaliku j\u00f5udluse igas ilmastikutingimuses.<\/p>","protected":false},"excerpt":{"rendered":"<p>GoodYear ULTRAGRIP CARGO 205\/65R16C on tipptasemel kommertsvanuste rehv, mis pakub maksimaalset turvalisust ja j\u00f5udlust erinevates s\u00f5idutingimustes. Rehvi 107\/105T koormus- ja kiirusindeks tagavad optimaalse kandev\u00f5ime ning stabiilse s\u00f5iduk\u00e4itumise ka k\u00f5ige n\u00f5udlikumates t\u00f6\u00f6tingimustes. Innovaatiline Studless tehnoloogia koos DCB73 disainiga parandab s\u00f5iduhaldust ja v\u00f5imaldab kiiret reageerimist muutuvatele teeoludele, pakkudes suurep\u00e4rast haarduvust nii kuival kui ka m\u00e4rgal teel. 3PMSF [&hellip;]<\/p>\n","protected":false},"featured_media":124185,"template":"","meta":{"site-sidebar-layout":"default","site-content-layout":"","ast-site-content-layout":"","site-content-style":"default","site-sidebar-style":"default","ast-global-header-display":"","ast-banner-title-visibility":"","ast-main-header-display":"","ast-hfb-above-header-display":"","ast-hfb-below-header-display":"","ast-hfb-mobile-header-display":"","site-post-title":"","ast-breadcrumbs-content":"","ast-featured-img":"","footer-sml-layout":"","theme-transparent-header-meta":"","adv-header-id-meta":"","stick-header-meta":"","header-above-stick-meta":"","header-main-stick-meta":"","header-below-stick-meta":"","astra-migrate-meta-layouts":"default","ast-page-background-enabled":"default","ast-page-background-meta":{"desktop":{"background-color":"","background-image":"","background-repeat":"repeat","background-position":"center center","background-size":"auto","background-attachment":"scroll","background-type":"","background-media":"","overlay-type":"","overlay-color":"","overlay-opacity":"","overlay-gradient":""},"tablet":{"background-color":"","background-image":"","background-repeat":"repeat","background-position":"center center","background-size":"auto","background-attachment":"scroll","background-type":"","background-media":"","overlay-type":"","overlay-color":"","overlay-opacity":"","overlay-gradient":""},"mobile":{"background-color":"","background-image":"","background-repeat":"repeat","background-position":"center center","background-size":"auto","background-attachment":"scroll","background-type":"","background-media":"","overlay-type":"","overlay-color":"","overlay-opacity":"","overlay-gradient":""}},"ast-content-background-meta":{"desktop":{"background-color":"var(--ast-global-color-5)","background-image":"","background-repeat":"repeat","background-position":"center center","background-size":"auto","background-attachment":"scroll","background-type":"","background-media":"","overlay-type":"","overlay-color":"","overlay-opacity":"","overlay-gradient":""},"tablet":{"background-color":"var(--ast-global-color-5)","background-image":"","background-repeat":"repeat","background-position":"center center","background-size":"auto","background-attachment":"scroll","background-type":"","background-media":"","overlay-type":"","overlay-color":"","overlay-opacity":"","overlay-gradient":""},"mobile":{"background-color":"var(--ast-global-color-5)","background-image":"","background-repeat":"repeat","background-position":"center center","background-size":"auto","background-attachment":"scroll","background-type":"","background-media":"","overlay-type":"","overlay-color":"","overlay-opacity":"","overlay-gradient":""}}},"product_brand":[],"product_cat":[34227],"product_tag":[],"pa_brand_name":[17979],"class_list":{"0":"post-125230","1":"product","2":"type-product","3":"status-publish","4":"has-post-thumbnail","6":"product_cat-winter-light-truck-friction","7":"pa_brand_name-goodyear","8":"desktop-align-left","9":"tablet-align-left","10":"mobile-align-left","12":"first","13":"outofstock","14":"taxable","15":"shipping-taxable","16":"purchasable","17":"product-type-simple"},"_links":{"self":[{"href":"https:\/\/shop.rettum.ee\/en\/wp-json\/wp\/v2\/product\/125230","targetHints":{"allow":["GET"]}}],"collection":[{"href":"https:\/\/shop.rettum.ee\/en\/wp-json\/wp\/v2\/product"}],"about":[{"href":"https:\/\/shop.rettum.ee\/en\/wp-json\/wp\/v2\/types\/product"}],"version-history":[{"count":1,"href":"https:\/\/shop.rettum.ee\/en\/wp-json\/wp\/v2\/product\/125230\/revisions"}],"predecessor-version":[{"id":125272,"href":"https:\/\/shop.rettum.ee\/en\/wp-json\/wp\/v2\/product\/125230\/revisions\/125272"}],"wp:featuredmedia":[{"embeddable":true,"href":"https:\/\/shop.rettum.ee\/en\/wp-json\/wp\/v2\/media\/124185"}],"wp:attachment":[{"href":"https:\/\/shop.rettum.ee\/en\/wp-json\/wp\/v2\/media?parent=125230"}],"wp:term":[{"taxonomy":"product_brand","embeddable":true,"href":"https:\/\/shop.rettum.ee\/en\/wp-json\/wp\/v2\/product_brand?post=125230"},{"taxonomy":"product_cat","embeddable":true,"href":"https:\/\/shop.rettum.ee\/en\/wp-json\/wp\/v2\/product_cat?post=125230"},{"taxonomy":"product_tag","embeddable":true,"href":"https:\/\/shop.rettum.ee\/en\/wp-json\/wp\/v2\/product_tag?post=125230"},{"taxonomy":"pa_brand_name","embeddable":true,"href":"https:\/\/shop.rettum.ee\/en\/wp-json\/wp\/v2\/pa_brand_name?post=125230"}],"curies":[{"name":"wp","href":"https:\/\/api.w.org\/{rel}","templated":true}]}}