{"id":125234,"date":"2025-03-31T19:37:19","date_gmt":"2025-03-31T16:37:19","guid":{"rendered":"https:\/\/shop.rettum.ee\/toode\/225-50r18-goodride-sw628-99h-xl-friction-dcb72-3pmsf-ms\/"},"modified":"2026-03-28T02:49:55","modified_gmt":"2026-03-28T00:49:55","slug":"225-50r18-goodride-sw628-99h-xl-friction-dcb72-3pmsf-ms","status":"publish","type":"product","link":"https:\/\/shop.rettum.ee\/en\/product\/225-50r18-goodride-sw628-99h-xl-friction-dcb72-3pmsf-ms\/","title":{"rendered":"225\/50R18 GOODRIDE SW628 99H XL Friction DCB72 3PMSF M+S"},"content":{"rendered":"<p>225\/50R18 GOODRIDE SW628 rehvil on ideaalne valik neile, kes hindavad ohutut ja j\u00f5ulist s\u00f5idukogemust. Selle m\u00f5\u00f5tmed tagavad suurep\u00e4rase stabiilsuse ning XL jaotusv\u00f5ime annab lisakandev\u00f5ime ka suuremate koormuste korral. 99H kiirusklass lubab turvalist s\u00f5itu ka kiiretel teedel, pakkudes kindlat j\u00f5udlust erinevates s\u00f5idutingimustes.<\/p>\n<p>Rehvi &#8220;Friction DCB72&#8221; koostis optimeerib veeretakistust, parandades k\u00fctuses\u00e4\u00e4stlikkust ja tagades sujuva s\u00f5idu. M+S s\u00fcmbol kinnitab, et see rehvl on valmistatud vastupidavaks nii mudases kui lumises keskkonnas, muutes selle usaldusv\u00e4\u00e4rseks kaaslaseks ebanormaalselt muutuvates ilmastikutingimustes. Lisaks annab 3PMSF m\u00e4rgistus t\u00e4iendava kindluse talvistel teedel, pakkudes maksimaalset haarduvust ja turvalisust.<\/p>\n<p>Valides GOODRIDE SW628 rehvi, investeerid kvaliteeti, sooritust ja ohutusse. See on mitmek\u00fclgne ja vastupidav valik igap\u00e4evaseks kasutamiseks, kombineerides tipptasemel tehnoloogia ja praktilise disaini, mis vastab t\u00e4nap\u00e4evaste s\u00f5idutingimuste n\u00f5udmistele.<\/p>","protected":false},"excerpt":{"rendered":"<p>225\/50R18 GOODRIDE SW628 rehvil on ideaalne valik neile, kes hindavad ohutut ja j\u00f5ulist s\u00f5idukogemust. Selle m\u00f5\u00f5tmed tagavad suurep\u00e4rase stabiilsuse ning XL jaotusv\u00f5ime annab lisakandev\u00f5ime ka suuremate koormuste korral. 99H kiirusklass lubab turvalist s\u00f5itu ka kiiretel teedel, pakkudes kindlat j\u00f5udlust erinevates s\u00f5idutingimustes. Rehvi &#8220;Friction DCB72&#8221; koostis optimeerib veeretakistust, parandades k\u00fctuses\u00e4\u00e4stlikkust ja tagades sujuva s\u00f5idu. M+S s\u00fcmbol [&hellip;]<\/p>\n","protected":false},"featured_media":124263,"template":"","meta":{"site-sidebar-layout":"default","site-content-layout":"","ast-site-content-layout":"","site-content-style":"default","site-sidebar-style":"default","ast-global-header-display":"","ast-banner-title-visibility":"","ast-main-header-display":"","ast-hfb-above-header-display":"","ast-hfb-below-header-display":"","ast-hfb-mobile-header-display":"","site-post-title":"","ast-breadcrumbs-content":"","ast-featured-img":"","footer-sml-layout":"","theme-transparent-header-meta":"","adv-header-id-meta":"","stick-header-meta":"","header-above-stick-meta":"","header-main-stick-meta":"","header-below-stick-meta":"","astra-migrate-meta-layouts":"default","ast-page-background-enabled":"default","ast-page-background-meta":{"desktop":{"background-color":"","background-image":"","background-repeat":"repeat","background-position":"center center","background-size":"auto","background-attachment":"scroll","background-type":"","background-media":"","overlay-type":"","overlay-color":"","overlay-opacity":"","overlay-gradient":""},"tablet":{"background-color":"","background-image":"","background-repeat":"repeat","background-position":"center center","background-size":"auto","background-attachment":"scroll","background-type":"","background-media":"","overlay-type":"","overlay-color":"","overlay-opacity":"","overlay-gradient":""},"mobile":{"background-color":"","background-image":"","background-repeat":"repeat","background-position":"center center","background-size":"auto","background-attachment":"scroll","background-type":"","background-media":"","overlay-type":"","overlay-color":"","overlay-opacity":"","overlay-gradient":""}},"ast-content-background-meta":{"desktop":{"background-color":"var(--ast-global-color-5)","background-image":"","background-repeat":"repeat","background-position":"center center","background-size":"auto","background-attachment":"scroll","background-type":"","background-media":"","overlay-type":"","overlay-color":"","overlay-opacity":"","overlay-gradient":""},"tablet":{"background-color":"var(--ast-global-color-5)","background-image":"","background-repeat":"repeat","background-position":"center center","background-size":"auto","background-attachment":"scroll","background-type":"","background-media":"","overlay-type":"","overlay-color":"","overlay-opacity":"","overlay-gradient":""},"mobile":{"background-color":"var(--ast-global-color-5)","background-image":"","background-repeat":"repeat","background-position":"center center","background-size":"auto","background-attachment":"scroll","background-type":"","background-media":"","overlay-type":"","overlay-color":"","overlay-opacity":"","overlay-gradient":""}}},"product_brand":[],"product_cat":[34228],"product_tag":[],"pa_brand_name":[17861],"class_list":{"0":"post-125234","1":"product","2":"type-product","3":"status-publish","4":"has-post-thumbnail","6":"product_cat-winter-tires-friction","7":"pa_brand_name-goodride","8":"desktop-align-left","9":"tablet-align-left","10":"mobile-align-left","12":"first","13":"instock","14":"taxable","15":"shipping-taxable","16":"purchasable","17":"product-type-simple"},"_links":{"self":[{"href":"https:\/\/shop.rettum.ee\/en\/wp-json\/wp\/v2\/product\/125234","targetHints":{"allow":["GET"]}}],"collection":[{"href":"https:\/\/shop.rettum.ee\/en\/wp-json\/wp\/v2\/product"}],"about":[{"href":"https:\/\/shop.rettum.ee\/en\/wp-json\/wp\/v2\/types\/product"}],"version-history":[{"count":1,"href":"https:\/\/shop.rettum.ee\/en\/wp-json\/wp\/v2\/product\/125234\/revisions"}],"predecessor-version":[{"id":125268,"href":"https:\/\/shop.rettum.ee\/en\/wp-json\/wp\/v2\/product\/125234\/revisions\/125268"}],"wp:featuredmedia":[{"embeddable":true,"href":"https:\/\/shop.rettum.ee\/en\/wp-json\/wp\/v2\/media\/124263"}],"wp:attachment":[{"href":"https:\/\/shop.rettum.ee\/en\/wp-json\/wp\/v2\/media?parent=125234"}],"wp:term":[{"taxonomy":"product_brand","embeddable":true,"href":"https:\/\/shop.rettum.ee\/en\/wp-json\/wp\/v2\/product_brand?post=125234"},{"taxonomy":"product_cat","embeddable":true,"href":"https:\/\/shop.rettum.ee\/en\/wp-json\/wp\/v2\/product_cat?post=125234"},{"taxonomy":"product_tag","embeddable":true,"href":"https:\/\/shop.rettum.ee\/en\/wp-json\/wp\/v2\/product_tag?post=125234"},{"taxonomy":"pa_brand_name","embeddable":true,"href":"https:\/\/shop.rettum.ee\/en\/wp-json\/wp\/v2\/pa_brand_name?post=125234"}],"curies":[{"name":"wp","href":"https:\/\/api.w.org\/{rel}","templated":true}]}}