{"id":125238,"date":"2025-03-31T19:37:22","date_gmt":"2025-03-31T16:37:22","guid":{"rendered":"https:\/\/shop.rettum.ee\/toode\/185-65r15-hankook-kinergy-eco2-k435-88h-abb70\/"},"modified":"2026-02-28T02:45:20","modified_gmt":"2026-02-28T00:45:20","slug":"185-65r15-hankook-kinergy-eco2-k435-88h-abb70","status":"publish","type":"product","link":"https:\/\/shop.rettum.ee\/en\/product\/185-65r15-hankook-kinergy-eco2-k435-88h-abb70\/","title":{"rendered":"185\/65R15 HANKOOK KINERGY ECO2 (K435) 88H ABB70"},"content":{"rendered":"<p>Hankook Kinergy Eco2 rehvid on loodud pakkuma ohutut, k\u00fctuses\u00e4\u00e4stlikku ja keskkonnas\u00f5bralikku s\u00f5idukogemust. Rehvi suurus 185\/65R15 tagab stabiilsuse ja suurep\u00e4rase haarduvuse nii kuivadel kui ka m\u00e4rgadel teedel, v\u00f5imaldades kindlat man\u00f6\u00f6verdamist igas olukorras. T\u00e4nu innovatiivsele disainile ja spetsiaalselt v\u00e4lja t\u00f6\u00f6tatud kummisegule v\u00e4hendab see rehvid rullimiskindlust, aidates optimeerida k\u00fctusekulu ja v\u00e4hendades samal ajal keskkonnajalaj\u00e4lge.<\/p>\n<p>Rehvi 88 laadimisindeks ja H kiirusklass (kuni 210 km\/h) tagavad piisava koormustaluvuse ja turvalise s\u00f5idukiirus, muutes Hankook Kinergy Eco2 ideaalseks nii igap\u00e4evasteks s\u00f5itudeks kui ka pikemateks teekondadeks. ABB70 sertifikaat kinnitab rehvi k\u00f5rgeid kvaliteedistandardeid ning vastavust rangetele ohutusn\u00f5uetele. <\/p>\n<p>Valides Hankook Kinergy Eco2, tagad endale usaldusv\u00e4\u00e4rse ja \u00f6konoomse s\u00f5idu, kus kvaliteet kohtub keskkonnas\u00f5bralikkusega.<\/p>","protected":false},"excerpt":{"rendered":"<p>Hankook Kinergy Eco2 rehvid on loodud pakkuma ohutut, k\u00fctuses\u00e4\u00e4stlikku ja keskkonnas\u00f5bralikku s\u00f5idukogemust. Rehvi suurus 185\/65R15 tagab stabiilsuse ja suurep\u00e4rase haarduvuse nii kuivadel kui ka m\u00e4rgadel teedel, v\u00f5imaldades kindlat man\u00f6\u00f6verdamist igas olukorras. T\u00e4nu innovatiivsele disainile ja spetsiaalselt v\u00e4lja t\u00f6\u00f6tatud kummisegule v\u00e4hendab see rehvid rullimiskindlust, aidates optimeerida k\u00fctusekulu ja v\u00e4hendades samal ajal keskkonnajalaj\u00e4lge. Rehvi 88 laadimisindeks ja [&hellip;]<\/p>\n","protected":false},"featured_media":124383,"template":"","meta":{"site-sidebar-layout":"default","site-content-layout":"","ast-site-content-layout":"","site-content-style":"default","site-sidebar-style":"default","ast-global-header-display":"","ast-banner-title-visibility":"","ast-main-header-display":"","ast-hfb-above-header-display":"","ast-hfb-below-header-display":"","ast-hfb-mobile-header-display":"","site-post-title":"","ast-breadcrumbs-content":"","ast-featured-img":"","footer-sml-layout":"","theme-transparent-header-meta":"","adv-header-id-meta":"","stick-header-meta":"","header-above-stick-meta":"","header-main-stick-meta":"","header-below-stick-meta":"","astra-migrate-meta-layouts":"default","ast-page-background-enabled":"default","ast-page-background-meta":{"desktop":{"background-color":"","background-image":"","background-repeat":"repeat","background-position":"center center","background-size":"auto","background-attachment":"scroll","background-type":"","background-media":"","overlay-type":"","overlay-color":"","overlay-opacity":"","overlay-gradient":""},"tablet":{"background-color":"","background-image":"","background-repeat":"repeat","background-position":"center center","background-size":"auto","background-attachment":"scroll","background-type":"","background-media":"","overlay-type":"","overlay-color":"","overlay-opacity":"","overlay-gradient":""},"mobile":{"background-color":"","background-image":"","background-repeat":"repeat","background-position":"center center","background-size":"auto","background-attachment":"scroll","background-type":"","background-media":"","overlay-type":"","overlay-color":"","overlay-opacity":"","overlay-gradient":""}},"ast-content-background-meta":{"desktop":{"background-color":"var(--ast-global-color-5)","background-image":"","background-repeat":"repeat","background-position":"center center","background-size":"auto","background-attachment":"scroll","background-type":"","background-media":"","overlay-type":"","overlay-color":"","overlay-opacity":"","overlay-gradient":""},"tablet":{"background-color":"var(--ast-global-color-5)","background-image":"","background-repeat":"repeat","background-position":"center center","background-size":"auto","background-attachment":"scroll","background-type":"","background-media":"","overlay-type":"","overlay-color":"","overlay-opacity":"","overlay-gradient":""},"mobile":{"background-color":"var(--ast-global-color-5)","background-image":"","background-repeat":"repeat","background-position":"center center","background-size":"auto","background-attachment":"scroll","background-type":"","background-media":"","overlay-type":"","overlay-color":"","overlay-opacity":"","overlay-gradient":""}}},"product_brand":[],"product_cat":[34225],"product_tag":[],"pa_brand_name":[],"class_list":{"0":"post-125238","1":"product","2":"type-product","3":"status-publish","4":"has-post-thumbnail","6":"product_cat-summer-tires-pv","7":"desktop-align-left","8":"tablet-align-left","9":"mobile-align-left","11":"first","12":"outofstock","13":"taxable","14":"shipping-taxable","15":"purchasable","16":"product-type-simple"},"_links":{"self":[{"href":"https:\/\/shop.rettum.ee\/en\/wp-json\/wp\/v2\/product\/125238","targetHints":{"allow":["GET"]}}],"collection":[{"href":"https:\/\/shop.rettum.ee\/en\/wp-json\/wp\/v2\/product"}],"about":[{"href":"https:\/\/shop.rettum.ee\/en\/wp-json\/wp\/v2\/types\/product"}],"version-history":[{"count":1,"href":"https:\/\/shop.rettum.ee\/en\/wp-json\/wp\/v2\/product\/125238\/revisions"}],"predecessor-version":[{"id":125264,"href":"https:\/\/shop.rettum.ee\/en\/wp-json\/wp\/v2\/product\/125238\/revisions\/125264"}],"wp:featuredmedia":[{"embeddable":true,"href":"https:\/\/shop.rettum.ee\/en\/wp-json\/wp\/v2\/media\/124383"}],"wp:attachment":[{"href":"https:\/\/shop.rettum.ee\/en\/wp-json\/wp\/v2\/media?parent=125238"}],"wp:term":[{"taxonomy":"product_brand","embeddable":true,"href":"https:\/\/shop.rettum.ee\/en\/wp-json\/wp\/v2\/product_brand?post=125238"},{"taxonomy":"product_cat","embeddable":true,"href":"https:\/\/shop.rettum.ee\/en\/wp-json\/wp\/v2\/product_cat?post=125238"},{"taxonomy":"product_tag","embeddable":true,"href":"https:\/\/shop.rettum.ee\/en\/wp-json\/wp\/v2\/product_tag?post=125238"},{"taxonomy":"pa_brand_name","embeddable":true,"href":"https:\/\/shop.rettum.ee\/en\/wp-json\/wp\/v2\/pa_brand_name?post=125238"}],"curies":[{"name":"wp","href":"https:\/\/api.w.org\/{rel}","templated":true}]}}