{"id":125239,"date":"2025-03-31T19:37:22","date_gmt":"2025-03-31T16:37:22","guid":{"rendered":"https:\/\/shop.rettum.ee\/toode\/255-45r20-goodyear-eagle-f1-asymmetric-5-105h-xl-mo-aba70-2\/"},"modified":"2026-03-27T02:45:35","modified_gmt":"2026-03-27T00:45:35","slug":"255-45r20-goodyear-eagle-f1-asymmetric-5-105h-xl-mo-aba70-2","status":"publish","type":"product","link":"https:\/\/shop.rettum.ee\/en\/product\/255-45r20-goodyear-eagle-f1-asymmetric-5-105h-xl-mo-aba70-2\/","title":{"rendered":"255\/45R20 GOODYEAR EAGLE F1 ASYMMETRIC 5 105H XL MO ABA70"},"content":{"rendered":"<p>Goodyear Eagle F1 Asymmetric 5 on tipptasemel suvisene rehv, mis on loodud pakkuma erakordset sportlikku j\u00f5udlust ja s\u00f5idumugavust. Rehvi m\u00f5\u00f5tmed 255\/45R20 sobivad ideaalselt suure rattaga sport- ja premiumklassi s\u00f5idukitele, tagades v\u00f5imsa haarduvuse ja kiire reageerimise erinevatel teedel. <\/p>\n<p>As\u00fcmmeetriline mustrilahendus on disainitud maksimaalse tee kontakti ja optimaalse veoj\u00f5u saavutamiseks, pakkudes suurep\u00e4rast stabiilsust nii kuivadel kui m\u00e4rgadel teedel. XL-klassi konstruktsioon v\u00f5imaldab suuremat koormust ja pikemat eluea, muutes selle rehviks neile, kes hindavad nii j\u00f5udlust kui ka vastupidavust. 105H m\u00e4rgis annab kindluse, et rehvi koormusindeks ja kiirusklass vastavad rangetele ohutus- ja kvaliteedistandarditele.<\/p>\n<p>Goodyeari tunnustatud tehnoloogia ja uuenduslik l\u00e4henemine tagavad, et Eagle F1 Asymmetric 5 on usaldusv\u00e4\u00e4rne partner igal s\u00f5idul. Valides selle rehviga tagate endale sportliku s\u00f5idukogemuse, paranenud man\u00f6\u00f6verdusv\u00f5ime ja kindla haarde \u2013 iga teek\u00e4igu ajal.<\/p>","protected":false},"excerpt":{"rendered":"<p>Goodyear Eagle F1 Asymmetric 5 on tipptasemel suvisene rehv, mis on loodud pakkuma erakordset sportlikku j\u00f5udlust ja s\u00f5idumugavust. Rehvi m\u00f5\u00f5tmed 255\/45R20 sobivad ideaalselt suure rattaga sport- ja premiumklassi s\u00f5idukitele, tagades v\u00f5imsa haarduvuse ja kiire reageerimise erinevatel teedel. As\u00fcmmeetriline mustrilahendus on disainitud maksimaalse tee kontakti ja optimaalse veoj\u00f5u saavutamiseks, pakkudes suurep\u00e4rast stabiilsust nii kuivadel kui m\u00e4rgadel [&hellip;]<\/p>\n","protected":false},"featured_media":122103,"template":"","meta":{"site-sidebar-layout":"default","site-content-layout":"","ast-site-content-layout":"","site-content-style":"default","site-sidebar-style":"default","ast-global-header-display":"","ast-banner-title-visibility":"","ast-main-header-display":"","ast-hfb-above-header-display":"","ast-hfb-below-header-display":"","ast-hfb-mobile-header-display":"","site-post-title":"","ast-breadcrumbs-content":"","ast-featured-img":"","footer-sml-layout":"","theme-transparent-header-meta":"","adv-header-id-meta":"","stick-header-meta":"","header-above-stick-meta":"","header-main-stick-meta":"","header-below-stick-meta":"","astra-migrate-meta-layouts":"default","ast-page-background-enabled":"default","ast-page-background-meta":{"desktop":{"background-color":"","background-image":"","background-repeat":"repeat","background-position":"center center","background-size":"auto","background-attachment":"scroll","background-type":"","background-media":"","overlay-type":"","overlay-color":"","overlay-opacity":"","overlay-gradient":""},"tablet":{"background-color":"","background-image":"","background-repeat":"repeat","background-position":"center center","background-size":"auto","background-attachment":"scroll","background-type":"","background-media":"","overlay-type":"","overlay-color":"","overlay-opacity":"","overlay-gradient":""},"mobile":{"background-color":"","background-image":"","background-repeat":"repeat","background-position":"center center","background-size":"auto","background-attachment":"scroll","background-type":"","background-media":"","overlay-type":"","overlay-color":"","overlay-opacity":"","overlay-gradient":""}},"ast-content-background-meta":{"desktop":{"background-color":"var(--ast-global-color-5)","background-image":"","background-repeat":"repeat","background-position":"center center","background-size":"auto","background-attachment":"scroll","background-type":"","background-media":"","overlay-type":"","overlay-color":"","overlay-opacity":"","overlay-gradient":""},"tablet":{"background-color":"var(--ast-global-color-5)","background-image":"","background-repeat":"repeat","background-position":"center center","background-size":"auto","background-attachment":"scroll","background-type":"","background-media":"","overlay-type":"","overlay-color":"","overlay-opacity":"","overlay-gradient":""},"mobile":{"background-color":"var(--ast-global-color-5)","background-image":"","background-repeat":"repeat","background-position":"center center","background-size":"auto","background-attachment":"scroll","background-type":"","background-media":"","overlay-type":"","overlay-color":"","overlay-opacity":"","overlay-gradient":""}}},"product_brand":[],"product_cat":[34225],"product_tag":[],"pa_brand_name":[17979],"class_list":{"0":"post-125239","1":"product","2":"type-product","3":"status-publish","4":"has-post-thumbnail","6":"product_cat-summer-tires-pv","7":"pa_brand_name-goodyear","8":"desktop-align-left","9":"tablet-align-left","10":"mobile-align-left","12":"first","13":"outofstock","14":"taxable","15":"shipping-taxable","16":"purchasable","17":"product-type-simple"},"_links":{"self":[{"href":"https:\/\/shop.rettum.ee\/en\/wp-json\/wp\/v2\/product\/125239","targetHints":{"allow":["GET"]}}],"collection":[{"href":"https:\/\/shop.rettum.ee\/en\/wp-json\/wp\/v2\/product"}],"about":[{"href":"https:\/\/shop.rettum.ee\/en\/wp-json\/wp\/v2\/types\/product"}],"version-history":[{"count":1,"href":"https:\/\/shop.rettum.ee\/en\/wp-json\/wp\/v2\/product\/125239\/revisions"}],"predecessor-version":[{"id":125263,"href":"https:\/\/shop.rettum.ee\/en\/wp-json\/wp\/v2\/product\/125239\/revisions\/125263"}],"wp:featuredmedia":[{"embeddable":true,"href":"https:\/\/shop.rettum.ee\/en\/wp-json\/wp\/v2\/media\/122103"}],"wp:attachment":[{"href":"https:\/\/shop.rettum.ee\/en\/wp-json\/wp\/v2\/media?parent=125239"}],"wp:term":[{"taxonomy":"product_brand","embeddable":true,"href":"https:\/\/shop.rettum.ee\/en\/wp-json\/wp\/v2\/product_brand?post=125239"},{"taxonomy":"product_cat","embeddable":true,"href":"https:\/\/shop.rettum.ee\/en\/wp-json\/wp\/v2\/product_cat?post=125239"},{"taxonomy":"product_tag","embeddable":true,"href":"https:\/\/shop.rettum.ee\/en\/wp-json\/wp\/v2\/product_tag?post=125239"},{"taxonomy":"pa_brand_name","embeddable":true,"href":"https:\/\/shop.rettum.ee\/en\/wp-json\/wp\/v2\/pa_brand_name?post=125239"}],"curies":[{"name":"wp","href":"https:\/\/api.w.org\/{rel}","templated":true}]}}