{"id":125242,"date":"2025-03-31T19:37:25","date_gmt":"2025-03-31T16:37:25","guid":{"rendered":"https:\/\/shop.rettum.ee\/toode\/205-65r16c-hankook-vantra-lt-ra18-103-101h-bab73-ms\/"},"modified":"2025-08-05T02:45:39","modified_gmt":"2025-08-04T23:45:39","slug":"205-65r16c-hankook-vantra-lt-ra18-103-101h-bab73-ms","status":"publish","type":"product","link":"https:\/\/shop.rettum.ee\/en\/product\/205-65r16c-hankook-vantra-lt-ra18-103-101h-bab73-ms\/","title":{"rendered":"205\/65R16C HANKOOK VANTRA LT (RA18) 103\/101H BAB73 M+S"},"content":{"rendered":"<p>Tutvustame HANKOOK VANTRA LT (RA18) 205\/65R16C rehvi \u2013 usaldusv\u00e4\u00e4rne valik kergetele kommerts\u00f5idukitele, mis n\u00f5uavad tipptasemel j\u00f5udlust ja ohutust. See rehvvahend \u00fchendab endas muljetavaldava koormusv\u00f5ime (103\/101H) ja \u00fclimalt t\u00f5husa haarduvuse, pakkudes s\u00f5idu kindlust ka keerulistes oludes. M+S m\u00e4rgis garanteerib suurep\u00e4rase veoj\u00f5u nii muda kui lumega teedel, tagades kindluse igal kilomeetril.<\/p>\n<p>HANKOOK VANTRA LT (RA18) on loodud t\u00e4nap\u00e4evaste tehnoloogiate toel, kusjuures BAB73 kood s\u00fcmboliseerib toodete kvaliteedikontrolli rangust ja usaldusv\u00e4\u00e4rsust. M\u00e4rgitud m\u00f5\u00f5tmed 205\/65R16C annavad teada rehvi optimaalsest sobivusest ja efektiivsest energiatarbest, tagades stabiilsuse ja vastupidavuse igap\u00e4evasel s\u00f5idul.<\/p>\n<p>Valides selle rehvi, saad mitte ainult kaasaegse ja turvalise toote, vaid ka investeeringu, mis tagab m\u00f5nusa s\u00f5idukogemuse k\u00f5igil teedel \u2013 olgu need siis t\u00f6\u00f6alased v\u00f5i isiklikud s\u00f5idud. HANKOOK VANTRA LT (RA18) on sinu partner, mis \u00fchendab kvaliteedi, ohutuse ja t\u00f6\u00f6kindluse \u00fcheski ilmastikutingimuses.<\/p>","protected":false},"excerpt":{"rendered":"<p>Tutvustame HANKOOK VANTRA LT (RA18) 205\/65R16C rehvi \u2013 usaldusv\u00e4\u00e4rne valik kergetele kommerts\u00f5idukitele, mis n\u00f5uavad tipptasemel j\u00f5udlust ja ohutust. See rehvvahend \u00fchendab endas muljetavaldava koormusv\u00f5ime (103\/101H) ja \u00fclimalt t\u00f5husa haarduvuse, pakkudes s\u00f5idu kindlust ka keerulistes oludes. M+S m\u00e4rgis garanteerib suurep\u00e4rase veoj\u00f5u nii muda kui lumega teedel, tagades kindluse igal kilomeetril. HANKOOK VANTRA LT (RA18) on loodud [&hellip;]<\/p>\n","protected":false},"featured_media":124362,"template":"","meta":{"site-sidebar-layout":"default","site-content-layout":"","ast-site-content-layout":"","site-content-style":"default","site-sidebar-style":"default","ast-global-header-display":"","ast-banner-title-visibility":"","ast-main-header-display":"","ast-hfb-above-header-display":"","ast-hfb-below-header-display":"","ast-hfb-mobile-header-display":"","site-post-title":"","ast-breadcrumbs-content":"","ast-featured-img":"","footer-sml-layout":"","theme-transparent-header-meta":"","adv-header-id-meta":"","stick-header-meta":"","header-above-stick-meta":"","header-main-stick-meta":"","header-below-stick-meta":"","astra-migrate-meta-layouts":"default","ast-page-background-enabled":"default","ast-page-background-meta":{"desktop":{"background-color":"","background-image":"","background-repeat":"repeat","background-position":"center center","background-size":"auto","background-attachment":"scroll","background-type":"","background-media":"","overlay-type":"","overlay-color":"","overlay-opacity":"","overlay-gradient":""},"tablet":{"background-color":"","background-image":"","background-repeat":"repeat","background-position":"center center","background-size":"auto","background-attachment":"scroll","background-type":"","background-media":"","overlay-type":"","overlay-color":"","overlay-opacity":"","overlay-gradient":""},"mobile":{"background-color":"","background-image":"","background-repeat":"repeat","background-position":"center center","background-size":"auto","background-attachment":"scroll","background-type":"","background-media":"","overlay-type":"","overlay-color":"","overlay-opacity":"","overlay-gradient":""}},"ast-content-background-meta":{"desktop":{"background-color":"var(--ast-global-color-5)","background-image":"","background-repeat":"repeat","background-position":"center center","background-size":"auto","background-attachment":"scroll","background-type":"","background-media":"","overlay-type":"","overlay-color":"","overlay-opacity":"","overlay-gradient":""},"tablet":{"background-color":"var(--ast-global-color-5)","background-image":"","background-repeat":"repeat","background-position":"center center","background-size":"auto","background-attachment":"scroll","background-type":"","background-media":"","overlay-type":"","overlay-color":"","overlay-opacity":"","overlay-gradient":""},"mobile":{"background-color":"var(--ast-global-color-5)","background-image":"","background-repeat":"repeat","background-position":"center center","background-size":"auto","background-attachment":"scroll","background-type":"","background-media":"","overlay-type":"","overlay-color":"","overlay-opacity":"","overlay-gradient":""}}},"product_brand":[],"product_cat":[34226],"product_tag":[],"pa_brand_name":[17812],"class_list":{"0":"post-125242","1":"product","2":"type-product","3":"status-publish","4":"has-post-thumbnail","6":"product_cat-summer-light-truck","7":"pa_brand_name-hankook","8":"desktop-align-left","9":"tablet-align-left","10":"mobile-align-left","12":"first","13":"outofstock","14":"taxable","15":"shipping-taxable","16":"purchasable","17":"product-type-simple"},"_links":{"self":[{"href":"https:\/\/shop.rettum.ee\/en\/wp-json\/wp\/v2\/product\/125242","targetHints":{"allow":["GET"]}}],"collection":[{"href":"https:\/\/shop.rettum.ee\/en\/wp-json\/wp\/v2\/product"}],"about":[{"href":"https:\/\/shop.rettum.ee\/en\/wp-json\/wp\/v2\/types\/product"}],"version-history":[{"count":1,"href":"https:\/\/shop.rettum.ee\/en\/wp-json\/wp\/v2\/product\/125242\/revisions"}],"predecessor-version":[{"id":125260,"href":"https:\/\/shop.rettum.ee\/en\/wp-json\/wp\/v2\/product\/125242\/revisions\/125260"}],"wp:featuredmedia":[{"embeddable":true,"href":"https:\/\/shop.rettum.ee\/en\/wp-json\/wp\/v2\/media\/124362"}],"wp:attachment":[{"href":"https:\/\/shop.rettum.ee\/en\/wp-json\/wp\/v2\/media?parent=125242"}],"wp:term":[{"taxonomy":"product_brand","embeddable":true,"href":"https:\/\/shop.rettum.ee\/en\/wp-json\/wp\/v2\/product_brand?post=125242"},{"taxonomy":"product_cat","embeddable":true,"href":"https:\/\/shop.rettum.ee\/en\/wp-json\/wp\/v2\/product_cat?post=125242"},{"taxonomy":"product_tag","embeddable":true,"href":"https:\/\/shop.rettum.ee\/en\/wp-json\/wp\/v2\/product_tag?post=125242"},{"taxonomy":"pa_brand_name","embeddable":true,"href":"https:\/\/shop.rettum.ee\/en\/wp-json\/wp\/v2\/pa_brand_name?post=125242"}],"curies":[{"name":"wp","href":"https:\/\/api.w.org\/{rel}","templated":true}]}}