{"id":125243,"date":"2025-03-31T19:37:26","date_gmt":"2025-03-31T16:37:26","guid":{"rendered":"https:\/\/shop.rettum.ee\/toode\/215-60r16-dunlop-all-season-2-99v-xl-bcb71-3pmsf-ms\/"},"modified":"2025-12-17T02:45:56","modified_gmt":"2025-12-17T00:45:56","slug":"215-60r16-dunlop-all-season-2-99v-xl-bcb71-3pmsf-ms","status":"publish","type":"product","link":"https:\/\/shop.rettum.ee\/en\/product\/215-60r16-dunlop-all-season-2-99v-xl-bcb71-3pmsf-ms\/","title":{"rendered":"215\/60R16 DUNLOP ALL SEASON 2 99V XL BCB71 3PMSF M+S"},"content":{"rendered":"<p>Dunlop All Season 2 215\/60R16 rehvid on loodud pakkuma usaldusv\u00e4\u00e4rset sooritust ja turvalist s\u00f5itu igasugustes ilmastikutingimustes. T\u00e4nu 3PMSF ja M+S m\u00e4rgisele tagavad need rehvid suurep\u00e4rase haarduvuse nii lumisel, m\u00e4rjal kui ka porisel teel, v\u00f5imaldades s\u00f5itjatel nautida kindlat ja ennustatavat juhitavust. XL-klass toob kaasa t\u00e4iendava koormusv\u00f5ime, mis sobib ideaalselt mitmekesiste olukordadega ning v\u00f5imaldab ohutult l\u00e4bida ka n\u00f5udlikumaid s\u00f5iduehitu.<\/p>\n<p>Innovaatiline mustri disain v\u00e4hendab veeretakistust ning optimeerib k\u00fctuses\u00e4\u00e4stlikkust, pakkudes juhi jaoks sujuvat ning \u00f6konoomset s\u00f5idukogemust. 99V kiirusindeks t\u00e4hendab, et rehvid on testitud ja heaks kiidetud ka k\u00f5rgtehnilistele s\u00f5idutingimustele, s\u00e4ilitades stabiilsuse ja vastupidavuse suurel kiirusel. Dunlop All Season 2 rehvid \u00fchendavad traditsioonilise kvaliteedi ja kaasaegse innovatsiooni, muutes need usaldusv\u00e4\u00e4rseks valikuks nii igap\u00e4evasteks s\u00f5itudeks kui ka pikemateks teerajajateks.<\/p>","protected":false},"excerpt":{"rendered":"<p>Dunlop All Season 2 215\/60R16 rehvid on loodud pakkuma usaldusv\u00e4\u00e4rset sooritust ja turvalist s\u00f5itu igasugustes ilmastikutingimustes. T\u00e4nu 3PMSF ja M+S m\u00e4rgisele tagavad need rehvid suurep\u00e4rase haarduvuse nii lumisel, m\u00e4rjal kui ka porisel teel, v\u00f5imaldades s\u00f5itjatel nautida kindlat ja ennustatavat juhitavust. XL-klass toob kaasa t\u00e4iendava koormusv\u00f5ime, mis sobib ideaalselt mitmekesiste olukordadega ning v\u00f5imaldab ohutult l\u00e4bida ka [&hellip;]<\/p>\n","protected":false},"featured_media":122065,"template":"","meta":{"site-sidebar-layout":"default","site-content-layout":"","ast-site-content-layout":"","site-content-style":"default","site-sidebar-style":"default","ast-global-header-display":"","ast-banner-title-visibility":"","ast-main-header-display":"","ast-hfb-above-header-display":"","ast-hfb-below-header-display":"","ast-hfb-mobile-header-display":"","site-post-title":"","ast-breadcrumbs-content":"","ast-featured-img":"","footer-sml-layout":"","theme-transparent-header-meta":"","adv-header-id-meta":"","stick-header-meta":"","header-above-stick-meta":"","header-main-stick-meta":"","header-below-stick-meta":"","astra-migrate-meta-layouts":"default","ast-page-background-enabled":"default","ast-page-background-meta":{"desktop":{"background-color":"","background-image":"","background-repeat":"repeat","background-position":"center center","background-size":"auto","background-attachment":"scroll","background-type":"","background-media":"","overlay-type":"","overlay-color":"","overlay-opacity":"","overlay-gradient":""},"tablet":{"background-color":"","background-image":"","background-repeat":"repeat","background-position":"center center","background-size":"auto","background-attachment":"scroll","background-type":"","background-media":"","overlay-type":"","overlay-color":"","overlay-opacity":"","overlay-gradient":""},"mobile":{"background-color":"","background-image":"","background-repeat":"repeat","background-position":"center center","background-size":"auto","background-attachment":"scroll","background-type":"","background-media":"","overlay-type":"","overlay-color":"","overlay-opacity":"","overlay-gradient":""}},"ast-content-background-meta":{"desktop":{"background-color":"var(--ast-global-color-5)","background-image":"","background-repeat":"repeat","background-position":"center center","background-size":"auto","background-attachment":"scroll","background-type":"","background-media":"","overlay-type":"","overlay-color":"","overlay-opacity":"","overlay-gradient":""},"tablet":{"background-color":"var(--ast-global-color-5)","background-image":"","background-repeat":"repeat","background-position":"center center","background-size":"auto","background-attachment":"scroll","background-type":"","background-media":"","overlay-type":"","overlay-color":"","overlay-opacity":"","overlay-gradient":""},"mobile":{"background-color":"var(--ast-global-color-5)","background-image":"","background-repeat":"repeat","background-position":"center center","background-size":"auto","background-attachment":"scroll","background-type":"","background-media":"","overlay-type":"","overlay-color":"","overlay-opacity":"","overlay-gradient":""}}},"product_brand":[],"product_cat":[34230],"product_tag":[],"pa_brand_name":[18236],"class_list":{"0":"post-125243","1":"product","2":"type-product","3":"status-publish","4":"has-post-thumbnail","6":"product_cat-all-season-pcr-2","7":"pa_brand_name-dunlop","8":"desktop-align-left","9":"tablet-align-left","10":"mobile-align-left","12":"first","13":"outofstock","14":"taxable","15":"shipping-taxable","16":"purchasable","17":"product-type-simple"},"_links":{"self":[{"href":"https:\/\/shop.rettum.ee\/en\/wp-json\/wp\/v2\/product\/125243","targetHints":{"allow":["GET"]}}],"collection":[{"href":"https:\/\/shop.rettum.ee\/en\/wp-json\/wp\/v2\/product"}],"about":[{"href":"https:\/\/shop.rettum.ee\/en\/wp-json\/wp\/v2\/types\/product"}],"version-history":[{"count":1,"href":"https:\/\/shop.rettum.ee\/en\/wp-json\/wp\/v2\/product\/125243\/revisions"}],"predecessor-version":[{"id":125259,"href":"https:\/\/shop.rettum.ee\/en\/wp-json\/wp\/v2\/product\/125243\/revisions\/125259"}],"wp:featuredmedia":[{"embeddable":true,"href":"https:\/\/shop.rettum.ee\/en\/wp-json\/wp\/v2\/media\/122065"}],"wp:attachment":[{"href":"https:\/\/shop.rettum.ee\/en\/wp-json\/wp\/v2\/media?parent=125243"}],"wp:term":[{"taxonomy":"product_brand","embeddable":true,"href":"https:\/\/shop.rettum.ee\/en\/wp-json\/wp\/v2\/product_brand?post=125243"},{"taxonomy":"product_cat","embeddable":true,"href":"https:\/\/shop.rettum.ee\/en\/wp-json\/wp\/v2\/product_cat?post=125243"},{"taxonomy":"product_tag","embeddable":true,"href":"https:\/\/shop.rettum.ee\/en\/wp-json\/wp\/v2\/product_tag?post=125243"},{"taxonomy":"pa_brand_name","embeddable":true,"href":"https:\/\/shop.rettum.ee\/en\/wp-json\/wp\/v2\/pa_brand_name?post=125243"}],"curies":[{"name":"wp","href":"https:\/\/api.w.org\/{rel}","templated":true}]}}