{"id":125246,"date":"2025-03-31T19:37:28","date_gmt":"2025-03-31T16:37:28","guid":{"rendered":"https:\/\/shop.rettum.ee\/toode\/255-50r19-hankook-ventus-evo-suv-k137a-107w-xl-rp-bab71\/"},"modified":"2026-03-15T02:45:20","modified_gmt":"2026-03-15T00:45:20","slug":"255-50r19-hankook-ventus-evo-suv-k137a-107w-xl-rp-bab71","status":"publish","type":"product","link":"https:\/\/shop.rettum.ee\/en\/product\/255-50r19-hankook-ventus-evo-suv-k137a-107w-xl-rp-bab71\/","title":{"rendered":"255\/50R19 HANKOOK VENTUS EVO SUV (K137A) 107W XL RP BAB71"},"content":{"rendered":"<p>Hankook Ventus Evo SUV 255\/50R19 (K137A) on disainitud spetsiaalselt suvimaastikule ning t\u00e4nap\u00e4eva s\u00f5idukitele, pakkudes t\u00e4iuslikku tasakaalu ohutuse ja j\u00f5udluse vahel. Rehvi m\u00f5\u00f5tmed 255\/50R19 tagavad kindla haarduvuse ning stabiilsuse igas s\u00f5idutingimustes \u2013 olgu see siis m\u00e4rg tee v\u00f5i kuiv asfalt. Rehvi 107W j\u00f5udlust\u00e4his n\u00e4itab selle v\u00f5imet toime tulla ka k\u00f5rgematel kiirustel, pakkudes seel\u00e4bi turvalist ja enesekindlat s\u00f5idukogemust.<\/p>\n<p>XL-klass ja BAB71 standardid lisavad rehvile t\u00e4iendavat vastupidavust ning koormustaluvust, mis on eriti oluline SUV-dele ja suuremates s\u00f5idukitele, kus n\u00f5utakse suuremat t\u00f6\u00f6kindlust ja turvalisust. Hankook Ventus Evo SUV on v\u00e4lja t\u00f6\u00f6tatud, et tagada optimaalsed veorini kontaktid, v\u00e4hendada vees libisemise ohtu ja pakkuda suurep\u00e4rast pidamist nii linna- kui maastikus\u00f5idul. Valides selle rehvi, eelistavad autojuhid kvaliteeti, innovatsiooni ja turvalisust, mida endast n\u00e4itab meie tipptasemel rehvi tehnoloogia.<\/p>","protected":false},"excerpt":{"rendered":"<p>Hankook Ventus Evo SUV 255\/50R19 (K137A) on disainitud spetsiaalselt suvimaastikule ning t\u00e4nap\u00e4eva s\u00f5idukitele, pakkudes t\u00e4iuslikku tasakaalu ohutuse ja j\u00f5udluse vahel. Rehvi m\u00f5\u00f5tmed 255\/50R19 tagavad kindla haarduvuse ning stabiilsuse igas s\u00f5idutingimustes \u2013 olgu see siis m\u00e4rg tee v\u00f5i kuiv asfalt. Rehvi 107W j\u00f5udlust\u00e4his n\u00e4itab selle v\u00f5imet toime tulla ka k\u00f5rgematel kiirustel, pakkudes seel\u00e4bi turvalist ja enesekindlat [&hellip;]<\/p>\n","protected":false},"featured_media":122294,"template":"","meta":{"site-sidebar-layout":"default","site-content-layout":"","ast-site-content-layout":"","site-content-style":"default","site-sidebar-style":"default","ast-global-header-display":"","ast-banner-title-visibility":"","ast-main-header-display":"","ast-hfb-above-header-display":"","ast-hfb-below-header-display":"","ast-hfb-mobile-header-display":"","site-post-title":"","ast-breadcrumbs-content":"","ast-featured-img":"","footer-sml-layout":"","theme-transparent-header-meta":"","adv-header-id-meta":"","stick-header-meta":"","header-above-stick-meta":"","header-main-stick-meta":"","header-below-stick-meta":"","astra-migrate-meta-layouts":"default","ast-page-background-enabled":"default","ast-page-background-meta":{"desktop":{"background-color":"","background-image":"","background-repeat":"repeat","background-position":"center center","background-size":"auto","background-attachment":"scroll","background-type":"","background-media":"","overlay-type":"","overlay-color":"","overlay-opacity":"","overlay-gradient":""},"tablet":{"background-color":"","background-image":"","background-repeat":"repeat","background-position":"center center","background-size":"auto","background-attachment":"scroll","background-type":"","background-media":"","overlay-type":"","overlay-color":"","overlay-opacity":"","overlay-gradient":""},"mobile":{"background-color":"","background-image":"","background-repeat":"repeat","background-position":"center center","background-size":"auto","background-attachment":"scroll","background-type":"","background-media":"","overlay-type":"","overlay-color":"","overlay-opacity":"","overlay-gradient":""}},"ast-content-background-meta":{"desktop":{"background-color":"var(--ast-global-color-5)","background-image":"","background-repeat":"repeat","background-position":"center center","background-size":"auto","background-attachment":"scroll","background-type":"","background-media":"","overlay-type":"","overlay-color":"","overlay-opacity":"","overlay-gradient":""},"tablet":{"background-color":"var(--ast-global-color-5)","background-image":"","background-repeat":"repeat","background-position":"center center","background-size":"auto","background-attachment":"scroll","background-type":"","background-media":"","overlay-type":"","overlay-color":"","overlay-opacity":"","overlay-gradient":""},"mobile":{"background-color":"var(--ast-global-color-5)","background-image":"","background-repeat":"repeat","background-position":"center center","background-size":"auto","background-attachment":"scroll","background-type":"","background-media":"","overlay-type":"","overlay-color":"","overlay-opacity":"","overlay-gradient":""}}},"product_brand":[],"product_cat":[34225],"product_tag":[],"pa_brand_name":[17812],"class_list":{"0":"post-125246","1":"product","2":"type-product","3":"status-publish","4":"has-post-thumbnail","6":"product_cat-summer-tires-pv","7":"pa_brand_name-hankook","8":"desktop-align-left","9":"tablet-align-left","10":"mobile-align-left","12":"first","13":"outofstock","14":"taxable","15":"shipping-taxable","16":"purchasable","17":"product-type-simple"},"_links":{"self":[{"href":"https:\/\/shop.rettum.ee\/en\/wp-json\/wp\/v2\/product\/125246","targetHints":{"allow":["GET"]}}],"collection":[{"href":"https:\/\/shop.rettum.ee\/en\/wp-json\/wp\/v2\/product"}],"about":[{"href":"https:\/\/shop.rettum.ee\/en\/wp-json\/wp\/v2\/types\/product"}],"version-history":[{"count":1,"href":"https:\/\/shop.rettum.ee\/en\/wp-json\/wp\/v2\/product\/125246\/revisions"}],"predecessor-version":[{"id":125256,"href":"https:\/\/shop.rettum.ee\/en\/wp-json\/wp\/v2\/product\/125246\/revisions\/125256"}],"wp:featuredmedia":[{"embeddable":true,"href":"https:\/\/shop.rettum.ee\/en\/wp-json\/wp\/v2\/media\/122294"}],"wp:attachment":[{"href":"https:\/\/shop.rettum.ee\/en\/wp-json\/wp\/v2\/media?parent=125246"}],"wp:term":[{"taxonomy":"product_brand","embeddable":true,"href":"https:\/\/shop.rettum.ee\/en\/wp-json\/wp\/v2\/product_brand?post=125246"},{"taxonomy":"product_cat","embeddable":true,"href":"https:\/\/shop.rettum.ee\/en\/wp-json\/wp\/v2\/product_cat?post=125246"},{"taxonomy":"product_tag","embeddable":true,"href":"https:\/\/shop.rettum.ee\/en\/wp-json\/wp\/v2\/product_tag?post=125246"},{"taxonomy":"pa_brand_name","embeddable":true,"href":"https:\/\/shop.rettum.ee\/en\/wp-json\/wp\/v2\/pa_brand_name?post=125246"}],"curies":[{"name":"wp","href":"https:\/\/api.w.org\/{rel}","templated":true}]}}