{"id":125247,"date":"2025-03-31T19:37:28","date_gmt":"2025-03-31T16:37:28","guid":{"rendered":"https:\/\/shop.rettum.ee\/toode\/285-40r21-hankook-ventus-evo-suv-k137a-109y-xl-rp-bab71\/"},"modified":"2026-03-28T02:50:51","modified_gmt":"2026-03-28T00:50:51","slug":"285-40r21-hankook-ventus-evo-suv-k137a-109y-xl-rp-bab71","status":"publish","type":"product","link":"https:\/\/shop.rettum.ee\/en\/product\/285-40r21-hankook-ventus-evo-suv-k137a-109y-xl-rp-bab71\/","title":{"rendered":"285\/40R21 HANKOOK VENTUS EVO SUV (K137A) 109Y XL RP BAB71"},"content":{"rendered":"<p>Hankook VENTUS EVO SUV (K137A) rehvid m\u00f5\u00f5dus 285\/40R21 on loodud n\u00f5udlikele s\u00f5idukitele, pakkudes tipptasemel turvalisust ja j\u00f5udlust. Rehvi m\u00f5\u00f5t ja konstruktsioon v\u00f5imaldavad suure ratastega s\u00f5idukitel saavutada silmapaistva haarduvuse ja stabiilsuse nii sirgjoonelisel teel kui ka keerukates kurvides. <\/p>\n<p>109Y kiirusindeks tagab usaldusv\u00e4\u00e4rse s\u00f5idu kuni k\u00f5rgemate kiirustega, v\u00f5imaldades nautida kiiret ja kindlat liikumist. Extra &#8220;XL&#8221; koormusindeks toetab suuremat kandev\u00f5imet, mis on oluline eriti raskema s\u00f5iduki korral. Lisaks annab RP tehnoloogia rehvi eriliseks omaduseks, pakkudes kindlat juhitavust ootamatute olukordade korral.<\/p>\n<p>Hankook VENTUS EVO SUV rehvid on valmistatud kaasaegsete tehnoloogiate abil ning vastavad rangetele kvaliteedi- ja ohutusn\u00f5uetele. Need rehvid sobivad ideaalselt muutlikele s\u00f5idutingimustele, olgu need siis kuiv, m\u00e4rg v\u00f5i kerge t\u00e4navakumatus, ning pakuvad sealjuures kasutajale stabiilsust ja usaldusv\u00e4\u00e4rsust igal teekonnal. Investeeri oma s\u00f5iduki ohutusse ja j\u00f5udlusesse selle tipptasemel rehvi abil.<\/p>","protected":false},"excerpt":{"rendered":"<p>Hankook VENTUS EVO SUV (K137A) rehvid m\u00f5\u00f5dus 285\/40R21 on loodud n\u00f5udlikele s\u00f5idukitele, pakkudes tipptasemel turvalisust ja j\u00f5udlust. Rehvi m\u00f5\u00f5t ja konstruktsioon v\u00f5imaldavad suure ratastega s\u00f5idukitel saavutada silmapaistva haarduvuse ja stabiilsuse nii sirgjoonelisel teel kui ka keerukates kurvides. 109Y kiirusindeks tagab usaldusv\u00e4\u00e4rse s\u00f5idu kuni k\u00f5rgemate kiirustega, v\u00f5imaldades nautida kiiret ja kindlat liikumist. Extra &#8220;XL&#8221; koormusindeks toetab [&hellip;]<\/p>\n","protected":false},"featured_media":122294,"template":"","meta":{"site-sidebar-layout":"default","site-content-layout":"","ast-site-content-layout":"","site-content-style":"default","site-sidebar-style":"default","ast-global-header-display":"","ast-banner-title-visibility":"","ast-main-header-display":"","ast-hfb-above-header-display":"","ast-hfb-below-header-display":"","ast-hfb-mobile-header-display":"","site-post-title":"","ast-breadcrumbs-content":"","ast-featured-img":"","footer-sml-layout":"","theme-transparent-header-meta":"","adv-header-id-meta":"","stick-header-meta":"","header-above-stick-meta":"","header-main-stick-meta":"","header-below-stick-meta":"","astra-migrate-meta-layouts":"default","ast-page-background-enabled":"default","ast-page-background-meta":{"desktop":{"background-color":"","background-image":"","background-repeat":"repeat","background-position":"center center","background-size":"auto","background-attachment":"scroll","background-type":"","background-media":"","overlay-type":"","overlay-color":"","overlay-opacity":"","overlay-gradient":""},"tablet":{"background-color":"","background-image":"","background-repeat":"repeat","background-position":"center center","background-size":"auto","background-attachment":"scroll","background-type":"","background-media":"","overlay-type":"","overlay-color":"","overlay-opacity":"","overlay-gradient":""},"mobile":{"background-color":"","background-image":"","background-repeat":"repeat","background-position":"center center","background-size":"auto","background-attachment":"scroll","background-type":"","background-media":"","overlay-type":"","overlay-color":"","overlay-opacity":"","overlay-gradient":""}},"ast-content-background-meta":{"desktop":{"background-color":"var(--ast-global-color-5)","background-image":"","background-repeat":"repeat","background-position":"center center","background-size":"auto","background-attachment":"scroll","background-type":"","background-media":"","overlay-type":"","overlay-color":"","overlay-opacity":"","overlay-gradient":""},"tablet":{"background-color":"var(--ast-global-color-5)","background-image":"","background-repeat":"repeat","background-position":"center center","background-size":"auto","background-attachment":"scroll","background-type":"","background-media":"","overlay-type":"","overlay-color":"","overlay-opacity":"","overlay-gradient":""},"mobile":{"background-color":"var(--ast-global-color-5)","background-image":"","background-repeat":"repeat","background-position":"center center","background-size":"auto","background-attachment":"scroll","background-type":"","background-media":"","overlay-type":"","overlay-color":"","overlay-opacity":"","overlay-gradient":""}}},"product_brand":[],"product_cat":[34225],"product_tag":[],"pa_brand_name":[17812],"class_list":{"0":"post-125247","1":"product","2":"type-product","3":"status-publish","4":"has-post-thumbnail","6":"product_cat-summer-tires-pv","7":"pa_brand_name-hankook","8":"desktop-align-left","9":"tablet-align-left","10":"mobile-align-left","12":"first","13":"instock","14":"taxable","15":"shipping-taxable","16":"purchasable","17":"product-type-simple"},"_links":{"self":[{"href":"https:\/\/shop.rettum.ee\/en\/wp-json\/wp\/v2\/product\/125247","targetHints":{"allow":["GET"]}}],"collection":[{"href":"https:\/\/shop.rettum.ee\/en\/wp-json\/wp\/v2\/product"}],"about":[{"href":"https:\/\/shop.rettum.ee\/en\/wp-json\/wp\/v2\/types\/product"}],"version-history":[{"count":1,"href":"https:\/\/shop.rettum.ee\/en\/wp-json\/wp\/v2\/product\/125247\/revisions"}],"predecessor-version":[{"id":125255,"href":"https:\/\/shop.rettum.ee\/en\/wp-json\/wp\/v2\/product\/125247\/revisions\/125255"}],"wp:featuredmedia":[{"embeddable":true,"href":"https:\/\/shop.rettum.ee\/en\/wp-json\/wp\/v2\/media\/122294"}],"wp:attachment":[{"href":"https:\/\/shop.rettum.ee\/en\/wp-json\/wp\/v2\/media?parent=125247"}],"wp:term":[{"taxonomy":"product_brand","embeddable":true,"href":"https:\/\/shop.rettum.ee\/en\/wp-json\/wp\/v2\/product_brand?post=125247"},{"taxonomy":"product_cat","embeddable":true,"href":"https:\/\/shop.rettum.ee\/en\/wp-json\/wp\/v2\/product_cat?post=125247"},{"taxonomy":"product_tag","embeddable":true,"href":"https:\/\/shop.rettum.ee\/en\/wp-json\/wp\/v2\/product_tag?post=125247"},{"taxonomy":"pa_brand_name","embeddable":true,"href":"https:\/\/shop.rettum.ee\/en\/wp-json\/wp\/v2\/pa_brand_name?post=125247"}],"curies":[{"name":"wp","href":"https:\/\/api.w.org\/{rel}","templated":true}]}}