{"id":125248,"date":"2025-03-31T19:37:29","date_gmt":"2025-03-31T16:37:29","guid":{"rendered":"https:\/\/shop.rettum.ee\/toode\/255-35r19-hankook-ventus-evo-k137-96y-xl-rp-cab71\/"},"modified":"2026-03-25T02:47:18","modified_gmt":"2026-03-25T00:47:18","slug":"255-35r19-hankook-ventus-evo-k137-96y-xl-rp-cab71","status":"publish","type":"product","link":"https:\/\/shop.rettum.ee\/en\/product\/255-35r19-hankook-ventus-evo-k137-96y-xl-rp-cab71\/","title":{"rendered":"255\/35R19 HANKOOK VENTUS EVO (K137) 96Y XL RP CAB71"},"content":{"rendered":"<p>Tutvu Hankook Ventus Evo (K137) rehvidega, mille m\u00f5\u00f5tmed 255\/35R19 annavad r\u00f5hku sportlikule ja j\u00f5ulisele s\u00f5idukogemusele. Rehv on varustatud 96Y reitinguga, mis kinnitab selle v\u00f5imet taluda k\u00f5rgeid kiirusi ning t\u00e4iendava XL koormusv\u00f5ime tagab tugeva vastupidavuse ka n\u00f5udlikes tingimustes. Innovaatiline RP CAB71 run-flat tehnoloogia v\u00f5imaldab s\u00f5itu ka rehvi survet langetavate vigastuste korral, pakkudes kindlustunnet ja ohutust ootamatutes olukordades.<\/p>\n<p>Hankook Ventus Evo on disainitud pakkuma suurep\u00e4rast haarduvust ja t\u00e4pset juhitavust erinevatel teekatsetel, v\u00e4hendades veor\u00f5hku ja suurendades k\u00fctuses\u00e4\u00e4stlikkust. See rehv sobib ideaalselt sportlikele s\u00f5idukitele, mille puhul on oluline nii k\u00f5rge j\u00f5udlus kui ka esteetiline v\u00e4limus. Investeering selle kvaliteetse rehvi ostmisse tagab usaldusv\u00e4\u00e4rse ja turvalise s\u00f5idukogemuse igal teekonnal.<\/p>","protected":false},"excerpt":{"rendered":"<p>Tutvu Hankook Ventus Evo (K137) rehvidega, mille m\u00f5\u00f5tmed 255\/35R19 annavad r\u00f5hku sportlikule ja j\u00f5ulisele s\u00f5idukogemusele. Rehv on varustatud 96Y reitinguga, mis kinnitab selle v\u00f5imet taluda k\u00f5rgeid kiirusi ning t\u00e4iendava XL koormusv\u00f5ime tagab tugeva vastupidavuse ka n\u00f5udlikes tingimustes. Innovaatiline RP CAB71 run-flat tehnoloogia v\u00f5imaldab s\u00f5itu ka rehvi survet langetavate vigastuste korral, pakkudes kindlustunnet ja ohutust ootamatutes [&hellip;]<\/p>\n","protected":false},"featured_media":122297,"template":"","meta":{"site-sidebar-layout":"default","site-content-layout":"","ast-site-content-layout":"","site-content-style":"default","site-sidebar-style":"default","ast-global-header-display":"","ast-banner-title-visibility":"","ast-main-header-display":"","ast-hfb-above-header-display":"","ast-hfb-below-header-display":"","ast-hfb-mobile-header-display":"","site-post-title":"","ast-breadcrumbs-content":"","ast-featured-img":"","footer-sml-layout":"","theme-transparent-header-meta":"","adv-header-id-meta":"","stick-header-meta":"","header-above-stick-meta":"","header-main-stick-meta":"","header-below-stick-meta":"","astra-migrate-meta-layouts":"default","ast-page-background-enabled":"default","ast-page-background-meta":{"desktop":{"background-color":"","background-image":"","background-repeat":"repeat","background-position":"center center","background-size":"auto","background-attachment":"scroll","background-type":"","background-media":"","overlay-type":"","overlay-color":"","overlay-opacity":"","overlay-gradient":""},"tablet":{"background-color":"","background-image":"","background-repeat":"repeat","background-position":"center center","background-size":"auto","background-attachment":"scroll","background-type":"","background-media":"","overlay-type":"","overlay-color":"","overlay-opacity":"","overlay-gradient":""},"mobile":{"background-color":"","background-image":"","background-repeat":"repeat","background-position":"center center","background-size":"auto","background-attachment":"scroll","background-type":"","background-media":"","overlay-type":"","overlay-color":"","overlay-opacity":"","overlay-gradient":""}},"ast-content-background-meta":{"desktop":{"background-color":"var(--ast-global-color-5)","background-image":"","background-repeat":"repeat","background-position":"center center","background-size":"auto","background-attachment":"scroll","background-type":"","background-media":"","overlay-type":"","overlay-color":"","overlay-opacity":"","overlay-gradient":""},"tablet":{"background-color":"var(--ast-global-color-5)","background-image":"","background-repeat":"repeat","background-position":"center center","background-size":"auto","background-attachment":"scroll","background-type":"","background-media":"","overlay-type":"","overlay-color":"","overlay-opacity":"","overlay-gradient":""},"mobile":{"background-color":"var(--ast-global-color-5)","background-image":"","background-repeat":"repeat","background-position":"center center","background-size":"auto","background-attachment":"scroll","background-type":"","background-media":"","overlay-type":"","overlay-color":"","overlay-opacity":"","overlay-gradient":""}}},"product_brand":[],"product_cat":[34225],"product_tag":[],"pa_brand_name":[17812],"class_list":{"0":"post-125248","1":"product","2":"type-product","3":"status-publish","4":"has-post-thumbnail","6":"product_cat-summer-tires-pv","7":"pa_brand_name-hankook","8":"desktop-align-left","9":"tablet-align-left","10":"mobile-align-left","12":"first","13":"instock","14":"taxable","15":"shipping-taxable","16":"purchasable","17":"product-type-simple"},"_links":{"self":[{"href":"https:\/\/shop.rettum.ee\/en\/wp-json\/wp\/v2\/product\/125248","targetHints":{"allow":["GET"]}}],"collection":[{"href":"https:\/\/shop.rettum.ee\/en\/wp-json\/wp\/v2\/product"}],"about":[{"href":"https:\/\/shop.rettum.ee\/en\/wp-json\/wp\/v2\/types\/product"}],"version-history":[{"count":1,"href":"https:\/\/shop.rettum.ee\/en\/wp-json\/wp\/v2\/product\/125248\/revisions"}],"predecessor-version":[{"id":125254,"href":"https:\/\/shop.rettum.ee\/en\/wp-json\/wp\/v2\/product\/125248\/revisions\/125254"}],"wp:featuredmedia":[{"embeddable":true,"href":"https:\/\/shop.rettum.ee\/en\/wp-json\/wp\/v2\/media\/122297"}],"wp:attachment":[{"href":"https:\/\/shop.rettum.ee\/en\/wp-json\/wp\/v2\/media?parent=125248"}],"wp:term":[{"taxonomy":"product_brand","embeddable":true,"href":"https:\/\/shop.rettum.ee\/en\/wp-json\/wp\/v2\/product_brand?post=125248"},{"taxonomy":"product_cat","embeddable":true,"href":"https:\/\/shop.rettum.ee\/en\/wp-json\/wp\/v2\/product_cat?post=125248"},{"taxonomy":"product_tag","embeddable":true,"href":"https:\/\/shop.rettum.ee\/en\/wp-json\/wp\/v2\/product_tag?post=125248"},{"taxonomy":"pa_brand_name","embeddable":true,"href":"https:\/\/shop.rettum.ee\/en\/wp-json\/wp\/v2\/pa_brand_name?post=125248"}],"curies":[{"name":"wp","href":"https:\/\/api.w.org\/{rel}","templated":true}]}}