{"id":125249,"date":"2025-03-31T19:37:30","date_gmt":"2025-03-31T16:37:30","guid":{"rendered":"https:\/\/shop.rettum.ee\/toode\/255-50r20-goodyear-eagle-f1-asymmetric-6-109y-xl-bab71\/"},"modified":"2025-12-24T02:46:15","modified_gmt":"2025-12-24T00:46:15","slug":"255-50r20-goodyear-eagle-f1-asymmetric-6-109y-xl-bab71","status":"publish","type":"product","link":"https:\/\/shop.rettum.ee\/en\/product\/255-50r20-goodyear-eagle-f1-asymmetric-6-109y-xl-bab71\/","title":{"rendered":"255\/50R20 GOODYEAR EAGLE F1 ASYMMETRIC 6 109Y XL BAB71"},"content":{"rendered":"<p>Goodyear Eagle F1 Asymmetric 6 255\/50R20 on rehvivalik, mis on loodud pakkuma maksimaalset s\u00f5idu kindlust ja j\u00f5udlust. Rehvi 255 mm laius ja 50% k\u00fclgseina proportsioon tagavad suure kontaktpinna, mis omakorda suurendab haarduvust ja stabiilsust nii kuival kui niiskel teel. 20-tolline velgedele m\u00f5eldud disain sobib ideaalselt sportlike ja j\u00f5udlusrikaste s\u00f5idukite vajadustele, pakkudes t\u00e4pset ja kindlat juhitavust ka k\u00f5rgetel kiirustel.<\/p>\n<p>Rehv kantud koormuse 109Y ja XL m\u00e4rgised viitavad selle suurele vastupidavusele ja v\u00f5imele kanda raskemaid koormaid, s\u00e4ilitades samal ajal optimaalse s\u00f5iduomaduse. As\u00fcmmeetriline mustratsioon v\u00f5imaldab \u00fchtlast veejagunemist ja v\u00e4hendab pidurdusteekonda, mis omakorda aitab kaasa ohutule s\u00f5idukogemusele igas olukorras.<\/p>\n<p>Goodyeari insenerit\u00f6\u00f6 ja tipptasemel tehnoloogiad on n\u00e4htavad igas detailis, pakkudes usaldusv\u00e4\u00e4rset ja t\u00e4pset vastust nii kurvides kui sirgete teeolude puhul. See rehv on ideaalne valik neile, kes otsivad muljetavaldavat j\u00f5udlust ja s\u00f5idu kindlustust t\u00e4nap\u00e4eva n\u00f5udlikes s\u00f5idutingimustes.<\/p>","protected":false},"excerpt":{"rendered":"<p>Goodyear Eagle F1 Asymmetric 6 255\/50R20 on rehvivalik, mis on loodud pakkuma maksimaalset s\u00f5idu kindlust ja j\u00f5udlust. Rehvi 255 mm laius ja 50% k\u00fclgseina proportsioon tagavad suure kontaktpinna, mis omakorda suurendab haarduvust ja stabiilsust nii kuival kui niiskel teel. 20-tolline velgedele m\u00f5eldud disain sobib ideaalselt sportlike ja j\u00f5udlusrikaste s\u00f5idukite vajadustele, pakkudes t\u00e4pset ja kindlat juhitavust [&hellip;]<\/p>\n","protected":false},"featured_media":122075,"template":"","meta":{"site-sidebar-layout":"default","site-content-layout":"","ast-site-content-layout":"","site-content-style":"default","site-sidebar-style":"default","ast-global-header-display":"","ast-banner-title-visibility":"","ast-main-header-display":"","ast-hfb-above-header-display":"","ast-hfb-below-header-display":"","ast-hfb-mobile-header-display":"","site-post-title":"","ast-breadcrumbs-content":"","ast-featured-img":"","footer-sml-layout":"","theme-transparent-header-meta":"","adv-header-id-meta":"","stick-header-meta":"","header-above-stick-meta":"","header-main-stick-meta":"","header-below-stick-meta":"","astra-migrate-meta-layouts":"default","ast-page-background-enabled":"default","ast-page-background-meta":{"desktop":{"background-color":"","background-image":"","background-repeat":"repeat","background-position":"center center","background-size":"auto","background-attachment":"scroll","background-type":"","background-media":"","overlay-type":"","overlay-color":"","overlay-opacity":"","overlay-gradient":""},"tablet":{"background-color":"","background-image":"","background-repeat":"repeat","background-position":"center center","background-size":"auto","background-attachment":"scroll","background-type":"","background-media":"","overlay-type":"","overlay-color":"","overlay-opacity":"","overlay-gradient":""},"mobile":{"background-color":"","background-image":"","background-repeat":"repeat","background-position":"center center","background-size":"auto","background-attachment":"scroll","background-type":"","background-media":"","overlay-type":"","overlay-color":"","overlay-opacity":"","overlay-gradient":""}},"ast-content-background-meta":{"desktop":{"background-color":"var(--ast-global-color-5)","background-image":"","background-repeat":"repeat","background-position":"center center","background-size":"auto","background-attachment":"scroll","background-type":"","background-media":"","overlay-type":"","overlay-color":"","overlay-opacity":"","overlay-gradient":""},"tablet":{"background-color":"var(--ast-global-color-5)","background-image":"","background-repeat":"repeat","background-position":"center center","background-size":"auto","background-attachment":"scroll","background-type":"","background-media":"","overlay-type":"","overlay-color":"","overlay-opacity":"","overlay-gradient":""},"mobile":{"background-color":"var(--ast-global-color-5)","background-image":"","background-repeat":"repeat","background-position":"center center","background-size":"auto","background-attachment":"scroll","background-type":"","background-media":"","overlay-type":"","overlay-color":"","overlay-opacity":"","overlay-gradient":""}}},"product_brand":[],"product_cat":[34225],"product_tag":[],"pa_brand_name":[17979],"class_list":{"0":"post-125249","1":"product","2":"type-product","3":"status-publish","4":"has-post-thumbnail","6":"product_cat-summer-tires-pv","7":"pa_brand_name-goodyear","8":"desktop-align-left","9":"tablet-align-left","10":"mobile-align-left","12":"first","13":"outofstock","14":"taxable","15":"shipping-taxable","16":"purchasable","17":"product-type-simple"},"_links":{"self":[{"href":"https:\/\/shop.rettum.ee\/en\/wp-json\/wp\/v2\/product\/125249","targetHints":{"allow":["GET"]}}],"collection":[{"href":"https:\/\/shop.rettum.ee\/en\/wp-json\/wp\/v2\/product"}],"about":[{"href":"https:\/\/shop.rettum.ee\/en\/wp-json\/wp\/v2\/types\/product"}],"version-history":[{"count":1,"href":"https:\/\/shop.rettum.ee\/en\/wp-json\/wp\/v2\/product\/125249\/revisions"}],"predecessor-version":[{"id":125253,"href":"https:\/\/shop.rettum.ee\/en\/wp-json\/wp\/v2\/product\/125249\/revisions\/125253"}],"wp:featuredmedia":[{"embeddable":true,"href":"https:\/\/shop.rettum.ee\/en\/wp-json\/wp\/v2\/media\/122075"}],"wp:attachment":[{"href":"https:\/\/shop.rettum.ee\/en\/wp-json\/wp\/v2\/media?parent=125249"}],"wp:term":[{"taxonomy":"product_brand","embeddable":true,"href":"https:\/\/shop.rettum.ee\/en\/wp-json\/wp\/v2\/product_brand?post=125249"},{"taxonomy":"product_cat","embeddable":true,"href":"https:\/\/shop.rettum.ee\/en\/wp-json\/wp\/v2\/product_cat?post=125249"},{"taxonomy":"product_tag","embeddable":true,"href":"https:\/\/shop.rettum.ee\/en\/wp-json\/wp\/v2\/product_tag?post=125249"},{"taxonomy":"pa_brand_name","embeddable":true,"href":"https:\/\/shop.rettum.ee\/en\/wp-json\/wp\/v2\/pa_brand_name?post=125249"}],"curies":[{"name":"wp","href":"https:\/\/api.w.org\/{rel}","templated":true}]}}